{"id":697,"date":"2024-07-09T15:34:39","date_gmt":"2024-07-09T12:34:39","guid":{"rendered":"https:\/\/tunturisuunnistus.fi\/2024\/?page_id=697"},"modified":"2024-07-25T14:09:20","modified_gmt":"2024-07-25T11:09:20","slug":"matkat","status":"publish","type":"page","link":"https:\/\/tunturisuunnistus.fi\/2024\/matkat\/","title":{"rendered":"Sarjat ja matkat"},"content":{"rendered":"\n<figure class=\"wp-block-table\"><table><tbody><tr><td>Sarja_p\u00e4iv\u00e4<\/td><td>Matka<\/td><td>Rastien lukum\u00e4\u00e4r\u00e4<\/td><td>Hajonta (jos on)<\/td><td>Kartan mittakaava<\/td><\/tr><tr><td>H21_1. p\u00e4iv\u00e4<\/td><td>16,4<\/td><td>29<\/td><td>lenkkihajonta<\/td><td>15000<\/td><\/tr><tr><td>H21_2. p\u00e4iv\u00e4<\/td><td>14,8<\/td><td>14<\/td><td><\/td><td>15000<\/td><\/tr><tr><td>D21_1. p\u00e4iv\u00e4<\/td><td>13,9<\/td><td>25<\/td><td>lenkkihajonta<\/td><td>15000<\/td><\/tr><tr><td>D21_2. p\u00e4iv\u00e4<\/td><td>13,9<\/td><td>12<\/td><td><\/td><td>15000<\/td><\/tr><tr><td>H18_1. p\u00e4iv\u00e4<\/td><td>14,5<\/td><td>26<\/td><td>lenkkihajonta<\/td><td>15000<\/td><\/tr><tr><td>H18_2. p\u00e4iv\u00e4<\/td><td>13,8<\/td><td>13<\/td><td><\/td><td>15000<\/td><\/tr><tr><td>D18_1. p\u00e4iv\u00e4<\/td><td>10,4<\/td><td>24<\/td><td>lenkkihajonta<\/td><td>15000<\/td><\/tr><tr><td>D18_2. p\u00e4iv\u00e4<\/td><td>9<\/td><td>8<\/td><td><\/td><td>15000<\/td><\/tr><tr><td>H16_1. p\u00e4iv\u00e4<\/td><td>10,4<\/td><td>24<\/td><td>lenkkihajonta<\/td><td>15000<\/td><\/tr><tr><td>H16_2. p\u00e4iv\u00e4<\/td><td>9<\/td><td>8<\/td><td><\/td><td>15000<\/td><\/tr><tr><td>D16_1. P\u00e4iv\u00e4<\/td><td>9<\/td><td>22<\/td><td>lenkkihajonta<\/td><td>15000<\/td><\/tr><tr><td>D16_2. P\u00e4iv\u00e4<\/td><td>8,7<\/td><td>7<\/td><td><\/td><td>15000<\/td><\/tr><tr><td>H14_1. p\u00e4iv\u00e4<\/td><td>4,7<\/td><td>15<\/td><td>timanttihajonta<\/td><td>10000<\/td><\/tr><tr><td>H14_2. p\u00e4iv\u00e4<\/td><td>5,6<\/td><td>8<\/td><td><\/td><td>10000<\/td><\/tr><tr><td>D14_1. p\u00e4iv\u00e4<\/td><td>4,7<\/td><td>15<\/td><td>timanttihajonta<\/td><td>10000<\/td><\/tr><tr><td>D14_2. p\u00e4iv\u00e4<\/td><td>5,6<\/td><td>8<\/td><td><\/td><td>10000<\/td><\/tr><tr><td>H12_1. p\u00e4iv\u00e4<\/td><td>2,2<\/td><td>7<\/td><td><\/td><td>10000<\/td><\/tr><tr><td>H12_2. p\u00e4iv\u00e4<\/td><td>2,5<\/td><td>7<\/td><td><\/td><td>10000<\/td><\/tr><tr><td>D12_1. p\u00e4iv\u00e4<\/td><td>2,2<\/td><td>7<\/td><td><\/td><td>10000<\/td><\/tr><tr><td>D12_2. p\u00e4iv\u00e4<\/td><td>2,5<\/td><td>7<\/td><td><\/td><td>10000<\/td><\/tr><tr><td>HA_1. p\u00e4iv\u00e4<\/td><td>14,4<\/td><td>12<\/td><td><\/td><td>15000<\/td><\/tr><tr><td>HA_2. p\u00e4iv\u00e4<\/td><td>13,8<\/td><td>13<\/td><td><\/td><td>15000<\/td><\/tr><tr><td>DA_1. p\u00e4iv\u00e4<\/td><td>11<\/td><td>11<\/td><td><\/td><td>15000<\/td><\/tr><tr><td>DA_2. p\u00e4iv\u00e4<\/td><td>12,4<\/td><td>8<\/td><td><\/td><td>15000<\/td><\/tr><tr><td>HB_1. p\u00e4iv\u00e4<\/td><td>10,6<\/td><td>11<\/td><td><\/td><td>15000<\/td><\/tr><tr><td>HB_2. p\u00e4iv\u00e4<\/td><td>9<\/td><td>8<\/td><td><\/td><td>15000<\/td><\/tr><tr><td>DB_1. p\u00e4iv\u00e4<\/td><td>9,8<\/td><td>9<\/td><td><\/td><td>15000<\/td><\/tr><tr><td>DB_2. p\u00e4iv\u00e4<\/td><td>8,7<\/td><td>7<\/td><td><\/td><td>15000<\/td><\/tr><tr><td>HC_1. p\u00e4iv\u00e4<\/td><td>7,3<\/td><td>10<\/td><td><\/td><td>10000<\/td><\/tr><tr><td>HC_2. p\u00e4iv\u00e4<\/td><td>8<\/td><td>8<\/td><td><\/td><td>10000<\/td><\/tr><tr><td>DC_1. p\u00e4iv\u00e4<\/td><td>7,3<\/td><td>10<\/td><td><\/td><td>10000<\/td><\/tr><tr><td>DC_2. p\u00e4iv\u00e4<\/td><td>8<\/td><td>8<\/td><td><\/td><td>10000<\/td><\/tr><tr><td>A-helppo_1. p\u00e4iv\u00e4<\/td><td>10,5<\/td><td>8<\/td><td><\/td><td>15000<\/td><\/tr><tr><td>A-helppo_2. p\u00e4iv\u00e4<\/td><td>10,2<\/td><td>9<\/td><td><\/td><td>15000<\/td><\/tr><tr><td>C-helppo_1. p\u00e4iv\u00e4<\/td><td>6<\/td><td>11<\/td><td><\/td><td>10000<\/td><\/tr><tr><td>C-helppo_2. p\u00e4iv\u00e4<\/td><td>5,6<\/td><td>8<\/td><td><\/td><td>10000<\/td><\/tr><tr><td>HA-pari_1. p\u00e4iv\u00e4<\/td><td>14,4<\/td><td>12<\/td><td><\/td><td>15000<\/td><\/tr><tr><td>HA-pari_2. p\u00e4iv\u00e4<\/td><td>13,8<\/td><td>13<\/td><td><\/td><td>15000<\/td><\/tr><tr><td>DA-pari_1. p\u00e4iv\u00e4<\/td><td>11<\/td><td>11<\/td><td><\/td><td>15000<\/td><\/tr><tr><td>DA-pari_2. p\u00e4iv\u00e4<\/td><td>12,4<\/td><td>8<\/td><td><\/td><td>15000<\/td><\/tr><tr><td>HB-pari_1. p\u00e4iv\u00e4<\/td><td>10,6<\/td><td>11<\/td><td><\/td><td>15000<\/td><\/tr><tr><td>HB-pari_2. p\u00e4iv\u00e4<\/td><td>9<\/td><td>8<\/td><td><\/td><td>15000<\/td><\/tr><tr><td>DB-pari_1. p\u00e4iv\u00e4<\/td><td>9,8<\/td><td>9<\/td><td><\/td><td>15000<\/td><\/tr><tr><td>DB-pari_2. p\u00e4iv\u00e4<\/td><td>8,7<\/td><td>7<\/td><td><\/td><td>15000<\/td><\/tr><tr><td>HDA_1. p\u00e4iv\u00e4<\/td><td>11<\/td><td>11<\/td><td><\/td><td>15000<\/td><\/tr><tr><td>HDA_2. p\u00e4iv\u00e4<\/td><td>12,4<\/td><td>8<\/td><td><\/td><td>15000<\/td><\/tr><tr><td>HDB. p\u00e4iv\u00e4<\/td><td>9,8<\/td><td>9<\/td><td><\/td><td>15000<\/td><\/tr><tr><td>HDB_2. p\u00e4iv\u00e4<\/td><td>8,7<\/td><td>7<\/td><td><\/td><td>15000<\/td><\/tr><tr><td>H80_1. p\u00e4iv\u00e4<\/td><td>14,4<\/td><td>12<\/td><td><\/td><td>15000<\/td><\/tr><tr><td>H80_2. p\u00e4iv\u00e4<\/td><td>13,8<\/td><td>13<\/td><td><\/td><td>15000<\/td><\/tr><tr><td>D80_1. p\u00e4iv\u00e4<\/td><td>11<\/td><td>11<\/td><td><\/td><td>15000<\/td><\/tr><tr><td>D80_2. p\u00e4iv\u00e4<\/td><td>12,4<\/td><td>8<\/td><td><\/td><td>15000<\/td><\/tr><tr><td>H95_1. p\u00e4iv\u00e4<\/td><td>11<\/td><td>11<\/td><td><\/td><td>15000<\/td><\/tr><tr><td>H95_2. p\u00e4iv\u00e4<\/td><td>12,4<\/td><td>8<\/td><td><\/td><td>15000<\/td><\/tr><tr><td>D95_1. p\u00e4iv\u00e4<\/td><td>10,6<\/td><td>11<\/td><td><\/td><td>15000<\/td><\/tr><tr><td>D95_2. p\u00e4iv\u00e4<\/td><td>9<\/td><td>8<\/td><td><\/td><td>15000<\/td><\/tr><tr><td>H110_1. p\u00e4iv\u00e4<\/td><td>10,6<\/td><td>11<\/td><td><\/td><td>15000<\/td><\/tr><tr><td>H110_2. p\u00e4iv\u00e4<\/td><td>9<\/td><td>8<\/td><td><\/td><td>15000<\/td><\/tr><tr><td>D110_1. p\u00e4iv\u00e4<\/td><td>9,8<\/td><td>9<\/td><td><\/td><td>15000<\/td><\/tr><tr><td>D110_2. p\u00e4iv\u00e4<\/td><td>8,7<\/td><td>7<\/td><td><\/td><td>15000<\/td><\/tr><tr><td>H125_1. p\u00e4iv\u00e4<\/td><td>9,8<\/td><td>9<\/td><td><\/td><td>15000<\/td><\/tr><tr><td>H125_2. p\u00e4iv\u00e4<\/td><td>8,7<\/td><td>7<\/td><td><\/td><td>15000<\/td><\/tr><tr><td>D125_1. p\u00e4iv\u00e4<\/td><td>7,3<\/td><td>10<\/td><td><\/td><td>10000<\/td><\/tr><tr><td>D125_2. p\u00e4iv\u00e4<\/td><td>8<\/td><td>8<\/td><td><\/td><td>10000<\/td><\/tr><tr><td>H140_1. p\u00e4iv\u00e4<\/td><td>7,3<\/td><td>10<\/td><td><\/td><td>10000<\/td><\/tr><tr><td>H140_2. p\u00e4iv\u00e4<\/td><td>8<\/td><td>8<\/td><td><\/td><td>10000<\/td><\/tr><tr><td>HD80_1. p\u00e4iv\u00e4<\/td><td>11<\/td><td>11<\/td><td><\/td><td>15000<\/td><\/tr><tr><td>HD80_2. p\u00e4iv\u00e4<\/td><td>12,4<\/td><td>8<\/td><td><\/td><td>15000<\/td><\/tr><tr><td>HD95_1. p\u00e4iv\u00e4<\/td><td>10,6<\/td><td>11<\/td><td><\/td><td>15000<\/td><\/tr><tr><td>HD95_2. p\u00e4iv\u00e4<\/td><td>9<\/td><td>8<\/td><td><\/td><td>15000<\/td><\/tr><tr><td>HD110_1. p\u00e4iv\u00e4<\/td><td>9,8<\/td><td>9<\/td><td><\/td><td>15000<\/td><\/tr><tr><td>HD110_2. p\u00e4iv\u00e4<\/td><td>8,7<\/td><td>7<\/td><td><\/td><td>15000<\/td><\/tr><tr><td>HD125_1. p\u00e4iv\u00e4<\/td><td>7,3<\/td><td>10<\/td><td><\/td><td>10000<\/td><\/tr><tr><td>HD125_2. p\u00e4iv\u00e4<\/td><td>8<\/td><td>8<\/td><td><\/td><td>10000<\/td><\/tr><\/tbody><\/table><\/figure>\n","protected":false},"excerpt":{"rendered":"<p>Sarja_p\u00e4iv\u00e4 Matka Rastien lukum\u00e4\u00e4r\u00e4 Hajonta (jos on) Kartan mittakaava H21_1. p\u00e4iv\u00e4 16,4 29 lenkkihajonta 15000 H21_2. p\u00e4iv\u00e4 14,8 14 15000 D21_1. p\u00e4iv\u00e4 13,9 25 lenkkihajonta 15000 D21_2. p\u00e4iv\u00e4 13,9 12 15000 H18_1. p\u00e4iv\u00e4 14,5 26 lenkkihajonta 15000 H18_2. p\u00e4iv\u00e4 13,8 13 15000 D18_1. p\u00e4iv\u00e4 10,4 24 lenkkihajonta 15000 D18_2. p\u00e4iv\u00e4 9 8 15000 H16_1. p\u00e4iv\u00e4 [&hellip;]<\/p>\n","protected":false},"author":20,"featured_media":0,"parent":0,"menu_order":0,"comment_status":"closed","ping_status":"closed","template":"","meta":{"footnotes":"","_links_to":"","_links_to_target":""},"_links":{"self":[{"href":"https:\/\/tunturisuunnistus.fi\/2024\/wp-json\/wp\/v2\/pages\/697"}],"collection":[{"href":"https:\/\/tunturisuunnistus.fi\/2024\/wp-json\/wp\/v2\/pages"}],"about":[{"href":"https:\/\/tunturisuunnistus.fi\/2024\/wp-json\/wp\/v2\/types\/page"}],"author":[{"embeddable":true,"href":"https:\/\/tunturisuunnistus.fi\/2024\/wp-json\/wp\/v2\/users\/20"}],"replies":[{"embeddable":true,"href":"https:\/\/tunturisuunnistus.fi\/2024\/wp-json\/wp\/v2\/comments?post=697"}],"version-history":[{"count":2,"href":"https:\/\/tunturisuunnistus.fi\/2024\/wp-json\/wp\/v2\/pages\/697\/revisions"}],"predecessor-version":[{"id":708,"href":"https:\/\/tunturisuunnistus.fi\/2024\/wp-json\/wp\/v2\/pages\/697\/revisions\/708"}],"wp:attachment":[{"href":"https:\/\/tunturisuunnistus.fi\/2024\/wp-json\/wp\/v2\/media?parent=697"}],"curies":[{"name":"wp","href":"https:\/\/api.w.org\/{rel}","templated":true}]}}