{"id":676,"date":"2024-06-10T14:32:15","date_gmt":"2024-06-10T11:32:15","guid":{"rendered":"https:\/\/tunturisuunnistus.fi\/2024\/?page_id=676"},"modified":"2024-07-25T13:49:12","modified_gmt":"2024-07-25T10:49:12","slug":"kilpailukutsu","status":"publish","type":"page","link":"https:\/\/tunturisuunnistus.fi\/2024\/kilpailukutsu\/","title":{"rendered":"Kilpailukutsu"},"content":{"rendered":"\n<h2 class=\"wp-block-heading\"><strong>Alustava kilpailukutsu<\/strong><\/h2>\n\n\n\n<h2 class=\"wp-block-heading\"><strong>Suomen Tunturisuunnistus N\u00e4kk\u00e4l\u00e4ss\u00e4 27.-28.7.2024<\/strong><\/h2>\n\n\n\n<p><strong>Sarjat<\/strong><\/p>\n\n\n\n<p><strong>Henkil\u00f6kohtaiset kilpasarjat (osallistumiseen vaaditaan lisenssi): <\/strong>H\/D21A, H\/D18, H\/D16, H\/D14, H\/D12 (eritt\u00e4in helppo)<\/p>\n\n\n\n<p><strong>Ik\u00e4parisarjat (minimiyhteisik\u00e4): <\/strong>H\/D80, H\/D95, H\/D110, H\/D125, H140, HD80, HD95, HD110, HD125<\/p>\n\n\n\n<p><strong>Avoimet henkil\u00f6kohtaiset sarjat: <\/strong>H\/DA, H\/DB, H\/DC, A-helppo, C-helppo<\/p>\n\n\n\n<p><strong>Avoimet parisarjat: <\/strong>H\/DA, H\/DB, HDA, HDB<\/p>\n\n\n\n<p><strong>Matkat<br><\/strong>Pitk\u00e4t matkat. Matkat A-sarjoissa noin 15km, B-sarjoissa noin 10km, C-sarjoissa noin 8km ja ik\u00e4sarjoissa suhteutettuna yleisen sarjan (14-16km) matkoihin.<\/p>\n\n\n\n<p><strong>Osallistumismaksut<br><\/strong>Parisarjat 40\u20ac\/pari\/p\u00e4iv\u00e4, henkil\u00f6kohtaiset sarjat 20\u20ac\/p\u00e4iv\u00e4, alle 16-vuotiaiden sarjat 15\u20ac\/p\u00e4iv\u00e4.<\/p>\n\n\n\n<p>J\u00e4lki-ilmoittautuminen kaksinkertaisin osanottomaksuin.<\/p>\n\n\n\n<p><strong>Ilmoittautuminen<br><\/strong>Ensisijaisesti IRMA-j\u00e4rjestelm\u00e4n kautta to 20.7. klo 24.00 menness\u00e4. My\u00f6s osanottajien joilla ei ole lisenssi\u00e4 tulee ilmoittautua IRMA-j\u00e4rjestelm\u00e4ss\u00e4, rekister\u00f6ityminen on mahdollista my\u00f6s ilman lisenssi\u00e4.<\/p>\n\n\n\n<p>Irman kalenterissa henkil\u00f6kohtaisilla sarjoilla ja parisarjoilla on eri kilpailusivustot.<\/p>\n\n\n\n<p><strong>J\u00e4lki-ilmoittautuminen<br><\/strong>Tiistaihin 23.7. klo 24.00 menness\u00e4 Irman kautta. Mahdolliset Emit-numeromuutokset s\u00e4hk\u00f6postilla osoitteeseen XXXXXXX<\/p>\n\n\n\n<p><strong>L\u00e4hd\u00f6t<\/strong><br>La 27.7 henkil\u00f6kohtaisten kilpasarjojen yhteisl\u00e4ht\u00f6 klo 11:40, ik\u00e4parisarjojen klo 11:50. Avoimien sarjojen l\u00e4hd\u00f6t joko yhteisl\u00e4ht\u00f6jen mukana (yksil\u00f6t henkil\u00f6kohtaisten sarjojen mukana klo 11:40 ja parit parisarjojen mukana klo 11:50) tai omavalintaisesti klo 12:00-13:00.<br>Su 28.7. henkil\u00f6kohtaisten kilpasarjojen takaa-ajol\u00e4ht\u00f6 klo 11:00 -11:20, kilpasarjojen yhteisl\u00e4ht\u00f6 ensimm\u00e4isen\u00e4 p\u00e4iv\u00e4n\u00e4 yli 20min voittajalle j\u00e4\u00e4neille klo 11.20. Ik\u00e4parisarjojen takaa-ajol\u00e4ht\u00f6 klo 11:30-12:00, yhteisl\u00e4ht\u00f6 klo 12:00 yli 30min ensimm\u00e4isen\u00e4 p\u00e4iv\u00e4n\u00e4 yli 30min voittajalle j\u00e4\u00e4neille. Avoimien sarjojen l\u00e4hd\u00f6t joko yhteisl\u00e4ht\u00f6jen mukana (yksil\u00f6t henkil\u00f6kohtaisten sarjojen mukana klo 11:20 ja parit parisarjojen mukana klo 12:00) tai omavalintaisesti joko klo 10:00-10:40 tai 12:00-13:00.<\/p>\n\n\n\n<p>L\u00e4ht\u00f6paikat sijaitsevat n. 500m p\u00e4\u00e4ss\u00e4 kilpailukeskuksessa.<\/p>\n\n\n\n<p><strong>Leimaus<br><\/strong>Emit-leimaus. Ilmoittautumisen yhteydess\u00e4 ilmoitettava kilpailijoiden Emit-numerot. Ilmoittamatta j\u00e4tt\u00e4neille varataan vuokrakortti, jonka saa infosta k\u00e4teisell\u00e4 hintaan 5 \u20ac\/p\u00e4iv\u00e4, palauttamattomasta Emit-kortista perit\u00e4\u00e4n 100\u20ac maksu. Parisarjoissa riitt\u00e4\u00e4 yksi emit-kortti paria kohti.<\/p>\n\n\n\n<p><strong>Kilpailukeskus<br><\/strong>Osoitteessa N\u00e4kk\u00e4l\u00e4ntie 1314, er\u00e4maaolosuhteissa hyvin niukoilla palveluilla. Pys\u00e4k\u00f6inti tien varressa, suosikaa kimppakyytej\u00e4.<\/p>\n\n\n\n<p><strong>Kartta<br><\/strong>Suunnistuskartta, mittakaava matkasta riippuen 1:15 000 tai 1:10 000, k\u00e4yr\u00e4v\u00e4li 5 m. Kartoitus 9\/2023-7\/2024. Tulostekartta.<\/p>\n\n\n\n<p><strong>Maasto<\/strong><\/p>\n\n\n\n<p>P\u00f6yrisj\u00e4rven er\u00e4maa-alueelle tyypillist\u00e4 helppokulkuista harju-suppamaastoa sek\u00e4 avotunturia.<\/p>\n\n\n\n<p><strong>Palkinnot<br><\/strong>Jonkinn\u00e4k\u00f6iset palkinnot jaetaan yhteistulosten perusteella sarjojen voittajille, nuorten sarjoissa kaikki palkitaan.<\/p>\n\n\n\n<p><strong>Toimihenkil\u00f6t<\/strong><\/p>\n\n\n\n<p>Kilpailunjohtaja Olli-Markus Taivainen (<a href=\"mailto:oma@routamap.fi\">oma@routamap.fi<\/a>)<\/p>\n\n\n\n<p>Tervetuloa nauttimaan suunnistuksesta P\u00f6yrisj\u00e4rven er\u00e4maassa!<\/p>\n","protected":false},"excerpt":{"rendered":"<p>Alustava kilpailukutsu Suomen Tunturisuunnistus N\u00e4kk\u00e4l\u00e4ss\u00e4 27.-28.7.2024 Sarjat Henkil\u00f6kohtaiset kilpasarjat (osallistumiseen vaaditaan lisenssi): H\/D21A, H\/D18, H\/D16, H\/D14, H\/D12 (eritt\u00e4in helppo) Ik\u00e4parisarjat (minimiyhteisik\u00e4): H\/D80, H\/D95, H\/D110, H\/D125, H140, HD80, HD95, HD110, HD125 Avoimet henkil\u00f6kohtaiset sarjat: H\/DA, H\/DB, H\/DC, A-helppo, C-helppo Avoimet parisarjat: H\/DA, H\/DB, HDA, HDB MatkatPitk\u00e4t matkat. Matkat A-sarjoissa noin 15km, B-sarjoissa noin 10km, C-sarjoissa noin [&hellip;]<\/p>\n","protected":false},"author":20,"featured_media":0,"parent":0,"menu_order":0,"comment_status":"closed","ping_status":"closed","template":"","meta":{"footnotes":"","_links_to":"","_links_to_target":""},"_links":{"self":[{"href":"https:\/\/tunturisuunnistus.fi\/2024\/wp-json\/wp\/v2\/pages\/676"}],"collection":[{"href":"https:\/\/tunturisuunnistus.fi\/2024\/wp-json\/wp\/v2\/pages"}],"about":[{"href":"https:\/\/tunturisuunnistus.fi\/2024\/wp-json\/wp\/v2\/types\/page"}],"author":[{"embeddable":true,"href":"https:\/\/tunturisuunnistus.fi\/2024\/wp-json\/wp\/v2\/users\/20"}],"replies":[{"embeddable":true,"href":"https:\/\/tunturisuunnistus.fi\/2024\/wp-json\/wp\/v2\/comments?post=676"}],"version-history":[{"count":10,"href":"https:\/\/tunturisuunnistus.fi\/2024\/wp-json\/wp\/v2\/pages\/676\/revisions"}],"predecessor-version":[{"id":707,"href":"https:\/\/tunturisuunnistus.fi\/2024\/wp-json\/wp\/v2\/pages\/676\/revisions\/707"}],"wp:attachment":[{"href":"https:\/\/tunturisuunnistus.fi\/2024\/wp-json\/wp\/v2\/media?parent=676"}],"curies":[{"name":"wp","href":"https:\/\/api.w.org\/{rel}","templated":true}]}}