{"id":592,"date":"2023-08-02T17:52:26","date_gmt":"2023-08-02T14:52:26","guid":{"rendered":"https:\/\/tunturisuunnistus.fi\/2023\/?page_id=592"},"modified":"2023-08-04T16:26:16","modified_gmt":"2023-08-04T13:26:16","slug":"kilpailuohjeet","status":"publish","type":"page","link":"https:\/\/tunturisuunnistus.fi\/2023\/kilpailuohjeet\/","title":{"rendered":"Kilpailuohjeet"},"content":{"rendered":"\n<p class=\"has-medium-font-size\"><strong>39. Suomen Tunturisuunnistus 5.-6.8.2023 Kiilop\u00e4\u00e4ll\u00e4<\/strong><\/p>\n\n\n\n<p><strong>&nbsp;Kilpailuohjeet<\/strong><\/p>\n\n\n\n<p>1. Kilpailus\u00e4\u00e4nn\u00f6t<\/p>\n\n\n\n<p>Kilpailussa noudatetaan soveltuvin osin Suomen Suunnistusliiton s\u00e4\u00e4nt\u00f6j\u00e4 ja j\u00e4rjest\u00e4jien antamia ohjeita.<\/p>\n\n\n\n<p>2. Kilpailuorganisaatio<\/p>\n\n\n\n<p>Vastuuhl\u00f6t Kilpailunjohtaja Pertti Itkonen 0400 193647<\/p>\n\n\n\n<p>P\u00e4\u00e4ratamestari Mikko Tilja 040 7434574<\/p>\n\n\n\n<p>Tiedottaja Pentti Poikela 040 5191521<\/p>\n\n\n\n<p>Kilpailutoimisto Tuija Maijala 040 5964970<\/p>\n\n\n\n<p>Liikenne ja paikoitus Markus Ronkainen 0400 450037<\/p>\n\n\n\n<p>L\u00e4ht\u00f6 Antti Tepsa 0400 194271<\/p>\n\n\n\n<p>Tulospalvelu ja maali Juha Kultima, ostopalvelu 0400 583711<\/p>\n\n\n\n<p>Kilpailuvalvoja, TA Arto Vilppola 040 8684980<\/p>\n\n\n\n<p>Ensiapu Seija Maijala 040 8159430<\/p>\n\n\n\n<p>Tuomarineuvoston pj Seppo Keltam\u00e4ki 0400 725467<\/p>\n\n\n\n<p>Tuomarineuvostoon kuuluu puheenjohtaja Seppo Keltam\u00e4ki, j\u00e4senet xxx ja xxx. Esittelij\u00e4n\u00e4 toimii p\u00e4\u00e4ratamestari.<\/p>\n\n\n\n<p>3. Opastus ja pys\u00e4k\u00f6inti<\/p>\n\n\n\n<p>Opastus kilpailukeskukseen on Sodankyl\u00e4-Ivalo -tielt\u00e4 Kiilop\u00e4\u00e4n tienhaarasta, mist\u00e4 ajoaika noin 10 min. Opaste on paikalla perjantaina klo 17.<\/p>\n\n\n\n<p>Pys\u00e4k\u00f6inti ohjauksen mukaan. Kiilop\u00e4\u00e4n Tunturikeskuksen p\u00e4\u00e4llystetty P-alue j\u00e4tet\u00e4\u00e4n Tunturikeskuksen asiakkaiden k\u00e4ytt\u00f6\u00f6n. Ei pys\u00e4k\u00f6intimaksua.<\/p>\n\n\n\n<p>4. Kilpailukeskus<\/p>\n\n\n\n<p>Kilpailukeskuksena toimii Suomen Ladun Kiilop\u00e4\u00e4n Tunturikeskus. Kilpailuj\u00e4rjest\u00e4j\u00e4n info ja kilpailutoimisto on avoinna Ahop\u00e4\u00e4-rakennuksessa perjantaina klo 18:00-21:00, lauantaina kello 09:00-18:00 ja sunnuntaina kello 08:00-16:00. Opastus infoon kilpailukeskuksessa ja liitteen\u00e4 olevassa kartassa.<\/p>\n\n\n\n<p>Tunturikeskuksen alakerrassa on rajoitetusti pukeutumis- ja peseytymistilaa. Tiloissa on my\u00f6s WC. Lis\u00e4\u00e4 WC-tiloja on maalin puoleisella sivustalla alakerrassa. Pyyd\u00e4mme k\u00e4ytt\u00e4m\u00e4\u00e4n ensisijaisesti n\u00e4it\u00e4 tiloja ja j\u00e4tt\u00e4m\u00e4\u00e4n tunturikeskuksen aulassa olevat asiakas-WC:t muiden asiakkaiden k\u00e4ytt\u00f6\u00f6n. Tunturikeskuksen tiloihin on p\u00e4\u00e4sy kielletty suunnistuskengill\u00e4.<\/p>\n\n\n\n<p>Tunturikeskuksen ravintola ja kahvio palvelevat my\u00f6s suunnistajia. Tunturikeskuksen saunat ovat maksullisia palveluja.<\/p>\n\n\n\n<p>Kilpailukeskuksessa palvelevat my\u00f6s Suunnistajan Kaupan ja Seppo Keltam\u00e4en myyntipisteet.<\/p>\n\n\n\n<p>5. Kilpailumateriaali ja numerot<\/p>\n\n\n\n<p>Kilpailunumerot l\u00f6ytyv\u00e4t kilpailukeskuksen infosta kansioista sarjoittain numeroj\u00e4rjestyksess\u00e4. Numerot voi noutaa perjantaista klo 18:00 l\u00e4htien. Numero kiinnitet\u00e4\u00e4n rintaan. Numeron kiinnitykseen k\u00e4ytet\u00e4\u00e4n<\/p>\n\n\n\n<p>kilpailijan omia hakaneuloja. Molempina p\u00e4ivin\u00e4 k\u00e4ytet\u00e4\u00e4n samoja numeroita. Kuntosarjoissa ei k\u00e4ytet\u00e4 kilpailunumeroita.<\/p>\n\n\n\n<p>6. Kilpailumaasto<\/p>\n\n\n\n<p>Maasto on p\u00e4\u00e4osin nopeakulkuista ja avointa tunturipaljakkaa ja pienelt\u00e4 osalta tunturikoivikkoa ja avointa m\u00e4ntymets\u00e4\u00e4. Aukea vaihtuu v\u00e4hitt\u00e4in matalaksi tunturikoivikoksi ja edelleen m\u00e4ntymets\u00e4ksi, joten kasvillisuuskuvioiden rajat ovat ep\u00e4m\u00e4\u00e4r\u00e4isi\u00e4. Sama koskee karttaa merkittyj\u00e4 tiheikk\u00f6j\u00e4. Kuivan kes\u00e4n takia osa karttaan merkityist\u00e4 soista, lammista ja puroista voi olla kuivia. Soita on v\u00e4h\u00e4n. Tunturien rinteiss\u00e4 on paikoin avokallioita ja kivikkoja. Avokalliot ovat paikoin louhikkoisia, eik\u00e4 ero avokallion ja louhikon v\u00e4lill\u00e4 ole aina selke\u00e4.<\/p>\n\n\n\n<p>Ensimm\u00e4isen p\u00e4iv\u00e4n kilpailumaaston halkaisee Lapin ja Ivalon paliskunnan v\u00e4linen raja-aita. Se on merkitty ylip\u00e4\u00e4sem\u00e4tt\u00f6m\u00e4ksi. Aidan ylitt\u00e4minen on sallittu ainoastaan karttaan merkityist\u00e4 porteista. Mik\u00e4li portti on avattava, se pit\u00e4\u00e4 my\u00f6s sulkea.<\/p>\n\n\n\n<p>Karttaan on merkitty punaisella viivalla Urho Kekkosen kansallispuiston raja, joka on maastossa merkitty puihin tai tolppiin valkoisin maalimerkein. Sit\u00e4 voi olla paikoin vaikea havaita.<\/p>\n\n\n\n<p>Aukeassa tunturimaastossa s\u00e4\u00e4n vaikutus suoritukseen korostuu. Ajankohdan s\u00e4\u00e4 on yleens\u00e4 hyv\u00e4, mutta poikkeuksellisen kylm\u00e4, l\u00e4mmin tai tuulinen ja sateinen s\u00e4\u00e4kin on mahdollinen. Niihin on syyt\u00e4 pukeutua oikein ja varata juomaa l\u00e4mpim\u00e4ll\u00e4 s\u00e4\u00e4ll\u00e4 mukaan.<\/p>\n\n\n\n<p>7. Kartta<\/p>\n\n\n\n<p>Kilpailukartta on laadittu MML:n maastotietokannasta. Korkeusk\u00e4yr\u00e4t on tuotettu MML laserkeilausaineistosta. Karttaan on t\u00e4ydennetty ainoastaan muutamia oleellisia muutoksia ja puutteita.<\/p>\n\n\n\n<p>Kilpailukartan mittakaava on 1:20 000 ja koko A3. Kartta on v\u00e4rituloste, Routamap\/Tommi Uusim\u00e4ki. Kartat ovat muovisuojuksissa. Rastim\u00e4\u00e4ritteet on painettu karttaan.<\/p>\n\n\n\n<p>Ensimm\u00e4isen\u00e4 p\u00e4iv\u00e4n yhteisl\u00e4hd\u00f6ss\u00e4 kartat ovat valmiina l\u00e4ht\u00f6paikalla kilpailijoiden numeroilla merkittyin\u00e4. Toisen p\u00e4iv\u00e4n takaa-ajol\u00e4hd\u00f6ss\u00e4 l\u00e4hd\u00f6ss\u00e4 kartat ovat sarjatunnuksilla varustetuissa koteloissa, joista kilpailijat ottavat ne itse. Yhteisl\u00e4hd\u00f6ss\u00e4 l\u00e4htevien kartat ovat numeroituna valmiina l\u00e4hd\u00f6ss\u00e4. Kuntosarjalaiset ottavat itse karttansa l\u00e4ht\u00f6leimauksen j\u00e4lkeen.<\/p>\n\n\n\n<p>8. L\u00e4hd\u00f6t<\/p>\n\n\n\n<p>L\u00e4ht\u00f6 on kumpanakin p\u00e4iv\u00e4n\u00e4 eri paikassa, molemmin puolin Tunturikeskusta. L\u00e4ht\u00f6paikoille on matkaa 300 m. L\u00e4ht\u00f6paikoille on sinikeltainen viitoitus.<\/p>\n\n\n\n<p>Lauantaina yhteisl\u00e4ht\u00f6 klo 13:00. Sunnuntaina takaa-ajol\u00e4ht\u00f6 alkaen klo 10:00 v\u00e4hemm\u00e4n kuin 45 min k\u00e4rjest\u00e4 j\u00e4\u00e4neille, muilla yhteisl\u00e4ht\u00f6 klo 11:00. Kuntosarjoilla vapaa l\u00e4ht\u00f6aika la klo 13:00 \u2013 14:00 ja su klo 10:00 &#8211; 11:00. L\u00e4ht\u00f6 tapahtuu omatoimisesti l\u00e4ht\u00f6leimasimesta omasta portista. Sunnuntain l\u00e4ht\u00f6ajat ilmoitetaan infon edess\u00e4 ja kisasivuilla v\u00e4litt\u00f6m\u00e4sti lauantain tulosten selvitty\u00e4.<\/p>\n\n\n\n<p>9. Rastit ja leimaus<\/p>\n\n\n\n<p>Kilpailussa k\u00e4ytet\u00e4\u00e4n Emit-leimausta. Pari k\u00e4ytt\u00e4\u00e4 yht\u00e4 Emit-leimasinta. Parin on juostava koko kilpailu ja k\u00e4yt\u00e4v\u00e4 kaikilla rasteilla yhdess\u00e4. Emit-tarkistusliuskat saa l\u00e4hd\u00f6ss\u00e4. Jokainen kilpailija vastaa itse tarkistusliuskan kiinnitt\u00e4misest\u00e4. Rastim\u00e4\u00e4ritteet on painettu karttaan. Irrallisia rastim\u00e4\u00e4ritteit\u00e4 ei ole saatavilla. Leimaus rasteilla on teht\u00e4v\u00e4 siten, ettei vahingoiteta rastipukkeja.<\/p>\n\n\n\n<p>Kilpailija nollaa oman kilpailukorttinsa menness\u00e4\u00e4n l\u00e4ht\u00f6viitoituksen varrella olevilla nollaleimasimilla. Muistakaa nollata Emit-kortit! Kilpailijat ovat itse vastuussa kilpailukorttinsa toimivuudesta ja siit\u00e4, ett\u00e4 k\u00e4ytt\u00e4v\u00e4t l\u00e4ht\u00f6luettelossa mainittua kilpailukorttia. Kortin toimivuuden voi tarkistaa kilpailukeskuksen mallirastilla. Muutokset kilpailukortteihin on ilmoitettava infoon ennen l\u00e4ht\u00f6\u00e4. Vuokrakortit saa infosta hintaan 5 euroa\/p\u00e4iv\u00e4. Palauttamatta j\u00e4\u00e4neest\u00e4 Emit-kortista veloitetaan 80 euroa.<\/p>\n\n\n\n<p>10. Maali<\/p>\n\n\n\n<p>Parin molempien kilpailijoitten on saavuttava maaliin yhdess\u00e4. J\u00e4lkimm\u00e4isen\u00e4 tuleva leimaa maalissa. Aika otetaan maalileimauksesta. J\u00e4lkimm\u00e4isen saapuminen maaliin ratkaisee sijoituksen. Maali suljetaan 1. p\u00e4iv\u00e4n\u00e4 klo 18:00 ja 2. p\u00e4iv\u00e4n\u00e4 klo 16:00.<\/p>\n\n\n\n<p>Keskeytt\u00e4neiden on ehdottomasti ilmoittauduttava maalissa.<\/p>\n\n\n\n<p>Maalissa on tarjolla vett\u00e4 ja urheilujuomaa.<\/p>\n\n\n\n<p>11. Kuntosarjat<\/p>\n\n\n\n<p>Kuntosarjoihin voi ilmoittautua my\u00f6s paikan p\u00e4\u00e4ll\u00e4 kilpailutoimistoon lauantaina klo 12.00 menness\u00e4 ja sunnuntaina klo 09.00 menness\u00e4. Kuntosarjoilla on oma l\u00e4ht\u00f6ns\u00e4 samassa paikassa kuin muut.<\/p>\n\n\n\n<p>12. Tulokset ja palkintojenjako<\/p>\n\n\n\n<p>Tulokset tulevat suoraan kisasivuille. Valmiit tulokset tulostetaan sarjoittain infoon.<\/p>\n\n\n\n<p>Palkinnot voi noutaa heti sarjan tulosten selvitty\u00e4 kilpailukeskuksen infosta. Tulokset kuulutetaan niiden valmistuttua. Palkintojen lukum\u00e4\u00e4r\u00e4 sarjoittain on oheisessa taulukossa. Kuntosarjojen palkinnot arvotaan heti l\u00e4ht\u00f6jen j\u00e4lkeen.<\/p>\n\n\n\n<p>13. Juoma ja ensiapu<\/p>\n\n\n\n<p>Maastossa ei ole juomarasteja. Maalissa on tarjolla urheilujuomaa ja vett\u00e4. Maastossa olevat virtaavat vedet ovat juomakelpoisia. Kuivan kes\u00e4n takia vett\u00e4 on kuitenkin niukasti. Omien juomien kuljettaminen mukana on suositeltavaa.<\/p>\n\n\n\n<p>Kilpailukeskuksessa on ensiapupiste ja p\u00e4ivyst\u00e4v\u00e4 sairaanhoitaja. Kilpailijat voivat ottaa turvallisuussyist\u00e4 maastoon mukaan matkapuhelimen. Karttaan on painettu p\u00e4ivyst\u00e4v\u00e4n ensiapuhenkil\u00f6n puhelinnumero 040 8159430.<\/p>\n\n\n\n<p>14. Luonnonsuojelu<\/p>\n\n\n\n<p>Kilpailu k\u00e4yd\u00e4\u00e4n l\u00e4hes kokonaan Urho Kekkosen kansallispuiston alueella. Kilpailijoiden on otettava t\u00e4m\u00e4 huomioon my\u00f6s kilpailun aikana. Maastoon ei miss\u00e4\u00e4n tapauksessa saa j\u00e4tt\u00e4\u00e4 kertak\u00e4ytt\u00f6isi\u00e4 juoma- ja energiageelipakkauksia tai muita j\u00e4tteit\u00e4!<\/p>\n\n\n<div class=\"wp-block-image\">\n<figure class=\"aligncenter size-full\"><a href=\"https:\/\/tunturisuunnistus.fi\/2023\/wp-content\/uploads\/sites\/22\/Kiilopaa-kk-2023.jpg\" data-lightbox=\"image\"><img loading=\"lazy\" decoding=\"async\" width=\"383\" height=\"457\" src=\"https:\/\/tunturisuunnistus.fi\/2023\/wp-content\/uploads\/sites\/22\/Kiilopaa-kk-2023.jpg\" alt=\"\" class=\"wp-image-643\"\/><\/a><\/figure><\/div>\n\n\n<p class=\"has-medium-font-size\"><strong>Osanottajat, matkat, rastit ja palkinnot sarjoittain<\/strong><\/p>\n\n\n\n<table id=\"tablepress-1\" class=\"tablepress tablepress-id-1\">\n<thead>\n<tr class=\"row-1\">\n\t<th class=\"column-1\"><strong>Sarja <\/strong><\/th><th class=\"column-2\"><strong>Parit\/hl\u00f6t <\/strong><\/th><th class=\"column-3\"><strong>Matka 1 <\/strong><\/th><th class=\"column-4\"><strong>Rastit 1 <\/strong><\/th><th class=\"column-5\"><strong>Matka 2 <\/strong><\/th><th class=\"column-6\"><strong>Rastit 2 <\/strong><\/th><th class=\"column-7\"><strong>Palkinnot <\/strong><\/th><td class=\"column-8\"><\/td>\n<\/tr>\n<\/thead>\n<tbody class=\"row-striping row-hover\">\n<tr class=\"row-2\">\n\t<td class=\"column-1\">D21A <\/td><td class=\"column-2\">2<\/td><td class=\"column-3\">17.8<\/td><td class=\"column-4\">8<\/td><td class=\"column-5\">17.8<\/td><td class=\"column-6\">9<\/td><td class=\"column-7\">1<\/td><td class=\"column-8\"><\/td>\n<\/tr>\n<tr class=\"row-3\">\n\t<td class=\"column-1\">D21B <\/td><td class=\"column-2\">5<\/td><td class=\"column-3\">15.1<\/td><td class=\"column-4\">7<\/td><td class=\"column-5\">14.2<\/td><td class=\"column-6\">8<\/td><td class=\"column-7\">1<\/td><td class=\"column-8\"><\/td>\n<\/tr>\n<tr class=\"row-4\">\n\t<td class=\"column-1\">D32 <\/td><td class=\"column-2\">1<\/td><td class=\"column-3\">9.9<\/td><td class=\"column-4\">5<\/td><td class=\"column-5\">10.7<\/td><td class=\"column-6\">7<\/td><td class=\"column-7\">1<\/td><td class=\"column-8\"><\/td>\n<\/tr>\n<tr class=\"row-5\">\n\t<td class=\"column-1\">D38 <\/td><td class=\"column-2\">2<\/td><td class=\"column-3\">13.4<\/td><td class=\"column-4\">7<\/td><td class=\"column-5\">12.9<\/td><td class=\"column-6\">7<\/td><td class=\"column-7\">1<\/td><td class=\"column-8\"><\/td>\n<\/tr>\n<tr class=\"row-6\">\n\t<td class=\"column-1\">D90 <\/td><td class=\"column-2\">3<\/td><td class=\"column-3\">13.4<\/td><td class=\"column-4\">7<\/td><td class=\"column-5\">12.9<\/td><td class=\"column-6\">7<\/td><td class=\"column-7\">1<\/td><td class=\"column-8\"><\/td>\n<\/tr>\n<tr class=\"row-7\">\n\t<td class=\"column-1\">D110 <\/td><td class=\"column-2\">5<\/td><td class=\"column-3\">10.5<\/td><td class=\"column-4\">6<\/td><td class=\"column-5\">10.5<\/td><td class=\"column-6\">6<\/td><td class=\"column-7\">1<\/td><td class=\"column-8\"><\/td>\n<\/tr>\n<tr class=\"row-8\">\n\t<td class=\"column-1\">D130 <\/td><td class=\"column-2\">5<\/td><td class=\"column-3\">9.9<\/td><td class=\"column-4\">5<\/td><td class=\"column-5\">10.7<\/td><td class=\"column-6\">7<\/td><td class=\"column-7\">1<\/td><td class=\"column-8\"><\/td>\n<\/tr>\n<tr class=\"row-9\">\n\t<td class=\"column-1\">H21A <\/td><td class=\"column-2\">4<\/td><td class=\"column-3\">19.8<\/td><td class=\"column-4\">8<\/td><td class=\"column-5\">18.8<\/td><td class=\"column-6\">8<\/td><td class=\"column-7\">1<\/td><td class=\"column-8\"><\/td>\n<\/tr>\n<tr class=\"row-10\">\n\t<td class=\"column-1\">H21B <\/td><td class=\"column-2\">7<\/td><td class=\"column-3\">15.9<\/td><td class=\"column-4\">6<\/td><td class=\"column-5\">15.6<\/td><td class=\"column-6\">8<\/td><td class=\"column-7\">1<\/td><td class=\"column-8\"><\/td>\n<\/tr>\n<tr class=\"row-11\">\n\t<td class=\"column-1\">H32 <\/td><td class=\"column-2\">4<\/td><td class=\"column-3\">11<\/td><td class=\"column-4\">7<\/td><td class=\"column-5\">11.6<\/td><td class=\"column-6\">7<\/td><td class=\"column-7\">1<\/td><td class=\"column-8\"><\/td>\n<\/tr>\n<tr class=\"row-12\">\n\t<td class=\"column-1\">H38<\/td><td class=\"column-2\"><\/td><td class=\"column-3\">14.5<\/td><td class=\"column-4\">7<\/td><td class=\"column-5\">14.5<\/td><td class=\"column-6\">7<\/td><td class=\"column-7\"><\/td><td class=\"column-8\"><\/td>\n<\/tr>\n<tr class=\"row-13\">\n\t<td class=\"column-1\">H90 <\/td><td class=\"column-2\">7<\/td><td class=\"column-3\">14.5<\/td><td class=\"column-4\">7<\/td><td class=\"column-5\">14.5<\/td><td class=\"column-6\">7<\/td><td class=\"column-7\">1<\/td><td class=\"column-8\"><\/td>\n<\/tr>\n<tr class=\"row-14\">\n\t<td class=\"column-1\">H110 <\/td><td class=\"column-2\">4<\/td><td class=\"column-3\">12.5<\/td><td class=\"column-4\">6<\/td><td class=\"column-5\">12.2<\/td><td class=\"column-6\">7<\/td><td class=\"column-7\">1<\/td><td class=\"column-8\"><\/td>\n<\/tr>\n<tr class=\"row-15\">\n\t<td class=\"column-1\">H130 <\/td><td class=\"column-2\">6<\/td><td class=\"column-3\">11<\/td><td class=\"column-4\">7<\/td><td class=\"column-5\">11.6<\/td><td class=\"column-6\">7<\/td><td class=\"column-7\">1<\/td><td class=\"column-8\"><\/td>\n<\/tr>\n<tr class=\"row-16\">\n\t<td class=\"column-1\">HDA <\/td><td class=\"column-2\">8<\/td><td class=\"column-3\">17.3<\/td><td class=\"column-4\">9<\/td><td class=\"column-5\">16.3<\/td><td class=\"column-6\">7<\/td><td class=\"column-7\">3<\/td><td class=\"column-8\"><\/td>\n<\/tr>\n<tr class=\"row-17\">\n\t<td class=\"column-1\">HDB <\/td><td class=\"column-2\">22<\/td><td class=\"column-3\">14.2<\/td><td class=\"column-4\">8<\/td><td class=\"column-5\">14.1<\/td><td class=\"column-6\">7<\/td><td class=\"column-7\">3<\/td><td class=\"column-8\"><\/td>\n<\/tr>\n<tr class=\"row-18\">\n\t<td class=\"column-1\">HD90 <\/td><td class=\"column-2\">16<\/td><td class=\"column-3\">13<\/td><td class=\"column-4\">8<\/td><td class=\"column-5\">12.9<\/td><td class=\"column-6\">6<\/td><td class=\"column-7\">3<\/td><td class=\"column-8\"><\/td>\n<\/tr>\n<tr class=\"row-19\">\n\t<td class=\"column-1\">HD110 <\/td><td class=\"column-2\">9<\/td><td class=\"column-3\">11<\/td><td class=\"column-4\">6<\/td><td class=\"column-5\">11.8<\/td><td class=\"column-6\">5<\/td><td class=\"column-7\">1<\/td><td class=\"column-8\"><\/td>\n<\/tr>\n<tr class=\"row-20\">\n\t<td class=\"column-1\">HD130 <\/td><td class=\"column-2\">3<\/td><td class=\"column-3\">10.8<\/td><td class=\"column-4\">7<\/td><td class=\"column-5\">10.6<\/td><td class=\"column-6\">7<\/td><td class=\"column-7\">1<\/td><td class=\"column-8\"><\/td>\n<\/tr>\n<tr class=\"row-21\">\n\t<td class=\"column-1\">DA <\/td><td class=\"column-2\">35<\/td><td class=\"column-3\">17.8<\/td><td class=\"column-4\">9<\/td><td class=\"column-5\">17.3<\/td><td class=\"column-6\">9<\/td><td class=\"column-7\">1<\/td><td class=\"column-8\"><\/td>\n<\/tr>\n<tr class=\"row-22\">\n\t<td class=\"column-1\">DB <\/td><td class=\"column-2\">13<\/td><td class=\"column-3\">14.4<\/td><td class=\"column-4\">7<\/td><td class=\"column-5\">15.4<\/td><td class=\"column-6\">9<\/td><td class=\"column-7\">1<\/td><td class=\"column-8\"><\/td>\n<\/tr>\n<tr class=\"row-23\">\n\t<td class=\"column-1\">HA <\/td><td class=\"column-2\">28<\/td><td class=\"column-3\">19.3<\/td><td class=\"column-4\">8<\/td><td class=\"column-5\">18.2<\/td><td class=\"column-6\">8<\/td><td class=\"column-7\">3<\/td><td class=\"column-8\"><\/td>\n<\/tr>\n<tr class=\"row-24\">\n\t<td class=\"column-1\">HB <\/td><td class=\"column-2\">2<\/td><td class=\"column-3\">16.3<\/td><td class=\"column-4\">7<\/td><td class=\"column-5\">15.9<\/td><td class=\"column-6\">7<\/td><td class=\"column-7\">3<\/td><td class=\"column-8\"><\/td>\n<\/tr>\n<tr class=\"row-25\">\n\t<td class=\"column-1\">KUNTOPARI <\/td><td class=\"column-2\">9<\/td><td class=\"column-3\">10.1<\/td><td class=\"column-4\">9<\/td><td class=\"column-5\">8.6<\/td><td class=\"column-6\">7<\/td><td class=\"column-7\">3 Arvotaan<\/td><td class=\"column-8\"><\/td>\n<\/tr>\n<tr class=\"row-26\">\n\t<td class=\"column-1\">KUNTOHENK <\/td><td class=\"column-2\">43<\/td><td class=\"column-3\">9.6<\/td><td class=\"column-4\">7<\/td><td class=\"column-5\">9.1<\/td><td class=\"column-6\">7<\/td><td class=\"column-7\">3 Arvotaan<\/td><td class=\"column-8\"><\/td>\n<\/tr>\n<tr class=\"row-27\">\n\t<td class=\"column-1\"><\/td><td class=\"column-2\"><\/td><td class=\"column-3\"><\/td><td class=\"column-4\"><\/td><td class=\"column-5\"><\/td><td class=\"column-6\"><\/td><td class=\"column-7\"><\/td><td class=\"column-8\"><\/td>\n<\/tr>\n<\/tbody>\n<\/table>\n<!-- #tablepress-1 from cache -->\n\n\n\n<div data-wp-interactive=\"core\/file\" class=\"wp-block-file\"><object data-wp-bind--hidden=\"!state.hasPdfPreview\"  class=\"wp-block-file__embed\" data=\"https:\/\/tunturisuunnistus.fi\/2023\/wp-content\/uploads\/sites\/22\/Tunturi-2023-kilpailuohjeet-1.pdf\" type=\"application\/pdf\" style=\"width:100%;height:600px\" aria-label=\"Tiedoston Tunturi 2023 kilpailuohjeet upotus.\"><\/object><a id=\"wp-block-file--media-b5459d7d-ba6c-4d1d-ac0e-1c5004b55367\" href=\"https:\/\/tunturisuunnistus.fi\/2023\/wp-content\/uploads\/sites\/22\/Tunturi-2023-kilpailuohjeet-1.pdf\">Tunturi 2023 kilpailuohjeet<\/a><a href=\"https:\/\/tunturisuunnistus.fi\/2023\/wp-content\/uploads\/sites\/22\/Tunturi-2023-kilpailuohjeet-1.pdf\" class=\"wp-block-file__button wp-element-button\" download aria-describedby=\"wp-block-file--media-b5459d7d-ba6c-4d1d-ac0e-1c5004b55367\">Lataa<\/a><\/div>\n","protected":false},"excerpt":{"rendered":"<p>39. Suomen Tunturisuunnistus 5.-6.8.2023 Kiilop\u00e4\u00e4ll\u00e4 &nbsp;Kilpailuohjeet 1. Kilpailus\u00e4\u00e4nn\u00f6t Kilpailussa noudatetaan soveltuvin osin Suomen Suunnistusliiton s\u00e4\u00e4nt\u00f6j\u00e4 ja j\u00e4rjest\u00e4jien antamia ohjeita. 2. Kilpailuorganisaatio Vastuuhl\u00f6t Kilpailunjohtaja Pertti Itkonen 0400 193647 P\u00e4\u00e4ratamestari Mikko Tilja 040 7434574 Tiedottaja Pentti Poikela 040 5191521 Kilpailutoimisto Tuija Maijala 040 5964970 Liikenne ja paikoitus Markus Ronkainen 0400 450037 L\u00e4ht\u00f6 Antti Tepsa 0400 194271 Tulospalvelu [&hellip;]<\/p>\n","protected":false},"author":13,"featured_media":0,"parent":0,"menu_order":0,"comment_status":"closed","ping_status":"closed","template":"","meta":{"footnotes":"","_links_to":"","_links_to_target":""},"_links":{"self":[{"href":"https:\/\/tunturisuunnistus.fi\/2023\/wp-json\/wp\/v2\/pages\/592"}],"collection":[{"href":"https:\/\/tunturisuunnistus.fi\/2023\/wp-json\/wp\/v2\/pages"}],"about":[{"href":"https:\/\/tunturisuunnistus.fi\/2023\/wp-json\/wp\/v2\/types\/page"}],"author":[{"embeddable":true,"href":"https:\/\/tunturisuunnistus.fi\/2023\/wp-json\/wp\/v2\/users\/13"}],"replies":[{"embeddable":true,"href":"https:\/\/tunturisuunnistus.fi\/2023\/wp-json\/wp\/v2\/comments?post=592"}],"version-history":[{"count":10,"href":"https:\/\/tunturisuunnistus.fi\/2023\/wp-json\/wp\/v2\/pages\/592\/revisions"}],"predecessor-version":[{"id":644,"href":"https:\/\/tunturisuunnistus.fi\/2023\/wp-json\/wp\/v2\/pages\/592\/revisions\/644"}],"wp:attachment":[{"href":"https:\/\/tunturisuunnistus.fi\/2023\/wp-json\/wp\/v2\/media?parent=592"}],"curies":[{"name":"wp","href":"https:\/\/api.w.org\/{rel}","templated":true}]}}