{"id":1744,"date":"2022-08-03T22:58:32","date_gmt":"2022-08-03T19:58:32","guid":{"rendered":"http:\/\/tunturisuunnistus.fi\/2022\/?page_id=1744"},"modified":"2022-08-03T22:58:32","modified_gmt":"2022-08-03T19:58:32","slug":"kilpailunjohtajan-tervehdys","status":"publish","type":"page","link":"https:\/\/tunturisuunnistus.fi\/2022\/kilpailunjohtajan-tervehdys\/","title":{"rendered":"Kilpailunjohtajan tervehdys"},"content":{"rendered":"<h2>Tervetuloa Saarisel\u00e4lle<\/h2>\n<p>Lapin Sudet ovat t\u00e4m\u00e4n vuoden Tunturisuunnistus-tapahtuman j\u00e4rjest\u00e4j\u00e4. Edellisen kerran j\u00e4rjestimme tapahtuman 2015. Kilpailukeskus on l\u00e4hes sama, maalialue on vain t\u00e4ll\u00e4 kertaa toisella puolen Saarisel\u00e4ntiet\u00e4.<\/p>\n<p>T\u00e4ll\u00e4 kertaa ratamestarina toimii Juhani Yl\u00f6nen, jolla on pitk\u00e4n linjan suunnistuskokemus ja on itsekin osallistunut Tunturisuunnistukseen useana vuotena. Suunnistusalueena on Saarisel\u00e4n lomakeskuksen koillis- ja etel\u00e4puolen v\u00e4linen alue. Maasto on p\u00e4\u00e4s\u00e4\u00e4nt\u00e4isesti helppokulkuista, kivikkoa on varsin v\u00e4h\u00e4n. Radat kulkevat Kaunisp\u00e4\u00e4n, Palop\u00e4\u00e4n, Kivip\u00e4\u00e4n, Vahtamap\u00e4\u00e4n, Iisakkip\u00e4\u00e4n ja Ahop\u00e4\u00e4n rinteill\u00e4 ja laaksoissa. Edess\u00e4 on avotunturia, tunturikoivikkoa ja laaksojen m\u00e4ntymets\u00e4\u00e4 eli vaihtelevuutta on tiedossa. Matkan varrella voi siis ihailla Saarisel\u00e4n maisemia monella tavalla.<\/p>\n<p>Kisakeskuksena toimii Lapland Hotels Riekonlinna, joka on ollut jo vuosi Lapin Susien yhteisty\u00f6kumppani mm. Vaskoolihiihdon puitteissa. T\u00e4ll\u00e4kin kertaa sielt\u00e4 l\u00f6ytyv\u00e4t kisakanslia, muksula ja saunat kisap\u00e4iv\u00e4n p\u00e4\u00e4tteeksi. Lis\u00e4ksi Riekonlinnassa on lounastarjous kisailijoille sek\u00e4 hyv\u00e4 majoitustarjous. Muutenkin Saariselk\u00e4 alkaa pikkuhiljaa her\u00e4ill\u00e4 syyssesonkiin, joten palveluita on hyvin tarjolla. Esimerkiksi Lapland Safaris tarjoaa monenlaista ulkoiluaktiviteetti\u00e4 ja useasta paikasta voi vuorata maastopy\u00f6ri\u00e4.<\/p>\n<p>Tervetuloa viihtym\u00e4\u00e4n Saarisel\u00e4lle ja nauttimaan Tunturisuunnistuksesta!<\/p>\n<p><em>Janne Hannola<\/em><br \/>\n<em>Kilpailunjohtaja<\/em><\/p>\n","protected":false},"excerpt":{"rendered":"<p>Tervetuloa Saarisel\u00e4lle Lapin Sudet ovat t\u00e4m\u00e4n vuoden Tunturisuunnistus-tapahtuman j\u00e4rjest\u00e4j\u00e4. Edellisen kerran j\u00e4rjestimme tapahtuman 2015. Kilpailukeskus on l\u00e4hes sama, maalialue on vain t\u00e4ll\u00e4 kertaa toisella puolen Saarisel\u00e4ntiet\u00e4. T\u00e4ll\u00e4 kertaa ratamestarina toimii Juhani Yl\u00f6nen, jolla on pitk\u00e4n linjan suunnistuskokemus ja on itsekin osallistunut Tunturisuunnistukseen useana vuotena. Suunnistusalueena on Saarisel\u00e4n lomakeskuksen koillis- ja etel\u00e4puolen v\u00e4linen alue. Maasto on [&hellip;]<\/p>\n","protected":false},"author":10,"featured_media":0,"parent":0,"menu_order":0,"comment_status":"closed","ping_status":"closed","template":"","meta":{"footnotes":"","_links_to":"","_links_to_target":""},"_links":{"self":[{"href":"https:\/\/tunturisuunnistus.fi\/2022\/wp-json\/wp\/v2\/pages\/1744"}],"collection":[{"href":"https:\/\/tunturisuunnistus.fi\/2022\/wp-json\/wp\/v2\/pages"}],"about":[{"href":"https:\/\/tunturisuunnistus.fi\/2022\/wp-json\/wp\/v2\/types\/page"}],"author":[{"embeddable":true,"href":"https:\/\/tunturisuunnistus.fi\/2022\/wp-json\/wp\/v2\/users\/10"}],"replies":[{"embeddable":true,"href":"https:\/\/tunturisuunnistus.fi\/2022\/wp-json\/wp\/v2\/comments?post=1744"}],"version-history":[{"count":1,"href":"https:\/\/tunturisuunnistus.fi\/2022\/wp-json\/wp\/v2\/pages\/1744\/revisions"}],"predecessor-version":[{"id":1746,"href":"https:\/\/tunturisuunnistus.fi\/2022\/wp-json\/wp\/v2\/pages\/1744\/revisions\/1746"}],"wp:attachment":[{"href":"https:\/\/tunturisuunnistus.fi\/2022\/wp-json\/wp\/v2\/media?parent=1744"}],"curies":[{"name":"wp","href":"https:\/\/api.w.org\/{rel}","templated":true}]}}