{"id":1652,"date":"2022-07-29T10:34:29","date_gmt":"2022-07-29T07:34:29","guid":{"rendered":"http:\/\/tunturisuunnistus.fi\/2022\/?page_id=1652"},"modified":"2022-08-05T14:17:56","modified_gmt":"2022-08-05T11:17:56","slug":"kilpailuohje","status":"publish","type":"page","link":"https:\/\/tunturisuunnistus.fi\/2022\/kilpailuohje\/","title":{"rendered":"Kilpailuohje (p\u00e4ivitetty)"},"content":{"rendered":"<h3><strong>Kilpailuohjeet<\/strong><\/h3>\n<h4><\/h4>\n<h4>Vastuuhenkil\u00f6t<\/h4>\n<p>Kilpailunjohtaja: Janne Hannola, janne.hannola@gmail.com, puh. 045 2233 641<br \/>\nRatamestari: Juhani Yl\u00f6nen, mejussi1959@gmail.com, puh. 0400 672 152<br \/>\nValvoja: Raimo Tolonen, raimotol@gmail.com, puh. 040 5716 218<br \/>\nTulospalvelu: Risto Kivinen, risto.kivinen@resultfellows.com, puh. 044 0583 583<br \/>\nInfo\/Kisakanslia: Jan Denks 040 5444 298<br \/>\nMuksula: Mirja T\u00f6rm\u00e4nen p. 045 1385 354<br \/>\nTurvallisuusvastaava: Mikael Holma 050\u00a05940 238<br \/>\nKuulutus: Nina Siltala<br \/>\nMaaston EA: SPR Inari, Tiina Arhipoff<\/p>\n<h4>Tuomarineuvosto<\/h4>\n<p>Tuomarineuvostoon kuuluvat Juha Tolonen, Vihtavuoren Pamaus (puheenjohtaja); Tero Taulavuori, Lapin Suunnistus pj; Annika Vaara, Lapin Veikot<\/p>\n<h4>S\u00e4\u00e4nn\u00f6t<\/h4>\n<p>Kilpailussa noudatetaan Suomen Suunnistusliiton s\u00e4\u00e4nt\u00f6j\u00e4 ja j\u00e4rjest\u00e4j\u00e4n antamia ohjeita.<\/p>\n<h4>Kilpailukeskus<\/h4>\n<p>Kilpailukeskus Hotelli Riekonlinna, Saarisel\u00e4ntie 13, 99830 Saariselk\u00e4. Kartta lopussa.<\/p>\n<h4>Paikoitus<\/h4>\n<p>Paikoitus tapahtuu Saarisel\u00e4n alueella oleville pys\u00e4k\u00f6intialueille. Laskettelurinteiden pys\u00e4k\u00f6intialueilla on runsaasti paikoitustilaa, matkaa kilpailukeskuksesta on noin 1,5 km. Maalin l\u00e4heisyydess\u00e4 on rajoitetusti parkkitilaa, joten Saarisel\u00e4n alueella majoittuvia kilpailijoita pyydet\u00e4\u00e4n saapumaan maalialueelle ja l\u00e4ht\u00f6\u00f6n k\u00e4vellen\/py\u00f6r\u00e4ll\u00e4.<\/p>\n<h4>Info<\/h4>\n<p>Info on Saarisel\u00e4ll\u00e4 Hotelli Riekonlinnassa, Saarisel\u00e4ntie 13, 99830 Saariselk\u00e4<\/p>\n<p>Perjantaina 5.8.2022 klo 17 &#8211; 20<br \/>\nLauantaina kello 10\u201318<br \/>\nSunnuntaina kello 8\u201316<\/p>\n<h4>Kartta<\/h4>\n<p>Tunturisuunnistuskartta. Mittakaava 1:25 000, k\u00e4yr\u00e4v\u00e4li 5 metri\u00e4. Kilpailukartan pohjana on k\u00e4ytetty Maanmittauslaitoksen maastotietokantaa ja Tunturisuunnistuskarttoja vuosilta 2015 ja 2017. Aineiston pohjalta kartan on tehnyt Routamap Oy. V\u00e4h\u00e4isi\u00e4 muutoksia on tehty ratamestarin toimesta.<\/p>\n<p>Kilpailumaastossa on useantasoisia tieuria ja polkuja. Osa ensimm\u00e4isen p\u00e4iv\u00e4n kilpailualueella olevista moottorikelkkareiteist\u00e4 on kuvattu ajouran symbolilla, ne kuitenkin erottuvat selv\u00e4sti maastossa. Selkeimm\u00e4t toisen p\u00e4iv\u00e4n kilpailualueella olevista ulkoilureiteist\u00e4 ja latu-urien pohjista on kuvattu ajotie symbolilla.<\/p>\n<p>Kartan harmaalla kalliov\u00e4rill\u00e4 merkityt alueet eiv\u00e4t aina ole yhten\u00e4ist\u00e4 kalliota, vaan laikuttaisia siell\u00e4 t\u00e4\u00e4ll\u00e4 olevia pienehk\u00f6j\u00e4 kallioalueita. V\u00e4h\u00e4sateisen kes\u00e4n my\u00f6t\u00e4 osa puroista on kuivunut ja vaikea havaita maastossa. Lukekaa n\u00e4iss\u00e4 kohdissa k\u00e4yri\u00e4 ja katsokaa pintakasvustoa.<\/p>\n<p>Kartat ovat muovisuojuksissa.<\/p>\n<h4>Sarjat ja matkat<\/h4>\n<p>Tunturisuunnistuksen sarjat ja ratapituudet sek\u00e4 arvioidut nousumetrit l\u00f6yd\u00e4t linkin takaa avautuvasta <a href=\"https:\/\/tunturisuunnistus.fi\/2022\/ratataulukko-paivitetty\/\">pdf-tiedostosta<\/a>.<\/p>\n<h4>Maasto<\/h4>\n<p>Kilpailumaasto on p\u00e4\u00e4osin hyv\u00e4kulkuista, avointa tunturia ja mets\u00e4ist\u00e4 rinnemaastoa. Tunturien avoimien alueiden reunoilla n\u00e4kyvyytt\u00e4 heikent\u00e4\u00e4 tunturikoivikot ja avoimilla lakialueilla kulkemista vaikeuttaa liekomaisina kasvavat vaivais- ja tunturikoivut.. \u00a0Ensimm\u00e4isen\u00e4 p\u00e4iv\u00e4n\u00e4 radoilla on joen ylitys. Ylityspaikat ovat merkitty karttaan. Jos ajankohdan sadem\u00e4\u00e4r\u00e4 on keskim\u00e4\u00e4r\u00e4inen, joen voi ylitt\u00e4\u00e4 muualtakin. Maastossa on runsaasti eritasoisia polkuja. Suurimmat korkeuserot ovat noin 200 metri\u00e4. Maasto sijaitsee p\u00e4\u00e4osin Urho Kekkosen kansallispuistossa.<\/p>\n<h4>Kielletyt alueet<\/h4>\n<p>Kielletyt alueet on merkitty karttaan ja osin rajattu maastoon.<\/p>\n<h4>Rastit ja leimaus<\/h4>\n<p>Rastirakennelmat ovat mallirastien mukaisia. Parisarjoissa k\u00e4ytet\u00e4\u00e4n kahta emit-kilpailukorttia. Parin on juostava koko kilpailu ja k\u00e4yt\u00e4v\u00e4 kaikilla rasteilla yhdess\u00e4. Parin molempien j\u00e4senten tulee leimata kaikilla rasteilla. Mallirastit sijaitsevat Riekonlinnan kisakeskuksessa ja maalialueella Kullanhuuhtojantien ja Saarisel\u00e4ntien liikenneympyr\u00e4n alueella. Mallirasteilla on my\u00f6s 0-leimasin, jolla voi tarkistaa Emit-kilpailukortin toimivuuden.<\/p>\n<h4>Kilpailunumerot ja rastim\u00e4\u00e4ritteet<\/h4>\n<p>Kaikki kilpailijat k\u00e4ytt\u00e4v\u00e4t kilpailunumeroita, my\u00f6s kuntosarjat. Sama numero on k\u00e4yt\u00f6ss\u00e4 kumpanakin p\u00e4iv\u00e4n\u00e4. Numerolaput ovat saatavilla infosta. Numeroissa on vain yksi hakaneula mukana, joten ottakaa omat hakaneulat mukaan.<\/p>\n<p>Rastim\u00e4\u00e4ritteet on painettu karttaan. Rastikoodi on rastinumeron j\u00e4ljess\u00e4. Irrallisia rastim\u00e4\u00e4ritteit\u00e4 ei ole saatavilla.<\/p>\n<h4>Emit-kilpailukortit ja tarkistuskortit<\/h4>\n<p>Kilpailija on itse vastuussa elektronisen kilpailukorttinsa toimivuudesta ja siit\u00e4, ett\u00e4 k\u00e4ytt\u00e4\u00e4 l\u00e4ht\u00f6luettelossa mainittua kilpailukorttia. Muista ilmoittaa emit-korttisi numero.<\/p>\n<p>Muutokset kilpailup\u00e4iv\u00e4n\u00e4 infoon hintaan 5 \u20ac\/muutos.<br \/>\nVuokrakortit infosta hintaan 5 \u20ac\/p\u00e4iv\u00e4.<br \/>\nPalauttamatta j\u00e4tetyst\u00e4 emit-kortista veloitetaan 80 euroa.<br \/>\nKilpailutoimistossa ja l\u00e4ht\u00f6paikalla on saatavissa emit-tarkistusliuskoja.<\/p>\n<p>Maksut voi maksaa k\u00e4teisell\u00e4 tai kortilla.<\/p>\n<h3>L\u00e4hd\u00f6t<\/h3>\n<p>L\u00e4ht\u00f6jen paikat n\u00e4kyv\u00e4t lopussa olevasta kartasta. L\u00e4ht\u00f6ihin on viitoituksena k\u00e4ytetty puna-valkoista nauhaa (ei yhten\u00e4inen) sek\u00e4 maahan pistettyj\u00e4 keppej\u00e4, joissa on punainen viiri ja teksti START.<\/p>\n<h4>Lauantai:<\/h4>\n<p>Riekonlinnan kisakeskuksesta on lauantaina l\u00e4ht\u00f6\u00f6n matkaa 2,5 km. L\u00e4ht\u00f6\u00f6n on viitoitus ulkoilureittej\u00e4 ja moottorikelkkauria pitkin. Matkalla ylitet\u00e4\u00e4n teit\u00e4, ole varovainen ja k\u00e4yt\u00e4 suojateit\u00e4! Varaa aikaa l\u00e4ht\u00f6\u00f6n siirtymiseen reilusti. Yleis\u00f6ll\u00e4 on mahdollisuus tulla seuraamaan l\u00e4ht\u00f6\u00e4.<br \/>\nLauantaina l\u00e4ht\u00f6paikan l\u00e4heisyydess\u00e4 on k\u00e4ym\u00e4l\u00e4\/k\u00e4ym\u00e4l\u00f6it\u00e4.<br \/>\nL\u00e4ht\u00f6paikalla on juomavesipiste.<br \/>\nL\u00e4ht\u00f6paikalle on varattu muovikasseja varusteita varten. Varusteet kuljetetaan maaliin. Kilpailijat vastaavat itse varustekassien merkinn\u00e4st\u00e4 paikalla olevilla huopakynill\u00e4.<br \/>\nEmit-korttien nollaus tapahtuu l\u00e4ht\u00f6paikan l\u00e4heisyydess\u00e4.<br \/>\nKartat ovat numeroittain ja sarjoittain riveiss\u00e4 maassa, katso erillinen L\u00e4ht\u00f6kaavio.<br \/>\nL\u00e4ht\u00f6riveihin siirtyminen aloitetaan noin viisi (5) minuuttia ennen yhteisl\u00e4ht\u00f6\u00e4.<br \/>\nL\u00e4ht\u00f6alue suljetaan noin kaksi (2) minuuttia ennen l\u00e4ht\u00f6\u00e4.<br \/>\nKartat ovat muovisuojuksessa. Karttoihin on merkitty sarja ja kilpailunumero. Parisarjojen kartat on nidottu yhteen.<br \/>\nVarmistakaa ett\u00e4 olette oman karttanne kohdalla.<br \/>\nKartan saa ottaa komennolla \u201dKARTAT\u201d noin 30 sekuntia ennen l\u00e4ht\u00f6merkki\u00e4. Vastuu on kilpailijoilla ett\u00e4 ottavat omat kartat.<br \/>\nKaikkien sarjojen, my\u00f6s kuntosarjojen, l\u00e4ht\u00f6 tapahtuu yhteisl\u00e4hd\u00f6ll\u00e4 klo 13.<\/p>\n<p>Katso oma paikkasi l\u00e4ht\u00f6alueelta ennakkoon <a href=\"https:\/\/tunturisuunnistus.fi\/2022\/tunturi-2022-lahtokaavio-1-pv\/\">t\u00e4st\u00e4<\/a><\/p>\n<h4>Sunnuntai:<\/h4>\n<p>Sunnuntaina l\u00e4ht\u00f6\u00f6n on matkaa noin 1,5 kilometri\u00e4. L\u00e4ht\u00f6\u00f6n on viitoitus ulkoilureitti\u00e4 pitkin l\u00e4ht\u00f6paikalle asti.<br \/>\nL\u00e4ht\u00f6paikalta ei ole varustekuljetusta kilpailukeskukseen.<br \/>\nL\u00e4ht\u00f6viitoituksen varrella on k\u00e4ym\u00e4l\u00e4\/k\u00e4ym\u00e4l\u00f6it\u00e4.<br \/>\nL\u00e4hd\u00f6ss\u00e4 on juomavesipiste.<br \/>\nTakaa-ajol\u00e4hd\u00f6t klo 10.00 \u2013 10.40.<br \/>\nL\u00e4ht\u00f6karsinat on merkitty sarjoittain, kilpailijat siirtyv\u00e4t omaan l\u00e4ht\u00f6karsinaan.<br \/>\nKartat ovat sarjoittain sangoissa l\u00e4ht\u00f6viivan etupuolella. L\u00e4ht\u00f6merkin saatuaan kilpailijat ottavat kartat oman sarjansa sangosta. Vastuu on kilpailijoilla ett\u00e4 ottavat omat kartat.<br \/>\nL\u00e4hd\u00f6n j\u00e4lkeen kilpailijat etenev\u00e4t K-pisteelle, jonne on matkaa noin 100 metri\u00e4.<br \/>\nYhteisl\u00e4ht\u00f6 klo 10.45.<br \/>\nKuntosarjojen yhteisl\u00e4ht\u00f6 klo 11:00.<br \/>\nSunnuntaina on takaa-ajol\u00e4ht\u00f6 1. p\u00e4iv\u00e4n tulosten perusteella kaikilla sarjoilla kuntosarjoja lukuun ottamatta. Takaa-ajoon p\u00e4\u00e4sev\u00e4t mukaan kaikki ne, jotka j\u00e4\u00e4v\u00e4t 1. p\u00e4iv\u00e4n\u00e4 sarjan k\u00e4rkeen korkeintaan 40 minuuttia.<br \/>\nSekaparisarjoissa ik\u00e4hyvitykset 1 min\/1 vuosi yli 80 menev\u00e4lt\u00e4 osalta. Sarjoissa HDB ja HDC ik\u00e4hyvitys on puolet HDA sarjan laskukaavasta py\u00f6ristettyn\u00e4 yl\u00f6sp\u00e4in tasaminuuttiin. Ik\u00e4hyvitykset huomioidaan ensimm\u00e4isen p\u00e4iv\u00e4n tuloksiin. Ik\u00e4hyvityksien mahdollisia korjauksia voi tehd\u00e4 infossa ennen lauantain l\u00e4ht\u00f6\u00e4.<br \/>\nSunnuntain tarkat l\u00e4ht\u00f6ajat ilmoitetaan ilmoitustaululla ja kisasivuilla lauantain tulosten selvitty\u00e4.<br \/>\nToiminta yhteisl\u00e4hd\u00f6ss\u00e4 lauantain tapaan.<\/p>\n<p>Katso oma paikkasi l\u00e4ht\u00f6alueelta ennakkoon <a href=\"https:\/\/tunturisuunnistus.fi\/2022\/tunturi-2022-lahtokaavio-2-pv\/\">t\u00e4st\u00e4<\/a><\/p>\n<h4>Maali<\/h4>\n<p>Kaikki sarjat saapuvat samaan maaliin, johon on viitoitus viimeiselt\u00e4 rastilta (puna-valkoinen nauha). Kilpailussa k\u00e4ytet\u00e4\u00e4n maalileimausta. Parisarjoissa molempien kilpailijoiden on saavuttava maaliin yhdess\u00e4. Jos joukkue ei tule maaliin yhdess\u00e4, tulos hyl\u00e4t\u00e4\u00e4n. J\u00e4lkimm\u00e4isen saapuminen maaliin m\u00e4\u00e4r\u00e4\u00e4 tuloksen. Maalituomari ratkaisee sijoituksen maaliviivan ylityksest\u00e4 tiukoissa tilanteissa. Maaliviivan j\u00e4lkeen on maalileimaus, jonka j\u00e4lkeen kilpailijat etenev\u00e4t maalikarsinaa pitkin leimantarkistukseen. Maali suljetaan lauantaina klo 18.00 ja sunnuntaina klo 16.00. Jos et ehdi ajoissa maaliin, niin soita kilpailukartassa olevaan puhelinnumeroon puh. 050 5940 238<\/p>\n<p>Karttaa ei ker\u00e4t\u00e4 pois maalissa kumpanakaan p\u00e4iv\u00e4n\u00e4.<\/p>\n<h4>V\u00e4liaikarastit<\/h4>\n<p>V\u00e4liaikarasteja ei ole. Viimeinen rasti toimii l\u00e4hestymisrastina.<\/p>\n<h4>GPS-seuranta<\/h4>\n<p>GPS-seurantaa ei ole.<\/p>\n<h4>Juomat<\/h4>\n<p>Maastossa ei ole j\u00e4rjest\u00e4jien toimesta juomarasteja. Virtaavien purojen vesi on kuitenkin p\u00e4\u00e4s\u00e4\u00e4nt\u00f6isesti juomakelpoista. Purojen veden juominen on kilpailijan omalla vastuulla. Muista huolehtia riitt\u00e4v\u00e4st\u00e4 energiasta ja juomasta pitk\u00e4n suorituksen aikana. Varaudu my\u00f6s tunturien nopeasti vaihtuviin s\u00e4\u00e4olosuhteisiin. \u00c4l\u00e4 j\u00e4t\u00e4 maastoon mit\u00e4\u00e4n roskia! Juomapiste on maalissa.<\/p>\n<h4>Kuntosarja<\/h4>\n<p>Kuntosarjaan voi ilmoittautua viel\u00e4 paikan p\u00e4\u00e4ll\u00e4 Riekonlinnan infossa lauantaina klo 11.30 menness\u00e4 ja sunnuntaina klo 9.00 menness\u00e4. Osallistumismaksu kuntosarjaan paikan p\u00e4\u00e4ll\u00e4 ilmoittauduttaessa on 26 euroa \/ henkil\u00f6 \/ p\u00e4iv\u00e4 ja se maksetaan infoon k\u00e4teisell\u00e4 tai kortilla. L\u00e4ht\u00f6 tapahtuu yhteisl\u00e4hd\u00f6ss\u00e4.<\/p>\n<h4>Keskeytt\u00e4neet<\/h4>\n<p>Keskeytt\u00e4neet kilpailijat tulevat normaaliin tapaan maaliin ja ilmoittavat leiman tarkastuksessa keskeytt\u00e4neens\u00e4. <strong>Kaikkien keskeytt\u00e4neiden on ehdottomasti ilmoittauduttava maalissa.<\/strong><\/p>\n<h4>Pesu<\/h4>\n<p>Peseytyminen on mahdollista Lapland Hotel Riekonlinnan saunatiloissa. Yleiset saunat l\u00e4mpim\u00e4n\u00e4 lauantaina klo 15 \u2013 19 ja sunnuntaina 13 &#8211; 19 (pyyhevuokra 2\u20ac). Sis\u00e4tiloihin ei saa menn\u00e4 suunnistuskengill\u00e4. Pesutilat ovat rajalliset, joten suositeltavaa on k\u00e4ytt\u00e4\u00e4 majoitustilojen pesumahdollisuutta.<br \/>\nVarusteiden pesuun on mahdollisuus ulkona hotelli Riekonlinnan \u201dtakapihalla\u201d.<\/p>\n<h4>WC<\/h4>\n<p>L\u00e4hd\u00f6ss\u00e4 on lauantaina k\u00e4ym\u00e4l\u00e4\/k\u00e4ym\u00e4l\u00f6it\u00e4 ja sunnuntain l\u00e4ht\u00f6viitoituksen varrella.<\/p>\n<h4>Ensiapu<\/h4>\n<p>Maastossa on molempina p\u00e4ivin\u00e4 yksi ensiapupiste. Ensiapupiste on merkitty karttaan. Kilpailukeskuksessa on ensiapupaikka. Karttaan on merkitty puhelinnumero: 050\u00a05940 238, josta voi h\u00e4lytt\u00e4\u00e4 tarvittaessa apua paikalle. Oma puhelin on suositeltavaa ottaa mukaan avun h\u00e4lytt\u00e4mist\u00e4 varten, mutta sen tulee olla suljettuna l\u00e4ht\u00f6alueella ja kilpailusuorituksen aikana.<\/p>\n<h4>Vakuutukset<\/h4>\n<p>Kilpailun j\u00e4rjest\u00e4j\u00e4 ei vakuuta osallistujia.<\/p>\n<h4>Muksula<\/h4>\n<p>Kilpailukeskuksessa on muksula, johon tulee ennakkoilmoittautua viimeist\u00e4\u00e4n 2.8.2022 s\u00e4hk\u00f6postitse osoitteella: lapin.sudet(a)gmail.com. Ilmoittautumisen yhteydess\u00e4 tulee mainita muksulaan tulevan lapsen nimi ja ik\u00e4 sek\u00e4 huoltajan nimi ja puhelinnumero.<br \/>\nMuksulan maksu on 10 \u20ac\/p\u00e4iv\u00e4\/lapsi (Huomaa muutos). Maksu suoritetaan k\u00e4teisell\u00e4 tai kortilla, kun lapsi tuodaan muksulaan.<br \/>\nMuksula on avoinna lauantaina 6.8. klo 12.00 \u2013 18.00 ja sunnuntaina 9.00 \u2013 16.00.<br \/>\nLapsen omat ev\u00e4\u00e4t mukaan.<\/p>\n<h4>Ravintola<\/h4>\n<p>Lapland Hotel Riekonlinnan Ravintola Linnansali avoinna la 6.8. ja su 7.8. klo 12-22.30<\/p>\n<p>Keittolounas lauantaina ja sunnuntaina klo 12-15, 14,50 \u20ac \/ hl\u00f6 ja lapset 4-12v. 11,50 \u20ac \/ hl\u00f6<\/p>\n<p>\u00c0 la Carte, klo 16-22<\/p>\n<h4>Muut palvelut<\/h4>\n<p>Kilpailukeskuksessa palvelevat Suunnistajan Kauppa ja Seppo Keltam\u00e4ki.<\/p>\n<h4>Palkintojen jako<\/h4>\n<p>Palkinnot voi noutaa kilpailukeskuksesta sarjoittain, kun sarjan yhteistulos on selvinnyt. Tulosten valmistumisesta ilmoitetaan kuuluttamalla ja tulostaululla. Palkittavien m\u00e4\u00e4r\u00e4t\/sarja julkaistaan kilpailun verkkosivulla ilmoittautumisajan p\u00e4\u00e4tytty\u00e4. Hakematta j\u00e4\u00e4neet palkinnot voi hakea infosta sunnuntaina kello 16 menness\u00e4. Palkinnonsaajan on ilmoitettava henkil\u00f6tunnuksensa, mik\u00e4li sit\u00e4 pyydet\u00e4\u00e4n palkintoa noudettaessa. Kilpailun j\u00e4rjest\u00e4j\u00e4 tekee verolain mukaisen ilmoituksen palkinnoista tulorekisteriin.<\/p>\n<p>Sijoituksen mukaan jaettavien palkintojen lis\u00e4ksi osa palkinnoista arvotaan osallistujien kesken. Arvonnassa voittaneiden nimet julkaistaan kilpailukeskuksen ilmoitustaululla ja kilpailun verkkosivulla sunnuntaiaamuna.<\/p>\n<p><strong>Palkittavien m\u00e4\u00e4r\u00e4t sarjoittain:<\/strong><\/p>\n<p>H21A\u00a0 \u00a02\u00a0\u00a0\u00a0\u00a0\u00a0\u00a0 palkintoa<br \/>\nH21B\u00a0 \u00a01\u00a0\u00a0\u00a0\u00a0\u00a0\u00a0 palkintoa<br \/>\nH21C\u00a0 \u00a03\u00a0\u00a0\u00a0\u00a0\u00a0\u00a0 palkintoa<br \/>\nH80\u00a0 \u00a0 \u00a01\u00a0\u00a0\u00a0\u00a0\u00a0\u00a0 palkintoa<br \/>\nH95\u00a0\u00a0\u00a0\u00a0 1\u00a0\u00a0\u00a0\u00a0\u00a0\u00a0 palkintoa<br \/>\nH110\u00a0\u00a0 1\u00a0\u00a0\u00a0\u00a0\u00a0\u00a0 palkintoa<br \/>\nH125\u00a0\u00a0 1\u00a0\u00a0\u00a0\u00a0\u00a0\u00a0 palkintoa<br \/>\nH140\u00a0\u00a0 1\u00a0\u00a0\u00a0\u00a0\u00a0\u00a0 palkintoa<br \/>\nH32\u00a0\u00a0\u00a0\u00a0 1\u00a0\u00a0\u00a0\u00a0\u00a0\u00a0 palkintoa<br \/>\nH38\u00a0\u00a0\u00a0\u00a0 0\u00a0\u00a0\u00a0\u00a0\u00a0\u00a0 palkintoa<br \/>\nD21A\u00a0 \u00a02\u00a0\u00a0\u00a0\u00a0\u00a0\u00a0 palkintoa<br \/>\nD21C\u00a0 \u00a03\u00a0\u00a0\u00a0\u00a0\u00a0\u00a0 palkintoa<br \/>\nD80\u00a0\u00a0\u00a0\u00a0 0\u00a0\u00a0\u00a0\u00a0\u00a0\u00a0 palkintoa<br \/>\nD95\u00a0\u00a0\u00a0\u00a0 1\u00a0\u00a0\u00a0\u00a0\u00a0\u00a0 palkintoa<br \/>\nD110\u00a0\u00a0 1\u00a0\u00a0\u00a0\u00a0\u00a0\u00a0 palkintoa<br \/>\nD125\u00a0\u00a0 1\u00a0\u00a0\u00a0\u00a0\u00a0\u00a0 palkintoa<br \/>\nD140\u00a0\u00a0 1\u00a0\u00a0\u00a0\u00a0\u00a0\u00a0 palkintoa<br \/>\nD32\u00a0 \u00a0 \u00a01\u00a0\u00a0\u00a0\u00a0\u00a0\u00a0 palkintoa<br \/>\nD38\u00a0\u00a0\u00a0\u00a0 1\u00a0\u00a0\u00a0\u00a0\u00a0\u00a0 palkintoa<br \/>\nHDA\u00a0 \u00a0 3\u00a0\u00a0\u00a0\u00a0\u00a0\u00a0 palkintoa<br \/>\nHDB\u00a0 \u00a0 3\u00a0\u00a0\u00a0\u00a0\u00a0\u00a0 palkintoa<br \/>\nHDC\u00a0 \u00a0 3\u00a0\u00a0\u00a0\u00a0\u00a0\u00a0 palkintoa<br \/>\nHA\u00a0\u00a0\u00a0\u00a0\u00a0 2\u00a0\u00a0\u00a0\u00a0\u00a0\u00a0 palkintoa<br \/>\nHB\u00a0\u00a0\u00a0\u00a0\u00a0 3\u00a0\u00a0\u00a0\u00a0\u00a0\u00a0 palkintoa<br \/>\nDA\u00a0\u00a0\u00a0\u00a0\u00a0 2\u00a0\u00a0\u00a0\u00a0\u00a0\u00a0 palkintoa<br \/>\nDB\u00a0\u00a0\u00a0\u00a0\u00a0 3\u00a0\u00a0\u00a0\u00a0\u00a0\u00a0 palkintoa<br \/>\nKuntopari\u00a0\u00a0\u00a0\u00a0 4\u00a0 palkintoa<br \/>\nKuntohenk.\u00a0 4\u00a0 palkintoa<br \/>\nLis\u00e4ksi kaikkien osallistujien kesken arvotaan muutama palkinto.<\/p>\n<h4>Tulokset<\/h4>\n<p>Tulokset ovat n\u00e4ht\u00e4vill\u00e4 kilpailukeskuksen tulostaululla ja kilpailun verkkosivulla www.tunturisuunnistus\/2022, josta l\u00f6ytyv\u00e4t my\u00f6s v\u00e4liajat sek\u00e4 linkki reittih\u00e4rveliin.<\/p>\n<p><a href=\"http:\/\/tunturisuunnistus.fi\/2022\/wp-content\/uploads\/sites\/21\/Kilpailukeskuksen-paikat-ja-pysakointi-1-scaled.jpg\" data-lightbox=\"image\"><img loading=\"lazy\" decoding=\"async\" src=\"http:\/\/tunturisuunnistus.fi\/2022\/wp-content\/uploads\/sites\/21\/Kilpailukeskuksen-paikat-ja-pysakointi-1-213x300.jpg\" alt=\"\" width=\"213\" height=\"300\" class=\"alignnone size-medium wp-image-1722 img-responsive\" \/><\/a><\/p>\n","protected":false},"excerpt":{"rendered":"<p>Kilpailuohjeet Vastuuhenkil\u00f6t Kilpailunjohtaja: Janne Hannola, janne.hannola@gmail.com, puh. 045 2233 641 Ratamestari: Juhani Yl\u00f6nen, mejussi1959@gmail.com, puh. 0400 672 152 Valvoja: Raimo Tolonen, raimotol@gmail.com, puh. 040 5716 218 Tulospalvelu: Risto Kivinen, risto.kivinen@resultfellows.com, puh. 044 0583 583 Info\/Kisakanslia: Jan Denks 040 5444 298 Muksula: Mirja T\u00f6rm\u00e4nen p. 045 1385 354 Turvallisuusvastaava: Mikael Holma 050\u00a05940 238 Kuulutus: Nina Siltala [&hellip;]<\/p>\n","protected":false},"author":10,"featured_media":0,"parent":0,"menu_order":0,"comment_status":"closed","ping_status":"closed","template":"","meta":{"footnotes":"","_links_to":"","_links_to_target":""},"_links":{"self":[{"href":"https:\/\/tunturisuunnistus.fi\/2022\/wp-json\/wp\/v2\/pages\/1652"}],"collection":[{"href":"https:\/\/tunturisuunnistus.fi\/2022\/wp-json\/wp\/v2\/pages"}],"about":[{"href":"https:\/\/tunturisuunnistus.fi\/2022\/wp-json\/wp\/v2\/types\/page"}],"author":[{"embeddable":true,"href":"https:\/\/tunturisuunnistus.fi\/2022\/wp-json\/wp\/v2\/users\/10"}],"replies":[{"embeddable":true,"href":"https:\/\/tunturisuunnistus.fi\/2022\/wp-json\/wp\/v2\/comments?post=1652"}],"version-history":[{"count":18,"href":"https:\/\/tunturisuunnistus.fi\/2022\/wp-json\/wp\/v2\/pages\/1652\/revisions"}],"predecessor-version":[{"id":1779,"href":"https:\/\/tunturisuunnistus.fi\/2022\/wp-json\/wp\/v2\/pages\/1652\/revisions\/1779"}],"wp:attachment":[{"href":"https:\/\/tunturisuunnistus.fi\/2022\/wp-json\/wp\/v2\/media?parent=1652"}],"curies":[{"name":"wp","href":"https:\/\/api.w.org\/{rel}","templated":true}]}}