{"id":1524,"date":"2022-04-27T23:25:09","date_gmt":"2022-04-27T20:25:09","guid":{"rendered":"https:\/\/tunturisuunnistus.fi\/2022\/?page_id=1524"},"modified":"2022-04-27T23:34:23","modified_gmt":"2022-04-27T20:34:23","slug":"majoitustarjous","status":"publish","type":"page","link":"https:\/\/tunturisuunnistus.fi\/2022\/majoitustarjous\/","title":{"rendered":"Majoitustarjous"},"content":{"rendered":"<h3><strong>Majoitustarjous<\/strong><\/h3>\n<p>Olemme saaneet yhteisty\u00f6kumppaniltamme Lapland Hotels Riekonlinnalta seuraavan majoitustarjouksen Tunturisuunnistukseen osallistuville ajalle 5.-7.8.2022.<\/p>\n<h5><strong>Hotellihuoneet<\/strong><\/h5>\n<p>yhden hengen standard huone 78,00e \/ vrk<br \/>\nkahden hengen standard huone \u00a043,00 eur\/ hl\u00f6 \/ vrk<\/p>\n<p>lis\u00e4vuode, 25 \u20ac \/ hl\u00f6 \/ vrk, lapset 4-14v. -50%<\/p>\n<p>saunallisen huoneen lis\u00e4maksu, 12 \u20ac \/ vrk<\/p>\n<p>superior-huoneen lis\u00e4maksu, 25 \u20ac \/ vrk<\/p>\n<p>saunallisen superior-huoneen lis\u00e4maksu, 37 \u20ac \/ vrk<\/p>\n<p><em>Hinnat sis\u00e4lt\u00e4v\u00e4t buffet aamiaisen, iltasaunan ja wifi:n.<\/em><\/p>\n<p>&nbsp;<\/p>\n<h5><strong>Lomahuoneistot<\/strong><\/h5>\n<p>lomahuoneisto 1 mh , vuodesohva\u00a0 135,00e \/ huoneisto \/ vrk \/ 1-2 hl\u00f6<br \/>\nlomahuoneisto 2 mh, vuodesohva 195,00e\/ huoneisto \/ vrk \/ 2-4 hl\u00f6<\/p>\n<p>lis\u00e4vuode, 25 \u20ac \/ hl\u00f6 \/ vrk, lapset 4-14v. -50%<\/p>\n<p>&nbsp;<\/p>\n<p><strong>My\u00f6s lis\u00e4vuorokaudet ovat samanhintaisia.<\/strong><\/p>\n<p>&nbsp;<\/p>\n<p>Varaukset tehd\u00e4\u00e4n suoraan hotelliin s\u00e4hk\u00f6postilla tai puhelimitse. Kiinti\u00f6 on nimell\u00e4\u00a0<strong>Tunturisuunnistus\u00a02022<\/strong>.<\/p>\n<p>S\u00e4hk\u00f6posti: riekonlinna@laplandhotels.com<\/p>\n<p>Puhelin: 016 559 4455<\/p>\n<p>&nbsp;<\/p>\n<p>Varaus maksetaan kokonaan ennakkoon 7 vrk ennen tulop\u00e4iv\u00e4\u00e4, jonka j\u00e4lkeen peruutuskulut ovat 100%, eik\u00e4 muutokset ole en\u00e4\u00e4 mahdollisia.<\/p>\n<p>&nbsp;<\/p>\n","protected":false},"excerpt":{"rendered":"<p>Majoitustarjous Olemme saaneet yhteisty\u00f6kumppaniltamme Lapland Hotels Riekonlinnalta seuraavan majoitustarjouksen Tunturisuunnistukseen osallistuville ajalle 5.-7.8.2022. Hotellihuoneet yhden hengen standard huone 78,00e \/ vrk kahden hengen standard huone \u00a043,00 eur\/ hl\u00f6 \/ vrk lis\u00e4vuode, 25 \u20ac \/ hl\u00f6 \/ vrk, lapset 4-14v. -50% saunallisen huoneen lis\u00e4maksu, 12 \u20ac \/ vrk superior-huoneen lis\u00e4maksu, 25 \u20ac \/ vrk saunallisen superior-huoneen [&hellip;]<\/p>\n","protected":false},"author":10,"featured_media":0,"parent":0,"menu_order":0,"comment_status":"closed","ping_status":"closed","template":"","meta":{"footnotes":"","_links_to":"","_links_to_target":""},"_links":{"self":[{"href":"https:\/\/tunturisuunnistus.fi\/2022\/wp-json\/wp\/v2\/pages\/1524"}],"collection":[{"href":"https:\/\/tunturisuunnistus.fi\/2022\/wp-json\/wp\/v2\/pages"}],"about":[{"href":"https:\/\/tunturisuunnistus.fi\/2022\/wp-json\/wp\/v2\/types\/page"}],"author":[{"embeddable":true,"href":"https:\/\/tunturisuunnistus.fi\/2022\/wp-json\/wp\/v2\/users\/10"}],"replies":[{"embeddable":true,"href":"https:\/\/tunturisuunnistus.fi\/2022\/wp-json\/wp\/v2\/comments?post=1524"}],"version-history":[{"count":2,"href":"https:\/\/tunturisuunnistus.fi\/2022\/wp-json\/wp\/v2\/pages\/1524\/revisions"}],"predecessor-version":[{"id":1529,"href":"https:\/\/tunturisuunnistus.fi\/2022\/wp-json\/wp\/v2\/pages\/1524\/revisions\/1529"}],"wp:attachment":[{"href":"https:\/\/tunturisuunnistus.fi\/2022\/wp-json\/wp\/v2\/media?parent=1524"}],"curies":[{"name":"wp","href":"https:\/\/api.w.org\/{rel}","templated":true}]}}