{"id":1438,"date":"2021-08-06T12:48:57","date_gmt":"2021-08-06T09:48:57","guid":{"rendered":"http:\/\/tunturisuunnistus.fi\/2021\/?page_id=1438"},"modified":"2021-08-06T12:48:57","modified_gmt":"2021-08-06T09:48:57","slug":"tunturinvalloittajat","status":"publish","type":"page","link":"https:\/\/tunturisuunnistus.fi\/2021\/tunturinvalloittajat\/","title":{"rendered":"Tunturinvalloittajat"},"content":{"rendered":"<h1>Tunturinvalloittajat<\/h1>\n<p>10, 20 ja 25 kertaa Suomen tunturisuunnistukseen osallistuneet palkitaan Tunturinvalloittaja-mitaleilla.<\/p>\n<p>Kilpailijat saavat noutaa Tunturinvalloittaja-mitalin kilpailukeskuksen infosta sunnuntaina kilpailun j\u00e4lkeen. Tarkista omat osallistumiskertasi alla olevista linkeist\u00e4 avautuvista pdf-muotoisista taulukoista.<\/p>\n<ul>\n<li><a href=\"http:\/\/tunturisuunnistus.fi\/2021\/wp-content\/uploads\/sites\/20\/Tunturinvalloittajat-1984-2019_aakkosjarjestys.pdf\">Tunturinvalloittajat aakkosj\u00e4rjestyksess\u00e4<\/a><\/li>\n<li><a href=\"http:\/\/tunturisuunnistus.fi\/2021\/wp-content\/uploads\/sites\/20\/Tunturinvalloittajat-1984-2019_osallistumiskerroittain.pdf\">Tunturinvalloittajat osallistumiskerroittain<\/a><\/li>\n<\/ul>\n","protected":false},"excerpt":{"rendered":"<p>Tunturinvalloittajat 10, 20 ja 25 kertaa Suomen tunturisuunnistukseen osallistuneet palkitaan Tunturinvalloittaja-mitaleilla. Kilpailijat saavat noutaa Tunturinvalloittaja-mitalin kilpailukeskuksen infosta sunnuntaina kilpailun j\u00e4lkeen. Tarkista omat osallistumiskertasi alla olevista linkeist\u00e4 avautuvista pdf-muotoisista taulukoista. Tunturinvalloittajat aakkosj\u00e4rjestyksess\u00e4 Tunturinvalloittajat osallistumiskerroittain<\/p>\n","protected":false},"author":17,"featured_media":0,"parent":0,"menu_order":0,"comment_status":"closed","ping_status":"closed","template":"","meta":{"footnotes":"","_links_to":"","_links_to_target":""},"_links":{"self":[{"href":"https:\/\/tunturisuunnistus.fi\/2021\/wp-json\/wp\/v2\/pages\/1438"}],"collection":[{"href":"https:\/\/tunturisuunnistus.fi\/2021\/wp-json\/wp\/v2\/pages"}],"about":[{"href":"https:\/\/tunturisuunnistus.fi\/2021\/wp-json\/wp\/v2\/types\/page"}],"author":[{"embeddable":true,"href":"https:\/\/tunturisuunnistus.fi\/2021\/wp-json\/wp\/v2\/users\/17"}],"replies":[{"embeddable":true,"href":"https:\/\/tunturisuunnistus.fi\/2021\/wp-json\/wp\/v2\/comments?post=1438"}],"version-history":[{"count":1,"href":"https:\/\/tunturisuunnistus.fi\/2021\/wp-json\/wp\/v2\/pages\/1438\/revisions"}],"predecessor-version":[{"id":1440,"href":"https:\/\/tunturisuunnistus.fi\/2021\/wp-json\/wp\/v2\/pages\/1438\/revisions\/1440"}],"wp:attachment":[{"href":"https:\/\/tunturisuunnistus.fi\/2021\/wp-json\/wp\/v2\/media?parent=1438"}],"curies":[{"name":"wp","href":"https:\/\/api.w.org\/{rel}","templated":true}]}}