{"id":1424,"date":"2021-08-04T22:18:48","date_gmt":"2021-08-04T19:18:48","guid":{"rendered":"http:\/\/tunturisuunnistus.fi\/2021\/?page_id=1424"},"modified":"2021-08-06T12:27:39","modified_gmt":"2021-08-06T09:27:39","slug":"valvojan-lausunto","status":"publish","type":"page","link":"https:\/\/tunturisuunnistus.fi\/2021\/valvojan-lausunto\/","title":{"rendered":"Valvojan lausunto"},"content":{"rendered":"<p>Parin vuoden kuluttua 40 vuoden ik\u00e4\u00e4n p\u00e4\u00e4sev\u00e4 Suomen Tunturisuunnistus on j\u00e4lleen rantautunut Yll\u00e4kselle. Edellisen kerran Yll\u00e4ksell\u00e4 suunnistettiin tuntureilla kolme vuotta sitten vieropalkisen j\u00e4rjestelyorganisaation j\u00e4rjest\u00e4mill\u00e4 kilpailuilla. Nyt j\u00e4rjestelyvastuussa on Yll\u00e4ksen Rasti.<\/p>\n<p>J\u00e4rjest\u00e4j\u00e4t ovat panostaneet suunnistusnautintojen tarjoamiseen mm. valitsemalla molemmille p\u00e4iville eri maastot. Rastipisteet on valittu huolella kuten ratamestari on ennakkoon asiasta kirjoitellut. Suunnistajat p\u00e4\u00e4sev\u00e4t kokemaan hienoja Yll\u00e4ksen tunturimaisemia sek\u00e4 hyv\u00e4pohjaista maastoa. Pahimmat kivikot on otettu huomioon ratasuunnittelussa. Ne mitk\u00e4 sijaitsevat rastiv\u00e4leill\u00e4, on reitinvalinnoilla ohitettavissa.<\/p>\n<p>Kaikissa sarjoissa molempina p\u00e4ivin\u00e4 on sama kartan mittakaava eli 1: 25\u00a0000. T\u00e4llaisen kartan tarkkuus ei ole samaa tasoa kuin normaalin suunnistuskartan \u2013 mm.\u00a0 pienet maastonmuodot eiv\u00e4t n\u00e4y kartassa. Avonaisella alueella osa rasteista n\u00e4kyy aika kaukaakin, mutta mets\u00e4isill\u00e4 osuuksilla on vastaavasti tarkastikin otettavia rasteja, joten aina ei parane suunnistaa \u201dhehtaarihahlolla\u201d.<\/p>\n<p>Kilpailupaikalle saapuvien on eritt\u00e4in t\u00e4rke\u00e4\u00e4 lukea ennakkoon j\u00e4rjest\u00e4jien antamat ohjeet. Paikoitusalueena k\u00e4ytet\u00e4\u00e4n mm. Aakenuksentiet\u00e4, joka on aika kapea. Liikenteenohjaajien neuvoja noudattamalla varmistetaan ohi kulkevan liikenteen sujuminen. Kilpailujen nettisivuilla on my\u00f6s koronaohjeita, joita p\u00e4ivitet\u00e4\u00e4n tarvittaessa \u2013 suunnista koronaturvallisesti tunturiin.<\/p>\n<p>Kilpailualue on l\u00e4hes kokonaan Pallas-Yll\u00e4stunturin kansallispuiston alueella. Muutama luontokohde on merkattu karttaan kielletyksi alueeksi, maastoon vastaavaa merkkausta ei ole tehty. N\u00e4m\u00e4 luontokohteet on otettu huomioon ratasuunnittelussa, pitkulaisen kohteen l\u00e4pi saa menn\u00e4 vain karttaan merkatusta ylityspaikasta. My\u00f6s poroerotuspaikka on merkattu kielletyksi alueeksi. N\u00e4it\u00e4 merkkauksia pit\u00e4\u00e4 ehdottomasti noudattaa.<\/p>\n<p>Huolehditaan my\u00f6s siit\u00e4, ett\u00e4 itse kukin tuo tunturista pois sinne kuljettamansa energiapatukoiden ja geelipakkausten kuoret. Pidet\u00e4\u00e4n herkk\u00e4 tunturiluonto siistin\u00e4.<\/p>\n<p>Nautinnollista tunturisuunnistusta.<\/p>\n<p><em>Velu Sipola, Suunta 2000<\/em><\/p>\n<p>Kilpailunvalvoja<\/p>\n","protected":false},"excerpt":{"rendered":"<p>Parin vuoden kuluttua 40 vuoden ik\u00e4\u00e4n p\u00e4\u00e4sev\u00e4 Suomen Tunturisuunnistus on j\u00e4lleen rantautunut Yll\u00e4kselle. Edellisen kerran Yll\u00e4ksell\u00e4 suunnistettiin tuntureilla kolme vuotta sitten vieropalkisen j\u00e4rjestelyorganisaation j\u00e4rjest\u00e4mill\u00e4 kilpailuilla. Nyt j\u00e4rjestelyvastuussa on Yll\u00e4ksen Rasti. J\u00e4rjest\u00e4j\u00e4t ovat panostaneet suunnistusnautintojen tarjoamiseen mm. valitsemalla molemmille p\u00e4iville eri maastot. Rastipisteet on valittu huolella kuten ratamestari on ennakkoon asiasta kirjoitellut. Suunnistajat p\u00e4\u00e4sev\u00e4t kokemaan hienoja [&hellip;]<\/p>\n","protected":false},"author":18,"featured_media":0,"parent":0,"menu_order":0,"comment_status":"closed","ping_status":"closed","template":"","meta":{"footnotes":"","_links_to":"","_links_to_target":""},"_links":{"self":[{"href":"https:\/\/tunturisuunnistus.fi\/2021\/wp-json\/wp\/v2\/pages\/1424"}],"collection":[{"href":"https:\/\/tunturisuunnistus.fi\/2021\/wp-json\/wp\/v2\/pages"}],"about":[{"href":"https:\/\/tunturisuunnistus.fi\/2021\/wp-json\/wp\/v2\/types\/page"}],"author":[{"embeddable":true,"href":"https:\/\/tunturisuunnistus.fi\/2021\/wp-json\/wp\/v2\/users\/18"}],"replies":[{"embeddable":true,"href":"https:\/\/tunturisuunnistus.fi\/2021\/wp-json\/wp\/v2\/comments?post=1424"}],"version-history":[{"count":4,"href":"https:\/\/tunturisuunnistus.fi\/2021\/wp-json\/wp\/v2\/pages\/1424\/revisions"}],"predecessor-version":[{"id":1435,"href":"https:\/\/tunturisuunnistus.fi\/2021\/wp-json\/wp\/v2\/pages\/1424\/revisions\/1435"}],"wp:attachment":[{"href":"https:\/\/tunturisuunnistus.fi\/2021\/wp-json\/wp\/v2\/media?parent=1424"}],"curies":[{"name":"wp","href":"https:\/\/api.w.org\/{rel}","templated":true}]}}