{"id":790,"date":"2019-07-27T20:51:17","date_gmt":"2019-07-27T17:51:17","guid":{"rendered":"http:\/\/tunturisuunnistus.fi\/2019\/?page_id=790"},"modified":"2019-08-02T23:16:42","modified_gmt":"2019-08-02T20:16:42","slug":"kilpailuohjeet","status":"publish","type":"page","link":"https:\/\/tunturisuunnistus.fi\/2019\/kilpailuohjeet\/","title":{"rendered":"Kilpailuohjeet"},"content":{"rendered":"<h2>Kilpailuohjeet<\/h2>\n<p>Alustavat kilpailuohjeet<\/p>\n<p>&nbsp;<\/p>\n<h3>Vastuuhenkil\u00f6t<\/h3>\n<p>Kilpailun johtaja\/tiedottaja Niina Jaako, njaako(a)gmail.com, puh. 0504144119<\/p>\n<p>Ratamestariryhm\u00e4n johtaja Jorma Pietil\u00e4inen, jormapietilainen20(a)gmail.com, puh. 0400391419,<\/p>\n<p>Valvoja Arto Vilppola, AlatPi, puh. 040 868 4980<\/p>\n<p>Tulospalvelu Daniel Lehtonen<\/p>\n<p>&nbsp;<\/p>\n<h3>Tuomarineuvosto<\/h3>\n<p>Tuomarineuvoston puheenjohtaja Kauko P\u00e4\u00e4kk\u00f6l\u00e4, LapVe<\/p>\n<p>J\u00e4senet Mirka Haataja, YKNM ja Susanna Tervo, IFK Liding\u00f6<\/p>\n<p>&nbsp;<\/p>\n<p>&nbsp;<\/p>\n<p>Kilpailun suojelija kunnanjohtaja Jari Rantapelkonen<\/p>\n<h3>S\u00e4\u00e4nn\u00f6t<\/h3>\n<p>Kilpailuissa noudatetaan Suomen Suunnistusliiton s\u00e4\u00e4nt\u00f6j\u00e4 ja j\u00e4rjest\u00e4j\u00e4n antamia ohjeita.<\/p>\n<p>&nbsp;<\/p>\n<h3>Kilpailukeskus<\/h3>\n<p>Kilpisj\u00e4rven luontokeskus, K\u00e4sivarrentie 14145, 99490 Enonteki\u00f6<\/p>\n<p>&nbsp;<\/p>\n<h3>Paikoitus<\/h3>\n<p>Pys\u00e4k\u00f6inti py\u00f6r\u00e4tien varteen, matka kilpailukeskukseen max. 1 km. Kilpailijoilla ei ole lupa pys\u00e4k\u00f6id\u00e4 Luontokeskuksen parkkipaikoille. Suosi majoituspaikan pys\u00e4k\u00f6inti\u00e4.<\/p>\n<p>&nbsp;<\/p>\n<h3>Info<\/h3>\n<p>Luontokeskuksessa perjantaina klo 17-20, lauantaina klo 10-12.30, 13.30-18 ja sunnuntaina klo 8-16.<\/p>\n<p>&nbsp;<\/p>\n<h3>Kartta<\/h3>\n<p>Tunturisuunnistuskartta 7\/2019, mittakaava 1:30 000 \/ 1:25 000; k\u00e4yr\u00e4v\u00e4li 5 metri\u00e4.<\/p>\n<p>&nbsp;<\/p>\n<h3>Sarjat ja matkat<\/h3>\n<p><a href=\"http:\/\/tunturisuunnistus.fi\/2019\/wp-content\/uploads\/sites\/19\/Sarjat_ja_matkat.pdf\">Sarjat ja matkat 2019<\/a><\/p>\n<h3>Maasto<\/h3>\n<p>Kilpisj\u00e4rven tunturialue. Suomen ja Norjan v\u00e4linen valtakunnan raja on merkitty karttoihin, mutta ei maastoon.<\/p>\n<p>&nbsp;<\/p>\n<h3>Kielletyt alueet<\/h3>\n<p>Kielletyt alueet on merkitty karttaan. Poroaidan saa ainoastaan alittaa, paitsi porteista, jotka on suljettava.<\/p>\n<p>&nbsp;<\/p>\n<h3>Rastit ja leimaus<\/h3>\n<p>Rastirakennelmat ovat mallirastin mukaisia.<\/p>\n<p>Parisarjoissa k\u00e4ytet\u00e4\u00e4n kahta Emit-kilpailukorttia. Parin on juostava koko kilpailu ja k\u00e4yt\u00e4v\u00e4 kaikilla rasteilla yhdess\u00e4. Parin molempien j\u00e4senten tulee leimata kaikilla rasteilla. Mallirasti sijaitsee Luontokeskuksen pihassa. Mallirastilla on 0-leimasin, jolla voi tarkistaa Emit-kortin toiminnan.<\/p>\n<p>&nbsp;<\/p>\n<h3>Kilpailunumerot ja rastinm\u00e4\u00e4ritteet<\/h3>\n<p>Kaikki kilpailijat k\u00e4ytt\u00e4v\u00e4t kilpailunumeroita. Sama numero on k\u00e4yt\u00f6ss\u00e4 kumpanakin p\u00e4iv\u00e4n\u00e4. Numerolaput ovat saatavilla kilpailukeskuksessa naruun ripustettuina. Numeroissa ei ole hakaneuloja, ottakaa omat hakaneulat mukaan.<\/p>\n<p>Rastinm\u00e4\u00e4ritteet on painettu karttaan. Irrallisia rastinm\u00e4\u00e4ritteit\u00e4 ei ole.<\/p>\n<p>&nbsp;<\/p>\n<h3>EMIT-kilpailukortit ja tarkistuskortit<\/h3>\n<p>Kilpailija on itse vastuussa elektronisen kilpailukorttinsa toimivuudesta ja siit\u00e4, ett\u00e4 k\u00e4ytt\u00e4\u00e4 l\u00e4ht\u00f6luettelossa mainittua kilpailukorttia. Muista ilmoittaa emitkorttisi numero.Muutokset kilpailup\u00e4iv\u00e4n\u00e4 5 \u20ac.<\/p>\n<p>Vuokrakortit saa infosta hintaan 5 \u20ac\/p\u00e4iv\u00e4. K\u00e4teismaksu. Palauttamatta j\u00e4tetyst\u00e4 EMIT-kortista veloitetaan 80 euroa. Numeroiden l\u00e4hell\u00e4 ja l\u00e4ht\u00f6paikalla on saatavissa EMIT-tarkistuskortteja.<\/p>\n<p>&nbsp;<\/p>\n<h3>L\u00e4hd\u00f6t<\/h3>\n<p>L\u00e4ht\u00f6paikka sama molempina p\u00e4ivin\u00e4.<\/p>\n<p>Luontokeskuksesta l\u00e4ht\u00f6\u00f6n on 2,8 km. \u00a0Viitoitus (sininen naru) l\u00e4htee Luontokeskuksesta, josta 1 km py\u00f6r\u00e4tiet\u00e4 ja 1,8 km polkua. \u00a0L\u00e4ht\u00f6\u00f6n menoon on varattava reilusti aikaa, v\u00e4hint\u00e4\u00e4n 45 min. L\u00e4ht\u00f6\u00f6n menee kapea polku, joka on pelkk\u00e4\u00e4 yl\u00e4m\u00e4ke\u00e4.<\/p>\n<p>K-market Kilpishallin pihalla on kaksi kilpailijoille tarkoitettua k\u00e4ym\u00e4l\u00e4\u00e4. K\u00e4ym\u00e4l\u00f6iden niukkuuden vuoksi suosi oman majapaikan vessaa sek\u00e4 luontokeskuksen vessoja. Huomioi, ett\u00e4 parkkipaikan j\u00e4lkeen l\u00e4ht\u00f6paikalla ei vessoja ole.<\/p>\n<p>Yhteisl\u00e4ht\u00f6 suljetaan 2 min ennen l\u00e4ht\u00f6\u00e4. My\u00f6h\u00e4styneet eiv\u00e4t p\u00e4\u00e4se maastoon yhteisl\u00e4hd\u00f6ss\u00e4 vaan my\u00f6hemmin.<\/p>\n<p>Emit nollaus ja GPS-laitteiden jako tapahtuu l\u00e4ht\u00f6alueelle saavuttaessa.<\/p>\n<p>&nbsp;<\/p>\n<p>Lauantai:<\/p>\n<p>L\u00e4ht\u00f6 tapahtuu yhteisl\u00e4hd\u00f6ll\u00e4 klo 13. L\u00e4ht\u00f6\u00f6n j\u00e4rjest\u00e4ydyt\u00e4\u00e4n rintanumeroittain 30 joukkueen riveihin (ensimm\u00e4iseen riviin nrot 1-30, toiseen nrot 31-60, kolmanteen nrot 61-90, jne.) toimitsijoiden ohjeiden mukaisesti. L\u00e4ht\u00f6riveihin siirtyminen aloitetaan 8 minuuttia ennen l\u00e4ht\u00f6\u00e4. Karttojen jakaminen aloitetaan 3 minuuttia ennen l\u00e4ht\u00f6\u00e4. Kartanjakajat antavat sinulle kilpailunumeroasi vastaavan kartan. Parisarjojen kartat on nidottu yhteen. Varmista, ett\u00e4 kilpailunumerosi ja kartan numero ovat samat. Viimek\u00e4dess\u00e4 suunnistaja itse vastaa, ett\u00e4 h\u00e4nell\u00e4 on oikea kartta.<\/p>\n<p>&nbsp;<\/p>\n<p>Karttaa ei saa avata ennen l\u00e4ht\u00f6merkki\u00e4.<\/p>\n<p>&nbsp;<\/p>\n<p>Sunnuntai:<\/p>\n<p>takaa-ajol\u00e4hd\u00f6t 10-10.40. Yhteisl\u00e4ht\u00f6 klo 10.40, kuntosarjat klo 11.<\/p>\n<p>&nbsp;<\/p>\n<p>Sunnuntaina on takaa-ajol\u00e4ht\u00f6 1. p\u00e4iv\u00e4n tulosten perusteella kaikilla sarjoilla kuntosarjaa lukuun ottamatta. Takaa-ajoon p\u00e4\u00e4sev\u00e4t mukaan kaikki ne, jotka j\u00e4\u00e4v\u00e4t 1. p\u00e4iv\u00e4n\u00e4 sarjansa k\u00e4rkeen korkeintaan 40 minuuttia. Sekaparisarjoissa ik\u00e4hyvitykset (1 min\/ 1 vuosi yli 80 menev\u00e4lt\u00e4 osalta) huomioidaan ensimm\u00e4isen p\u00e4iv\u00e4n tuloksiin. Ik\u00e4hyvityksien mahdollisia korjauksia voi tehd\u00e4 infossa ennen lauantain l\u00e4ht\u00f6\u00e4.<\/p>\n<p>Sunnuntain tarkat l\u00e4ht\u00f6ajat ilmoitetaan tulostaululla ja kisasivuilla lauantain tulosten selvitty\u00e4.<\/p>\n<p>Toiminta yhteisl\u00e4hd\u00f6ss\u00e4 lauantain tapaan.<\/p>\n<p>L\u00e4ht\u00f6paikalta ei ole varustekuljetusta kilpailukeskukseen.<\/p>\n<h3>Maali<\/h3>\n<p>Kaikki sarjat saapuvat samaan maaliin, johon on viitoitus viimeiselt\u00e4 rastilta. Kilpailussa k\u00e4ytet\u00e4\u00e4n maalileimausta. Parisarjoissa molempien kilpailijoiden on saavuttava maaliin yhdess\u00e4. Jos joukkue ei tule maaliin yhdess\u00e4, tulos hyl\u00e4t\u00e4\u00e4n. J\u00e4lkimm\u00e4isen saapuminen maaliin m\u00e4\u00e4r\u00e4\u00e4 tuloksen. Maalituomari ratkaisee sijoituksen maaliviivan ylityksest\u00e4 tiukoissa tilanteissa. Maali suljetaan lauantaina klo 18.00 ja sunnuntaina klo 16.00. Jos et ehdi ajoissa maaliin, niin soita puh.0445808222. Karttaa ei ker\u00e4t\u00e4 pois maalissa kumpanakaan p\u00e4iv\u00e4n\u00e4.<\/p>\n<p>&nbsp;<\/p>\n<p>&nbsp;<\/p>\n<h3>V\u00e4liajat<\/h3>\n<p>V\u00e4liaikarasteja ei ole. Viimeinen rasti toimii l\u00e4hestymisrastina.<\/p>\n<p>&nbsp;<\/p>\n<h3>GPS-seuranta<\/h3>\n<p>GPS-seuranta on sarjoissa H21A, D21A, HDA, HA ja DA, mahdollisesti my\u00f6s H\/D 32 ja 38. Seurattavien nimet julkistetaan kisasivuilla ja infossa perjantaina.<\/p>\n<p>&nbsp;<\/p>\n<p>GPS-seurantalaiteet jaetaan molempina p\u00e4ivin\u00e4 l\u00e4ht\u00f6alueella. GPS-laitteet palautetaan molempina p\u00e4ivin\u00e4 kisan j\u00e4lkeen maalissa Luontokeskukseen.<\/p>\n<p>Kilpailijoiden etenemist\u00e4 voi seurata Luontokeskuksessa.<\/p>\n<p>&nbsp;<\/p>\n<h3>Juomat<\/h3>\n<p>Maastossa ei ole j\u00e4rjest\u00e4jien toimesta juomarasteja. Virtaavien purojen vesi on kuitenkin puhdasta ja juomakelpoista. Puroista veden juominen on kuitenkin kilpailijan omalla vastuulla.\u00a0 Huolehdi riitt\u00e4v\u00e4st\u00e4 energiasta ja juomasta pitk\u00e4n suorituksen aikana. \u00c4l\u00e4 j\u00e4t\u00e4 maastoon mit\u00e4\u00e4n roskia!! Vett\u00e4 ja mehua on saatavilla kilpailukeskuksessa.<\/p>\n<h3>Kuntosarja<\/h3>\n<p>Kuntosarjaan voi ilmoittautua my\u00f6s paikan p\u00e4\u00e4ll\u00e4 kilpailukeskuksen infossa lauantaina klo 11.30 menness\u00e4 ja sunnuntaina klo 9:00 menness\u00e4 tai niin kauan kuin karttoja riitt\u00e4\u00e4. Kuntosuunnistusmaksu paikan p\u00e4\u00e4ll\u00e4 ilmoittauduttaessa on 25 euroa \/ henkil\u00f6 \/ p\u00e4iv\u00e4 ja se maksetaan infoon k\u00e4teisell\u00e4. L\u00e4ht\u00f6 tapahtuu yhteisl\u00e4ht\u00f6in\u00e4 muiden sarjojen kanssa.<\/p>\n<p>&nbsp;<\/p>\n<h3>Keskeytt\u00e4neet<\/h3>\n<p>Keskeytt\u00e4nyt kilpailija tulee normaaliin tapaan maaliin ja ilmoittaa leimantarkastuksessa keskeytt\u00e4neens\u00e4. Kaikkien keskeytt\u00e4neiden on ehdottomasti ilmoittauduttava maalissa.<\/p>\n<p>&nbsp;<\/p>\n<h3>Pesu<\/h3>\n<p>Kilpailukeskuksessa ei ole pesupaikkaa. Laplandhotels Kilpiksen saunat ja rantasaunat l\u00e4mpim\u00e4n\u00e4 seuraavasti:<\/p>\n<p>la 3.8. hotellin saunat avoinna miehille klo 14-15 ja naisille klo 15-17, rantasaunat molemmille klo 16-21<\/p>\n<p>su 4.8. hotellin saunat avoinna miehille klo 11-12.30 ja klo 14-15.30 ja naisille klo 12.30-14 ja 15.30-17, rantasaunat molemmille klo 16-21.<\/p>\n<p>&nbsp;<\/p>\n<p>Saunan hinta 10 euroa \/ hl\u00f6 maksetaan hotellin vastaanottoon, ennakkovarausta ei tarvita, pyyhevuokra 5 eur\/kpl. Lis\u00e4ksi tarjolla on erillistilattava perhe- \/ tilaussauna 35 eur\/h (1-4 hl\u00f6\u00e4), varaukset puhelimitse 016\u00a0323\u00a0300.<\/p>\n<p>Kilpisj\u00e4rvess\u00e4 uiminen on ilmaista.<\/p>\n<p>&nbsp;<\/p>\n<h3>WC<\/h3>\n<p>Kilpailukeskuksessa on 5 kpl sis\u00e4vessoja. K-market Kilpishallinpihalla on 2 kpl bajamajoja. L\u00e4ht\u00f6paikalla ei ole vessoja. Suosi majapaikan vessaa, jos y\u00f6vyt Kilpisj\u00e4rven kyl\u00e4keskuksessa!<\/p>\n<p>&nbsp;<\/p>\n<p>Suunnistuskeng\u00e4t jalassa ei saa menn\u00e4 sis\u00e4tiloihin.<\/p>\n<p>&nbsp;<\/p>\n<h3>Ensiapu<\/h3>\n<p>Kilpailukeskuksessa on ensiapupaikka. Karttaan on merkitty puhelinnumero 0445808222, josta voi h\u00e4lytt\u00e4\u00e4 tarvittaessa apua paikalle.<\/p>\n<p>Oman k\u00e4nnykk\u00e4 on syyt\u00e4 turvallisuussyist\u00e4 ottaa mukaan, mutta sen tulee olla suljettuna l\u00e4ht\u00f6alueella ja kilpailusuorituksen aikana. Puhelin kilpailukeskukseen 0445808222 talleta puhelimeesi.<\/p>\n<p>&nbsp;<\/p>\n<h3>Muksula<\/h3>\n<p>Kilpailukeskuksessa on muksula, johon on ennakkoon ilmoittauduttu.<\/p>\n<p>&nbsp;<\/p>\n<h3>Ravintola<\/h3>\n<p>Luontokeskuksessa ei ole kahvilaa eik\u00e4 ravintolaa. Luontokeskus sijaitsee Kilpisj\u00e4rven keskustassa, jossa sijaitsee useita kahviloita ja ravintoloita aivan l\u00e4hiet\u00e4isyydell\u00e4<\/p>\n<p>&nbsp;<\/p>\n<h3>Palkintojen jako<\/h3>\n<p>Sunnuntaina palkinnot jaetaan yhteistulosten mukaan tulosten selvitty\u00e4. Palkittavien m\u00e4\u00e4r\u00e4t on n\u00e4ht\u00e4viss\u00e4 kilpailuohjeessa j\u00e4ljemp\u00e4n\u00e4. Palkinnot saa infosta, palkinnonsaajan on ilmoitettava sosiaaliturvatunnus uuden verolain mukaisesti. <a href=\"http:\/\/tunturisuunnistus.fi\/2019\/wp-content\/uploads\/sites\/19\/Palkittavien-m\u00e4\u00e4r\u00e4.pdf\">Palkittavien m\u00e4\u00e4r\u00e4<\/a><\/p>\n<p>Kuntosarjojen palkinnot arvotaan. Arvonnan voittajien nimet julkistetaan kilpailukeskuksen ilmoitustaululla sunnuntaiaamuna.<\/p>\n<p>Tunturinvalloittaja-mitaleita 10, 20 ja 25 osallistumiskerrasta voi noutaa infosta.<\/p>\n<h3>Tulokset<\/h3>\n<p>Tulokset ovat n\u00e4ht\u00e4vill\u00e4 tulostaululla sek\u00e4 kisasivuilla www.tunturisuunnistus.fi\/2019 . Kisasivuilla on n\u00e4ht\u00e4viss\u00e4 my\u00f6s v\u00e4liajat.<\/p>\n<p>&nbsp;<\/p>\n","protected":false},"excerpt":{"rendered":"<p>Kilpailuohjeet Alustavat kilpailuohjeet &nbsp; Vastuuhenkil\u00f6t Kilpailun johtaja\/tiedottaja Niina Jaako, njaako(a)gmail.com, puh. 0504144119 Ratamestariryhm\u00e4n johtaja Jorma Pietil\u00e4inen, jormapietilainen20(a)gmail.com, puh. 0400391419, Valvoja Arto Vilppola, AlatPi, puh. 040 868 4980 Tulospalvelu Daniel Lehtonen &nbsp; Tuomarineuvosto Tuomarineuvoston puheenjohtaja Kauko P\u00e4\u00e4kk\u00f6l\u00e4, LapVe J\u00e4senet Mirka Haataja, YKNM ja Susanna Tervo, IFK Liding\u00f6 &nbsp; &nbsp; Kilpailun suojelija kunnanjohtaja Jari Rantapelkonen S\u00e4\u00e4nn\u00f6t Kilpailuissa [&hellip;]<\/p>\n","protected":false},"author":15,"featured_media":0,"parent":0,"menu_order":0,"comment_status":"closed","ping_status":"closed","template":"","meta":{"footnotes":"","_links_to":"","_links_to_target":""},"_links":{"self":[{"href":"https:\/\/tunturisuunnistus.fi\/2019\/wp-json\/wp\/v2\/pages\/790"}],"collection":[{"href":"https:\/\/tunturisuunnistus.fi\/2019\/wp-json\/wp\/v2\/pages"}],"about":[{"href":"https:\/\/tunturisuunnistus.fi\/2019\/wp-json\/wp\/v2\/types\/page"}],"author":[{"embeddable":true,"href":"https:\/\/tunturisuunnistus.fi\/2019\/wp-json\/wp\/v2\/users\/15"}],"replies":[{"embeddable":true,"href":"https:\/\/tunturisuunnistus.fi\/2019\/wp-json\/wp\/v2\/comments?post=790"}],"version-history":[{"count":23,"href":"https:\/\/tunturisuunnistus.fi\/2019\/wp-json\/wp\/v2\/pages\/790\/revisions"}],"predecessor-version":[{"id":891,"href":"https:\/\/tunturisuunnistus.fi\/2019\/wp-json\/wp\/v2\/pages\/790\/revisions\/891"}],"wp:attachment":[{"href":"https:\/\/tunturisuunnistus.fi\/2019\/wp-json\/wp\/v2\/media?parent=790"}],"curies":[{"name":"wp","href":"https:\/\/api.w.org\/{rel}","templated":true}]}}