{"id":736,"date":"2019-05-21T21:19:23","date_gmt":"2019-05-21T18:19:23","guid":{"rendered":"http:\/\/tunturisuunnistus.fi\/2019\/?page_id=736"},"modified":"2019-05-21T21:20:19","modified_gmt":"2019-05-21T18:20:19","slug":"inbjudan","status":"publish","type":"page","link":"https:\/\/tunturisuunnistus.fi\/2019\/inbjudan\/","title":{"rendered":"Inbjudan"},"content":{"rendered":"\n<p><strong>Finlands Fj\u00e4llorientering\u00a0i Kilpisj\u00e4rvi 3.-4.8.2019\u00a0<\/strong><\/p>\n\n\n\n<p><strong>Klasser<\/strong><\/p>\n\n\n\n<p><strong>Parklasser<\/strong>: H\/D21A, H21B, H\/D21C, H\/D80, H\/D95, H\/D110, H\/D125, H140,H\/D38, H\/D32.&nbsp;I klasserna 32\/38 \u00e4r den totala \u00e5ldern&nbsp;h\u00f6gst&nbsp;32\/38 \u00e5r och i 80\/95\/110\/125\/140-klasserna \u00e4r den totala \u00e5ldern minst 80\/95\/110\/125\/140 \u00e5r.<\/p>\n\n\n\n<p><strong>Mixparklassser<\/strong>:H\/DA, H\/DB, H\/DC, idessaf\u00e5r paret \u00e5lderskompensation 1 min\/\u00e5r d\u00e5 parets sammanlagda \u00e5lder \u00f6verstiger 80 \u00e5r.&nbsp;Deltagarnasf\u00f6delse\u00e5r b\u00f6r uppges i samband med anm\u00e4lning i dessa klasser.&nbsp;<\/p>\n\n\n\n<p><strong>Individuella klasser<\/strong><strong>:<\/strong>H\/DA , H\/DB&nbsp;<\/p>\n\n\n\n<p><strong>Motionsklasser<\/strong><strong>:<\/strong>Du kan deltaindividuellt (KUNTOHENK) eller som par (KUNTOPARI).&nbsp;<\/p>\n\n\n\n<p><strong>Anm\u00e4lningar<\/strong><\/p>\n\n\n\n<p>Anm\u00e4lning via IRMA systemet(<a href=\"https:\/\/irma.suunnistusliitto.fi\/\">https:\/\/irma.suunnistusliitto.fi<\/a>) f\u00f6re midnatt 25.7. Om du&nbsp;inte&nbsp;har licens, m\u00e5ste du f\u00f6rst registrera&nbsp;dig iIRMA systemet. Det \u00e4r m\u00f6jligt att anm\u00e4la sig f\u00f6r b\u00e5da dagar med IRMA, men om dubara&nbsp;deltaren dag,&nbsp;anm\u00e4l dig tilldaniel.lehtonen(a)pp.inet.fi och betala din avgift till konto FI905533004009998, L\u00e4nsi-Rajan Rasti.<br>Efteranm\u00e4lan \u00e4r m\u00f6jligt mot 1,5-g\u00e5nger normal t\u00e4vlingsavgift f\u00f6re midnatt 29.7.&nbsp;I motionsklasser kan man&nbsp;anm\u00e4la sig&nbsp;motnormal avgift \u00e4nnu p\u00e5 t\u00e4vlingsplatsen.&nbsp;<\/p>\n\n\n\n<p><strong>Avgifter<\/strong><\/p>\n\n\n\n<p>Parklasser: 68 \u20ac\/par, individuella klasser:34 \u20ac\/person,&nbsp;motionsklass: 60 \u20ac\/par,30 \u20ac\/person,ungdomsklasser:60\u20ac\/par. Avgiften f\u00f6r en dag \u00e4r h\u00e4lften av de f\u00f6reg\u00e5ende n\u00e4mnda avgifterna.&nbsp;Motionsklass25\u20ac\/dag\/person p\u00e5 t\u00e4vlingsplatsen .<\/p>\n\n\n\n<p><strong>Start<\/strong><\/p>\n\n\n\n<p>P\u00e5 l\u00f6rdag 3.8.&nbsp;gemensam startkl. 13:00.<\/p>\n\n\n\n<p>P\u00e5 s\u00f6ndag 4.8. jakstart fr\u00e5n kl. 10:00.&nbsp;Motionsklassergemensam startkl 11.00.<\/p>\n\n\n\n<p><strong>St\u00e4mpling<\/strong><\/p>\n\n\n\n<p>Emit-st\u00e4mpling, i parklasserna&nbsp;anv\u00e4nder b\u00e4gge deltagarna var sin&nbsp;Emit-bricka. Om du har en egen Emit-bricka&nbsp;m\u00e5ste numret anges i samband med anm\u00e4lan. Arrang\u00f6rer reserverar en hyresEmit-bricka f\u00f6r dem som inte har egen bricka. Brickan kan h\u00e4mtas fr\u00e5n info&nbsp;motett pris av 5\u20ac\/dag.<\/p>\n\n\n\n<p><strong>TC<\/strong><\/p>\n\n\n\n<p>Kilpisj\u00e4rven Luontokeskus, K\u00e4sivarrentie 14145, 99490 Enontekio. Parkering i n\u00e4rheten av TC.&nbsp;<\/p>\n\n\n\n<p><strong>Karta<\/strong><\/p>\n\n\n\n<p>Fj\u00e4llorienteringskarta , skala 1:25 000 eller 1:30 000&nbsp;<\/p>\n\n\n\n<p><strong>Terr<\/strong><strong>\u00e4ng<\/strong><\/p>\n\n\n\n<p>Fj\u00e4llterr\u00e4ng vid Kilpisj\u00e4rvi.&nbsp;<\/p>\n\n\n\n<p><strong>Priser<\/strong><\/p>\n\n\n\n<p>Priser utdelas&nbsp;eftersammanlagdtresultat. I&nbsp;motionsklass lottas prisernaut.&nbsp;<\/p>\n\n\n\n<p><strong>Funktion<\/strong><strong>\u00e4rer<\/strong><\/p>\n\n\n\n<p><strong>T\u00e4vlingsledare\/Informat\u00f6r:<\/strong>Niina Jaako,\u00a0<a>njaako(a)gmail.com<\/a>, 0504144119<br><strong>Banl\u00e4ggare:<\/strong>Jorma Pietil\u00e4inen, <a>jormapietilainen20(a)gmail.com<\/a>, 0400391419\u00a0<\/p>\n\n\n\n<p><strong>\u00d6<\/strong><strong>vervakare:<\/strong>: Arto Vilppola, AlatPi&nbsp;<\/p>\n\n\n\n<p><strong>T\u00e4vlingssidor:<\/strong>http:\/\/www.tunturisuunnistus.fi\/2019\/<\/p>\n","protected":false},"excerpt":{"rendered":"<p>Finlands Fj\u00e4llorientering\u00a0i Kilpisj\u00e4rvi 3.-4.8.2019\u00a0 Klasser Parklasser: H\/D21A, H21B, H\/D21C, H\/D80, H\/D95, H\/D110, H\/D125, H140,H\/D38, H\/D32.&nbsp;I klasserna 32\/38 \u00e4r den totala \u00e5ldern&nbsp;h\u00f6gst&nbsp;32\/38 \u00e5r och i 80\/95\/110\/125\/140-klasserna \u00e4r den totala \u00e5ldern minst 80\/95\/110\/125\/140 \u00e5r. Mixparklassser:H\/DA, H\/DB, H\/DC, idessaf\u00e5r paret \u00e5lderskompensation 1 min\/\u00e5r d\u00e5 parets sammanlagda \u00e5lder \u00f6verstiger 80 \u00e5r.&nbsp;Deltagarnasf\u00f6delse\u00e5r b\u00f6r uppges i samband med anm\u00e4lning i dessa [&hellip;]<\/p>\n","protected":false},"author":15,"featured_media":0,"parent":0,"menu_order":0,"comment_status":"closed","ping_status":"closed","template":"","meta":{"footnotes":"","_links_to":"","_links_to_target":""},"_links":{"self":[{"href":"https:\/\/tunturisuunnistus.fi\/2019\/wp-json\/wp\/v2\/pages\/736"}],"collection":[{"href":"https:\/\/tunturisuunnistus.fi\/2019\/wp-json\/wp\/v2\/pages"}],"about":[{"href":"https:\/\/tunturisuunnistus.fi\/2019\/wp-json\/wp\/v2\/types\/page"}],"author":[{"embeddable":true,"href":"https:\/\/tunturisuunnistus.fi\/2019\/wp-json\/wp\/v2\/users\/15"}],"replies":[{"embeddable":true,"href":"https:\/\/tunturisuunnistus.fi\/2019\/wp-json\/wp\/v2\/comments?post=736"}],"version-history":[{"count":3,"href":"https:\/\/tunturisuunnistus.fi\/2019\/wp-json\/wp\/v2\/pages\/736\/revisions"}],"predecessor-version":[{"id":740,"href":"https:\/\/tunturisuunnistus.fi\/2019\/wp-json\/wp\/v2\/pages\/736\/revisions\/740"}],"wp:attachment":[{"href":"https:\/\/tunturisuunnistus.fi\/2019\/wp-json\/wp\/v2\/media?parent=736"}],"curies":[{"name":"wp","href":"https:\/\/api.w.org\/{rel}","templated":true}]}}