{"id":668,"date":"2019-03-30T16:33:20","date_gmt":"2019-03-30T14:33:20","guid":{"rendered":"http:\/\/tunturisuunnistus.fi\/2019\/?page_id=668"},"modified":"2019-07-06T23:06:15","modified_gmt":"2019-07-06T20:06:15","slug":"kilpailukeskus","status":"publish","type":"page","link":"https:\/\/tunturisuunnistus.fi\/2019\/kilpailukeskus\/","title":{"rendered":"Kilpailukeskus"},"content":{"rendered":"<h1>Kilpailukeskus<\/h1>\n\n\n<p>Kilpailukeskus sijaitsee Kilpisj\u00e4rven luontokeskuksessa noin 700 m p\u00e4\u00e4ss\u00e4 hotellilta ja kaupalta.<\/p>\n\n\n\n<p><a href=\"https:\/\/www.luontoon.fi\/kilpisjarvenluontokeskus\">https:\/\/www.luontoon.fi\/kilpisjarvenluontokeskus<\/a><\/p>\n","protected":false},"excerpt":{"rendered":"<p>Kilpailukeskus Kilpailukeskus sijaitsee Kilpisj\u00e4rven luontokeskuksessa noin 700 m p\u00e4\u00e4ss\u00e4 hotellilta ja kaupalta. https:\/\/www.luontoon.fi\/kilpisjarvenluontokeskus<\/p>\n","protected":false},"author":15,"featured_media":0,"parent":0,"menu_order":0,"comment_status":"closed","ping_status":"closed","template":"","meta":{"footnotes":"","_links_to":"","_links_to_target":""},"_links":{"self":[{"href":"https:\/\/tunturisuunnistus.fi\/2019\/wp-json\/wp\/v2\/pages\/668"}],"collection":[{"href":"https:\/\/tunturisuunnistus.fi\/2019\/wp-json\/wp\/v2\/pages"}],"about":[{"href":"https:\/\/tunturisuunnistus.fi\/2019\/wp-json\/wp\/v2\/types\/page"}],"author":[{"embeddable":true,"href":"https:\/\/tunturisuunnistus.fi\/2019\/wp-json\/wp\/v2\/users\/15"}],"replies":[{"embeddable":true,"href":"https:\/\/tunturisuunnistus.fi\/2019\/wp-json\/wp\/v2\/comments?post=668"}],"version-history":[{"count":9,"href":"https:\/\/tunturisuunnistus.fi\/2019\/wp-json\/wp\/v2\/pages\/668\/revisions"}],"predecessor-version":[{"id":759,"href":"https:\/\/tunturisuunnistus.fi\/2019\/wp-json\/wp\/v2\/pages\/668\/revisions\/759"}],"wp:attachment":[{"href":"https:\/\/tunturisuunnistus.fi\/2019\/wp-json\/wp\/v2\/media?parent=668"}],"curies":[{"name":"wp","href":"https:\/\/api.w.org\/{rel}","templated":true}]}}