{"id":530,"date":"2018-07-17T18:32:04","date_gmt":"2018-07-17T15:32:04","guid":{"rendered":"http:\/\/tunturisuunnistus.fi\/2018\/?page_id=530"},"modified":"2018-07-17T18:32:04","modified_gmt":"2018-07-17T15:32:04","slug":"harjoituskieltoalue","status":"publish","type":"page","link":"https:\/\/tunturisuunnistus.fi\/2018\/harjoituskieltoalue\/","title":{"rendered":"Harjoituskieltoalue"},"content":{"rendered":"<p>Harjoituskielto on voimassa ajanjaksolla 29.7 &#8211; 5.8.2018 kuvaan merkityll\u00e4 alueella Kes\u00e4nkij\u00e4rvelt\u00e4 Pyh\u00e4tunturin pohjoispuolelle.<\/p>\n<p><a href=\"http:\/\/tunturisuunnistus.fi\/2018\/wp-content\/uploads\/sites\/18\/Harjoituskielto-Tunturisuunnistus-2018.jpg\" data-lightbox=\"image\"><img loading=\"lazy\" decoding=\"async\" src=\"http:\/\/tunturisuunnistus.fi\/2018\/wp-content\/uploads\/sites\/18\/Harjoituskielto-Tunturisuunnistus-2018-300x233.jpg\" alt=\"Harjoituskielto Tunturisuunnistus 2018\" width=\"300\" height=\"233\" class=\"aligncenter size-medium wp-image-531 img-responsive\" \/><\/a><\/p>\n","protected":false},"excerpt":{"rendered":"<p>Harjoituskielto on voimassa ajanjaksolla 29.7 &#8211; 5.8.2018 kuvaan merkityll\u00e4 alueella Kes\u00e4nkij\u00e4rvelt\u00e4 Pyh\u00e4tunturin pohjoispuolelle.<\/p>\n","protected":false},"author":14,"featured_media":0,"parent":0,"menu_order":0,"comment_status":"closed","ping_status":"closed","template":"","meta":{"footnotes":"","_links_to":"","_links_to_target":""},"_links":{"self":[{"href":"https:\/\/tunturisuunnistus.fi\/2018\/wp-json\/wp\/v2\/pages\/530"}],"collection":[{"href":"https:\/\/tunturisuunnistus.fi\/2018\/wp-json\/wp\/v2\/pages"}],"about":[{"href":"https:\/\/tunturisuunnistus.fi\/2018\/wp-json\/wp\/v2\/types\/page"}],"author":[{"embeddable":true,"href":"https:\/\/tunturisuunnistus.fi\/2018\/wp-json\/wp\/v2\/users\/14"}],"replies":[{"embeddable":true,"href":"https:\/\/tunturisuunnistus.fi\/2018\/wp-json\/wp\/v2\/comments?post=530"}],"version-history":[{"count":2,"href":"https:\/\/tunturisuunnistus.fi\/2018\/wp-json\/wp\/v2\/pages\/530\/revisions"}],"predecessor-version":[{"id":533,"href":"https:\/\/tunturisuunnistus.fi\/2018\/wp-json\/wp\/v2\/pages\/530\/revisions\/533"}],"wp:attachment":[{"href":"https:\/\/tunturisuunnistus.fi\/2018\/wp-json\/wp\/v2\/media?parent=530"}],"curies":[{"name":"wp","href":"https:\/\/api.w.org\/{rel}","templated":true}]}}