{"id":994,"date":"2017-08-01T09:58:51","date_gmt":"2017-08-01T06:58:51","guid":{"rendered":"http:\/\/tunturisuunnistus.fi\/2017\/?page_id=994"},"modified":"2017-08-01T09:58:51","modified_gmt":"2017-08-01T06:58:51","slug":"valvojan-lausunto","status":"publish","type":"page","link":"https:\/\/tunturisuunnistus.fi\/2017\/valvojan-lausunto\/","title":{"rendered":"Valvojan lausunto"},"content":{"rendered":"<p><strong>Suomen Tunturisuunnistus Kiilop\u00e4\u00e4 5.8.\u20136.8.2017<\/strong><\/p>\n<p><strong>Valvojan lausunto<\/strong><\/p>\n<p>Mik\u00e4 sopisikaan Suomen 100-vuotisjuhlavuoden Tunturisuunnistuksen pitopaikaksi paremmin kuin Kiilop\u00e4\u00e4 ja Saarisel\u00e4n maisemat, jossa suunnistajat p\u00e4\u00e4sev\u00e4t kokemaan suurten tuntureiden tarjoamat haasteet osin Urho Kekkosen kansallispuiston alueella! Ratamestarit ovat my\u00f6s suunnitelleet radat niin, ett\u00e4 jokainen sarja p\u00e4\u00e4see nauttimaan avoimista ja hyv\u00e4kulkuisista tunturipaljakoista ja hienoista tunturimaisemista.<\/p>\n<p>Edellisen kerran Lapin Veikot j\u00e4rjesti Tunturin Kiilop\u00e4\u00e4ll\u00e4 2010 ja sen j\u00e4lkeen on suunnistettu hieman pohjoisempana Saarisel\u00e4n alueella 2013 OH:n ja 2015 LaSun is\u00e4nn\u00f6imin\u00e4, joten monille kilpailijoista n\u00e4m\u00e4 rinteet ovat jo tuttuja. Kuitenkin tunturit tarjoavat aina ennen kokemattomia el\u00e4myksi\u00e4 uusien reitinvalintojen ja omien voimavarojen mittaamisen merkeiss\u00e4.<\/p>\n<p>Maastoa ja karttaa on kuvattu hyvin kilpailuohjeissa \u2013 lukekaa tarkasti. Varsinkin ensikertalaisten on hyv\u00e4 tiedostaa kartan mittakaava ja suurpiirteisyys normaaliin suunnistuskarttaan verrattuna. Kaikkia maastonmuotoja ei kartalla ole kuvattu, mutta tunturissa etenemisen ja suunnistamisen kannalta kaikki oleellinen l\u00f6ytyy. Avonaisten tunturilakien lis\u00e4ksi tarjolla on my\u00f6s hieman tunturikoivikkoa, jossa n\u00e4kyvyys vaihtelee ja antaa oman haasteensa rastinotolle. Joissakin maastonkohdissa olisi voinut k\u00e4ytt\u00e4\u00e4 my\u00f6s tiheikk\u00f6kuvausta, mutta kartan tasalaatuisuuden vuoksi se olisi vaatinut huomattavasti laajempaa kartoitusta. Karttaan merkittyjen polkujen lis\u00e4ksi alueella on runsaasti porojen ja vaeltajien tallaamia kulku-uria.<\/p>\n<p>Vaativat radat ja tunturit yhdess\u00e4 kokeneiden kisaj\u00e4rjest\u00e4jien kanssa tarjoavat erinomaiset puitteet hyv\u00e4lle kisaviikonlopulle. Vaikka maastonmuodot ovat p\u00e4\u00e4osin py\u00f6re\u00e4hk\u00f6j\u00e4 ja hyvi\u00e4 juosta, l\u00f6ytyy radoilta my\u00f6s jyrkemp\u00e4\u00e4 rinnett\u00e4 ja rikkonaisempaa pohjaa. Ollaan siis my\u00f6s riitt\u00e4v\u00e4n varovaisia ja jarrutellaan v\u00e4h\u00e4n poroaitojakin alittaessa tai ylitt\u00e4ess\u00e4, ettei tule vahinkoja niin itselle kuin aidallekaan. Ja ennen kaikkea muistetaan tunturisuunnistuksen peruss\u00e4\u00e4nt\u00f6: maastoon ei suunnistajan j\u00e4ljilt\u00e4 j\u00e4\u00e4 kuin tossunj\u00e4lki, kaikki muu ylim\u00e4\u00e4r\u00e4inen mukana kannettu tuodaan my\u00f6s maaliin saakka!<\/p>\n<p><strong>Jyrki Itkonen, OH<\/strong><\/p>\n<p><strong>Kilpailun valvoja<\/strong><\/p>\n<p>&nbsp;<\/p>\n","protected":false},"excerpt":{"rendered":"<p>Suomen Tunturisuunnistus Kiilop\u00e4\u00e4 5.8.\u20136.8.2017 Valvojan lausunto Mik\u00e4 sopisikaan Suomen 100-vuotisjuhlavuoden Tunturisuunnistuksen pitopaikaksi paremmin kuin Kiilop\u00e4\u00e4 ja Saarisel\u00e4n maisemat, jossa suunnistajat p\u00e4\u00e4sev\u00e4t kokemaan suurten tuntureiden tarjoamat haasteet osin Urho Kekkosen kansallispuiston alueella! Ratamestarit ovat my\u00f6s suunnitelleet radat niin, ett\u00e4 jokainen sarja p\u00e4\u00e4see nauttimaan avoimista ja hyv\u00e4kulkuisista tunturipaljakoista ja hienoista tunturimaisemista. Edellisen kerran Lapin Veikot j\u00e4rjesti Tunturin [&hellip;]<\/p>\n","protected":false},"author":13,"featured_media":0,"parent":0,"menu_order":0,"comment_status":"closed","ping_status":"closed","template":"","meta":{"footnotes":"","_links_to":"","_links_to_target":""},"_links":{"self":[{"href":"https:\/\/tunturisuunnistus.fi\/2017\/wp-json\/wp\/v2\/pages\/994"}],"collection":[{"href":"https:\/\/tunturisuunnistus.fi\/2017\/wp-json\/wp\/v2\/pages"}],"about":[{"href":"https:\/\/tunturisuunnistus.fi\/2017\/wp-json\/wp\/v2\/types\/page"}],"author":[{"embeddable":true,"href":"https:\/\/tunturisuunnistus.fi\/2017\/wp-json\/wp\/v2\/users\/13"}],"replies":[{"embeddable":true,"href":"https:\/\/tunturisuunnistus.fi\/2017\/wp-json\/wp\/v2\/comments?post=994"}],"version-history":[{"count":1,"href":"https:\/\/tunturisuunnistus.fi\/2017\/wp-json\/wp\/v2\/pages\/994\/revisions"}],"predecessor-version":[{"id":995,"href":"https:\/\/tunturisuunnistus.fi\/2017\/wp-json\/wp\/v2\/pages\/994\/revisions\/995"}],"wp:attachment":[{"href":"https:\/\/tunturisuunnistus.fi\/2017\/wp-json\/wp\/v2\/media?parent=994"}],"curies":[{"name":"wp","href":"https:\/\/api.w.org\/{rel}","templated":true}]}}