{"id":21,"date":"2013-02-15T15:05:27","date_gmt":"2013-02-15T13:05:27","guid":{"rendered":"http:\/\/tunturisuunnistus.fi2014\/?page_id=21"},"modified":"2017-08-03T10:23:26","modified_gmt":"2017-08-03T07:23:26","slug":"uutiset","status":"publish","type":"page","link":"https:\/\/tunturisuunnistus.fi\/2017\/uutiset\/","title":{"rendered":"Uutiset"},"content":{"rendered":"<p>T\u00e4nne p\u00e4ivitet\u00e4\u00e4n tulevan Tunturisuunnistuksen ajankohtainen informaatio kisojen l\u00e4hestyess\u00e4. Seuraa my\u00f6s kilpailun <a href=\"https:\/\/fi-fi.facebook.com\/tunturisuunnistus\/\" target=\"_blank\">Facebookkia<\/a> ja <a href=\"https:\/\/twitter.com\/laverastit\" target=\"_blank\">Twitteri\u00e4!<\/a><\/p>\n<ul>\n<li>Tunturisuunnistus l\u00f6ytyy nyt my\u00f6s <a target=\"_blank\" href=\"https:\/\/irma.suunnistusliitto.fi\/irma\/public\/competitioncalendar\/view\">Irmasta <\/a>(Lis\u00e4tty 26.3.2017)<\/li>\n<li><a href=\"https:\/\/goo.gl\/forms\/plfOzPm1iOmt8wTr1\" target=\"_blank\">Yhteydenottolomakkeella<\/a> voit l\u00e4hett\u00e4\u00e4 viestej\u00e4 ja palautetta j\u00e4rjest\u00e4jille. (Lis\u00e4tty 21.4.2017)<\/li>\n<li>Kilpailukutsu lis\u00e4tty sivuille (5.6.2017)<\/li>\n<li>Ilmoittautuminen avattu <a href=\"https:\/\/irma.suunnistusliitto.fi\/irma\/public\/competitioncalendar\/view\" target=\"_blank\">Irmaan<\/a> (5.6.2017)<\/li>\n<li>Ilmoittautuminen p\u00e4\u00e4ttynyt. Kilpailuun ilmoittautunut t\u00e4h\u00e4n menness\u00e4 l\u00e4hes 800 suunnistajaa. J\u00e4lki-ilmoittautuminen p\u00e4\u00e4ttyy 1.8.2017 kello 24:00.<\/li>\n<li>Kilpailun valvojan lausunto lis\u00e4tty sivuille 1.8.2017<\/li>\n<li>Kilpailuohjeet lis\u00e4tty sivuille 2.8.2017<\/li>\n<li><a href=\"http:\/\/www.resultfellows.com\/2017\/tunturi\/\" target=\"_blank\">Tulospalvelusivut<\/a> avattu 3.8.2017.<\/li>\n<\/ul>\n<p>&nbsp;<\/p>\n","protected":false},"excerpt":{"rendered":"<p>T\u00e4nne p\u00e4ivitet\u00e4\u00e4n tulevan Tunturisuunnistuksen ajankohtainen informaatio kisojen l\u00e4hestyess\u00e4. Seuraa my\u00f6s kilpailun Facebookkia ja Twitteri\u00e4! Tunturisuunnistus l\u00f6ytyy nyt my\u00f6s Irmasta (Lis\u00e4tty 26.3.2017) Yhteydenottolomakkeella voit l\u00e4hett\u00e4\u00e4 viestej\u00e4 ja palautetta j\u00e4rjest\u00e4jille. (Lis\u00e4tty 21.4.2017) Kilpailukutsu lis\u00e4tty sivuille (5.6.2017) Ilmoittautuminen avattu Irmaan (5.6.2017) Ilmoittautuminen p\u00e4\u00e4ttynyt. Kilpailuun ilmoittautunut t\u00e4h\u00e4n menness\u00e4 l\u00e4hes 800 suunnistajaa. J\u00e4lki-ilmoittautuminen p\u00e4\u00e4ttyy 1.8.2017 kello 24:00. Kilpailun valvojan lausunto [&hellip;]<\/p>\n","protected":false},"author":1,"featured_media":853,"parent":0,"menu_order":0,"comment_status":"closed","ping_status":"closed","template":"","meta":{"footnotes":"","_links_to":"","_links_to_target":""},"_links":{"self":[{"href":"https:\/\/tunturisuunnistus.fi\/2017\/wp-json\/wp\/v2\/pages\/21"}],"collection":[{"href":"https:\/\/tunturisuunnistus.fi\/2017\/wp-json\/wp\/v2\/pages"}],"about":[{"href":"https:\/\/tunturisuunnistus.fi\/2017\/wp-json\/wp\/v2\/types\/page"}],"author":[{"embeddable":true,"href":"https:\/\/tunturisuunnistus.fi\/2017\/wp-json\/wp\/v2\/users\/1"}],"replies":[{"embeddable":true,"href":"https:\/\/tunturisuunnistus.fi\/2017\/wp-json\/wp\/v2\/comments?post=21"}],"version-history":[{"count":19,"href":"https:\/\/tunturisuunnistus.fi\/2017\/wp-json\/wp\/v2\/pages\/21\/revisions"}],"predecessor-version":[{"id":1009,"href":"https:\/\/tunturisuunnistus.fi\/2017\/wp-json\/wp\/v2\/pages\/21\/revisions\/1009"}],"wp:featuredmedia":[{"embeddable":true,"href":"https:\/\/tunturisuunnistus.fi\/2017\/wp-json\/wp\/v2\/media\/853"}],"wp:attachment":[{"href":"https:\/\/tunturisuunnistus.fi\/2017\/wp-json\/wp\/v2\/media?parent=21"}],"curies":[{"name":"wp","href":"https:\/\/api.w.org\/{rel}","templated":true}]}}