{"id":868,"date":"2016-07-02T20:12:56","date_gmt":"2016-07-02T17:12:56","guid":{"rendered":"http:\/\/tunturisuunnistus.fi\/2016\/?page_id=868"},"modified":"2016-07-02T20:12:56","modified_gmt":"2016-07-02T17:12:56","slug":"karttapaloja","status":"publish","type":"page","link":"https:\/\/tunturisuunnistus.fi\/2016\/karttapaloja\/","title":{"rendered":"Karttapaloja"},"content":{"rendered":"<h2>Karttapaloja<\/h2>\n<p>Alla muutamia otoksia viimeistelyn alla olevasta\u00a0kilpailukartasta. N\u00e4ille tuntureille p\u00e4\u00e4st\u00e4\u00e4n elokuussa!<\/p>\n<p><a href=\"http:\/\/tunturisuunnistus.fi\/2016\/wp-content\/uploads\/sites\/10\/karttapala1.jpg\" data-lightbox=\"image\" rel=\"attachment wp-att-869\"><img loading=\"lazy\" decoding=\"async\" class=\"alignnone size-full wp-image-869\" src=\"http:\/\/tunturisuunnistus.fi\/2016\/wp-content\/uploads\/sites\/10\/karttapala1.jpg\" alt=\"karttapala1\" width=\"555\" height=\"441\" \/><\/a><\/p>\n<p><a href=\"http:\/\/tunturisuunnistus.fi\/2016\/wp-content\/uploads\/sites\/10\/karttapala2.jpg\" data-lightbox=\"image\" rel=\"attachment wp-att-870\"><img loading=\"lazy\" decoding=\"async\" class=\"alignnone size-full wp-image-870\" src=\"http:\/\/tunturisuunnistus.fi\/2016\/wp-content\/uploads\/sites\/10\/karttapala2.jpg\" alt=\"karttapala2\" width=\"516\" height=\"449\" \/><\/a><\/p>\n<p><a href=\"http:\/\/tunturisuunnistus.fi\/2016\/wp-content\/uploads\/sites\/10\/karttapala3.jpg\" data-lightbox=\"image\" rel=\"attachment wp-att-871\"><img loading=\"lazy\" decoding=\"async\" class=\"alignnone size-full wp-image-871\" src=\"http:\/\/tunturisuunnistus.fi\/2016\/wp-content\/uploads\/sites\/10\/karttapala3.jpg\" alt=\"karttapala3\" width=\"435\" height=\"379\" \/><\/a><\/p>\n<p><a href=\"http:\/\/tunturisuunnistus.fi\/2016\/wp-content\/uploads\/sites\/10\/karttapala4.jpg\" data-lightbox=\"image\" rel=\"attachment wp-att-872\"><img loading=\"lazy\" decoding=\"async\" class=\"alignnone size-full wp-image-872\" src=\"http:\/\/tunturisuunnistus.fi\/2016\/wp-content\/uploads\/sites\/10\/karttapala4.jpg\" alt=\"karttapala4\" width=\"467\" height=\"431\" \/><\/a><\/p>\n<p><a href=\"http:\/\/tunturisuunnistus.fi\/2016\/wp-content\/uploads\/sites\/10\/karttapala5.jpg\" data-lightbox=\"image\" rel=\"attachment wp-att-873\"><img loading=\"lazy\" decoding=\"async\" class=\"alignnone size-full wp-image-873\" src=\"http:\/\/tunturisuunnistus.fi\/2016\/wp-content\/uploads\/sites\/10\/karttapala5.jpg\" alt=\"karttapala5\" width=\"394\" height=\"353\" \/><\/a><\/p>\n<p>&nbsp;<\/p>\n","protected":false},"excerpt":{"rendered":"<p>Karttapaloja Alla muutamia otoksia viimeistelyn alla olevasta\u00a0kilpailukartasta. N\u00e4ille tuntureille p\u00e4\u00e4st\u00e4\u00e4n elokuussa! &nbsp;<\/p>\n","protected":false},"author":11,"featured_media":0,"parent":0,"menu_order":0,"comment_status":"closed","ping_status":"closed","template":"","meta":{"footnotes":"","_links_to":"","_links_to_target":""},"_links":{"self":[{"href":"https:\/\/tunturisuunnistus.fi\/2016\/wp-json\/wp\/v2\/pages\/868"}],"collection":[{"href":"https:\/\/tunturisuunnistus.fi\/2016\/wp-json\/wp\/v2\/pages"}],"about":[{"href":"https:\/\/tunturisuunnistus.fi\/2016\/wp-json\/wp\/v2\/types\/page"}],"author":[{"embeddable":true,"href":"https:\/\/tunturisuunnistus.fi\/2016\/wp-json\/wp\/v2\/users\/11"}],"replies":[{"embeddable":true,"href":"https:\/\/tunturisuunnistus.fi\/2016\/wp-json\/wp\/v2\/comments?post=868"}],"version-history":[{"count":2,"href":"https:\/\/tunturisuunnistus.fi\/2016\/wp-json\/wp\/v2\/pages\/868\/revisions"}],"predecessor-version":[{"id":875,"href":"https:\/\/tunturisuunnistus.fi\/2016\/wp-json\/wp\/v2\/pages\/868\/revisions\/875"}],"wp:attachment":[{"href":"https:\/\/tunturisuunnistus.fi\/2016\/wp-json\/wp\/v2\/media?parent=868"}],"curies":[{"name":"wp","href":"https:\/\/api.w.org\/{rel}","templated":true}]}}