{"id":851,"date":"2016-06-20T18:24:34","date_gmt":"2016-06-20T15:24:34","guid":{"rendered":"http:\/\/tunturisuunnistus.fi\/2016\/?page_id=851"},"modified":"2016-08-03T15:32:18","modified_gmt":"2016-08-03T12:32:18","slug":"kilpailukutsu","status":"publish","type":"page","link":"https:\/\/tunturisuunnistus.fi\/2016\/kilpailukutsu\/","title":{"rendered":"Kilpailukutsu"},"content":{"rendered":"<h4 style=\"text-align: center\">KILPAILUKUTSU<\/h4>\n<p style=\"text-align: center\"><strong>Suomen Tunturisuunnistus Vuontispirtill\u00e4 6.-7.8.2016<\/strong><\/p>\n<p style=\"text-align: right\"><em>Kutsuun tarkennettu 2.7.2016 matkoja sarjoittain<\/em><\/p>\n<p><strong>Sarjat<\/strong><\/p>\n<p>Parisarjat: H21A, B, C, D21A, C, sekasarjat: HDA, B, C, maksimiyhteisik\u00e4sarjat: H32, 38, D32, 38, minimiyhteisik\u00e4sarjat: H80, 95, 110, 125, 140, D80, 95, 110, 125<\/p>\n<p>Henkil\u00f6kohtaiset sarjat: HA, HB, DA, DB<\/p>\n<p>Kuntosarja: Voit osallistua yksin tai parin kanssa.<\/p>\n<p>Kaikkiin sarjoihin voi osallistua ilman lisenssi\u00e4.<\/p>\n<p>Sekaparisarjoissa (HDA, B ja C) ik\u00e4hyvitys 1 min\/vuosi, kun parin yhteisik\u00e4 ylitt\u00e4\u00e4 70 vuotta. Kyseisiin sarjoihin ilmoittauduttaessa ilmoitettava kilpailijoiden syntym\u00e4vuodet, jos haluaa ik\u00e4hyvityksi\u00e4.<\/p>\n<p><strong>Matkat<\/strong><\/p>\n<p>Erikoispitk\u00e4t matkat (1,5 \u2013 2 x pitk\u00e4 matka), <strong>alustavat<\/strong> matkat seuraavat (voivat viel\u00e4 hieman muuttua ratamestarity\u00f6n edetess\u00e4 kes\u00e4n aikana):<\/p>\n<p>Sarja\u00a0\u00a0\u00a0\u00a0\u00a0\u00a0\u00a0\u00a0\u00a0\u00a0\u00a0\u00a0\u00a0\u00a0\u00a0\u00a0\u00a0\u00a0 lauantai \u00a0\u00a0\u00a0\u00a0\u00a0\u00a0\u00a0\u00a0\u00a0\u00a0\u00a0\u00a0\u00a0\u00a0\u00a0sunnuntai<\/p>\n<p>H21A\u00a0\u00a0\u00a0\u00a0\u00a0\u00a0\u00a0\u00a0\u00a0\u00a0\u00a0\u00a0\u00a0\u00a0\u00a0\u00a0\u00a0\u00a0 23,2 \u00a0\u00a0\u00a0\u00a0\u00a0\u00a0\u00a0\u00a0\u00a0\u00a0\u00a0\u00a0\u00a0\u00a0\u00a0\u00a0\u00a0\u00a0\u00a0 25,5<br \/>\nH21B\u00a0\u00a0\u00a0\u00a0\u00a0\u00a0\u00a0\u00a0\u00a0\u00a0\u00a0\u00a0\u00a0\u00a0\u00a0\u00a0\u00a0\u00a0 20,0 \u00a0\u00a0\u00a0\u00a0\u00a0\u00a0\u00a0\u00a0\u00a0\u00a0\u00a0\u00a0\u00a0\u00a0\u00a0\u00a0\u00a0\u00a0\u00a0 21,2<br \/>\nH21C\u00a0\u00a0\u00a0\u00a0\u00a0\u00a0\u00a0\u00a0\u00a0\u00a0\u00a0\u00a0\u00a0\u00a0\u00a0\u00a0\u00a0\u00a0 15,1 \u00a0\u00a0\u00a0\u00a0\u00a0\u00a0\u00a0\u00a0\u00a0\u00a0\u00a0\u00a0\u00a0\u00a0\u00a0\u00a0\u00a0\u00a0\u00a0 14,9<br \/>\nH80\u00a0\u00a0\u00a0\u00a0\u00a0\u00a0\u00a0\u00a0\u00a0\u00a0\u00a0\u00a0\u00a0\u00a0\u00a0\u00a0\u00a0\u00a0\u00a0\u00a0 20,0 \u00a0\u00a0\u00a0\u00a0\u00a0\u00a0\u00a0\u00a0\u00a0\u00a0\u00a0\u00a0\u00a0\u00a0\u00a0\u00a0\u00a0\u00a0\u00a0 19,9<br \/>\nH95\u00a0\u00a0\u00a0\u00a0\u00a0\u00a0\u00a0\u00a0\u00a0\u00a0\u00a0\u00a0\u00a0\u00a0\u00a0\u00a0\u00a0\u00a0\u00a0\u00a0 18,8\u00a0\u00a0\u00a0\u00a0\u00a0 \u00a0\u00a0\u00a0\u00a0\u00a0\u00a0\u00a0\u00a0\u00a0\u00a0\u00a0\u00a0\u00a0\u00a0\u00a018,5<br \/>\nH110\u00a0\u00a0\u00a0\u00a0\u00a0\u00a0\u00a0\u00a0\u00a0\u00a0\u00a0\u00a0\u00a0\u00a0\u00a0\u00a0\u00a0\u00a0 15,4 \u00a0\u00a0\u00a0\u00a0\u00a0\u00a0\u00a0\u00a0\u00a0\u00a0\u00a0\u00a0\u00a0\u00a0\u00a0\u00a0\u00a0\u00a0\u00a0 15,7<br \/>\nH125\u00a0\u00a0\u00a0\u00a0\u00a0\u00a0\u00a0\u00a0\u00a0\u00a0\u00a0\u00a0\u00a0\u00a0\u00a0\u00a0\u00a0\u00a0 12,4 \u00a0\u00a0\u00a0\u00a0\u00a0\u00a0\u00a0\u00a0\u00a0\u00a0\u00a0\u00a0\u00a0\u00a0\u00a0\u00a0\u00a0\u00a0\u00a0 12,7<br \/>\nH140\u00a0\u00a0\u00a0\u00a0\u00a0\u00a0\u00a0\u00a0\u00a0\u00a0\u00a0\u00a0\u00a0\u00a0\u00a0\u00a0\u00a0\u00a0 10,9 \u00a0\u00a0\u00a0\u00a0\u00a0\u00a0\u00a0\u00a0\u00a0\u00a0\u00a0\u00a0\u00a0\u00a0\u00a0\u00a0\u00a0\u00a0\u00a0 10,2<br \/>\nH38\u00a0\u00a0\u00a0\u00a0\u00a0\u00a0\u00a0\u00a0\u00a0\u00a0\u00a0\u00a0\u00a0\u00a0\u00a0\u00a0\u00a0\u00a0\u00a0\u00a0 18,8\u00a0\u00a0\u00a0\u00a0\u00a0\u00a0\u00a0\u00a0\u00a0\u00a0\u00a0\u00a0\u00a0\u00a0\u00a0\u00a0\u00a0\u00a0\u00a0\u00a0 18,5<br \/>\nH32\u00a0\u00a0\u00a0\u00a0\u00a0\u00a0\u00a0\u00a0\u00a0\u00a0\u00a0\u00a0\u00a0\u00a0\u00a0\u00a0\u00a0\u00a0\u00a0 \u00a014,2 \u00a0\u00a0\u00a0\u00a0\u00a0\u00a0\u00a0\u00a0\u00a0\u00a0\u00a0\u00a0\u00a0\u00a0\u00a0\u00a0\u00a0\u00a0\u00a0 13,9<\/p>\n<p>D21A\u00a0\u00a0\u00a0\u00a0\u00a0\u00a0\u00a0\u00a0\u00a0\u00a0\u00a0\u00a0\u00a0\u00a0\u00a0 \u00a0\u00a0 17,1 \u00a0\u00a0\u00a0\u00a0\u00a0\u00a0\u00a0\u00a0\u00a0\u00a0\u00a0\u00a0\u00a0\u00a0\u00a0\u00a0\u00a0\u00a0\u00a0 19,2<br \/>\nD21C\u00a0\u00a0\u00a0\u00a0\u00a0\u00a0\u00a0\u00a0\u00a0\u00a0\u00a0\u00a0\u00a0\u00a0\u00a0\u00a0\u00a0\u00a0 11,5 \u00a0\u00a0\u00a0\u00a0\u00a0\u00a0\u00a0\u00a0\u00a0\u00a0 \u00a0\u00a0\u00a0\u00a0\u00a0\u00a0\u00a0\u00a0 11,2<br \/>\nD80\u00a0\u00a0\u00a0\u00a0\u00a0\u00a0\u00a0\u00a0\u00a0\u00a0\u00a0\u00a0\u00a0\u00a0\u00a0\u00a0\u00a0\u00a0 \u00a0\u00a013,4 \u00a0\u00a0\u00a0\u00a0\u00a0\u00a0\u00a0\u00a0\u00a0\u00a0\u00a0\u00a0\u00a0\u00a0\u00a0\u00a0\u00a0\u00a0\u00a0 14,1<br \/>\nD95\u00a0\u00a0\u00a0\u00a0\u00a0\u00a0\u00a0\u00a0\u00a0\u00a0\u00a0\u00a0\u00a0\u00a0\u00a0\u00a0\u00a0\u00a0 \u00a0\u00a012,7 \u00a0\u00a0\u00a0\u00a0\u00a0\u00a0\u00a0\u00a0\u00a0\u00a0\u00a0\u00a0\u00a0\u00a0\u00a0\u00a0\u00a0\u00a0\u00a0 12,7<br \/>\nD110\u00a0\u00a0\u00a0\u00a0\u00a0\u00a0\u00a0\u00a0\u00a0\u00a0\u00a0\u00a0\u00a0\u00a0\u00a0\u00a0\u00a0\u00a0 11,5 \u00a0\u00a0\u00a0\u00a0\u00a0\u00a0\u00a0\u00a0\u00a0\u00a0\u00a0\u00a0\u00a0\u00a0\u00a0\u00a0\u00a0\u00a0\u00a0 11,2<br \/>\nD125\u00a0\u00a0\u00a0\u00a0\u00a0\u00a0\u00a0\u00a0\u00a0\u00a0\u00a0\u00a0\u00a0\u00a0\u00a0\u00a0 \u00a0\u00a010,9 \u00a0\u00a0\u00a0\u00a0\u00a0\u00a0\u00a0\u00a0\u00a0\u00a0\u00a0\u00a0\u00a0\u00a0\u00a0\u00a0\u00a0\u00a0\u00a0 10,2<br \/>\nD38\u00a0\u00a0\u00a0\u00a0\u00a0\u00a0\u00a0\u00a0\u00a0\u00a0\u00a0\u00a0\u00a0\u00a0\u00a0\u00a0\u00a0\u00a0\u00a0 \u00a012,7 \u00a0\u00a0\u00a0\u00a0\u00a0\u00a0\u00a0\u00a0\u00a0\u00a0\u00a0\u00a0\u00a0\u00a0\u00a0\u00a0\u00a0\u00a0\u00a0 12,7<br \/>\nD32\u00a0\u00a0\u00a0\u00a0\u00a0\u00a0\u00a0\u00a0\u00a0\u00a0\u00a0\u00a0\u00a0\u00a0\u00a0\u00a0\u00a0\u00a0 \u00a0\u00a010,9 \u00a0\u00a0\u00a0\u00a0\u00a0\u00a0\u00a0\u00a0\u00a0\u00a0\u00a0\u00a0\u00a0\u00a0\u00a0\u00a0\u00a0\u00a0\u00a0 10,2<\/p>\n<p>HDA\u00a0\u00a0\u00a0\u00a0\u00a0\u00a0\u00a0\u00a0\u00a0\u00a0\u00a0\u00a0\u00a0\u00a0\u00a0\u00a0\u00a0 \u00a0\u00a018,1 \u00a0\u00a0\u00a0\u00a0\u00a0\u00a0\u00a0\u00a0\u00a0\u00a0\u00a0\u00a0\u00a0 \u00a0\u00a0\u00a0\u00a0\u00a0 16,4<br \/>\nHDB\u00a0\u00a0\u00a0\u00a0\u00a0\u00a0\u00a0\u00a0\u00a0\u00a0\u00a0\u00a0\u00a0\u00a0\u00a0\u00a0\u00a0 \u00a0\u00a013,4 \u00a0\u00a0\u00a0\u00a0\u00a0\u00a0\u00a0\u00a0\u00a0\u00a0\u00a0\u00a0\u00a0\u00a0\u00a0\u00a0\u00a0\u00a0\u00a0 14,1<br \/>\nHDC\u00a0\u00a0\u00a0\u00a0\u00a0\u00a0\u00a0\u00a0\u00a0\u00a0\u00a0\u00a0\u00a0\u00a0\u00a0\u00a0\u00a0\u00a0\u00a0 11,5 \u00a0\u00a0\u00a0\u00a0\u00a0\u00a0\u00a0\u00a0\u00a0\u00a0\u00a0\u00a0\u00a0\u00a0\u00a0\u00a0\u00a0\u00a0\u00a0 11,2<\/p>\n<p>HA\u00a0\u00a0\u00a0\u00a0\u00a0\u00a0\u00a0\u00a0\u00a0\u00a0\u00a0\u00a0\u00a0\u00a0\u00a0\u00a0\u00a0\u00a0\u00a0\u00a0\u00a0\u00a0 20,9 \u00a0\u00a0\u00a0\u00a0\u00a0\u00a0\u00a0\u00a0\u00a0\u00a0\u00a0\u00a0\u00a0\u00a0\u00a0\u00a0\u00a0\u00a0\u00a0 22,5<br \/>\nHB\u00a0\u00a0\u00a0\u00a0\u00a0\u00a0\u00a0\u00a0\u00a0\u00a0\u00a0\u00a0\u00a0\u00a0\u00a0\u00a0\u00a0\u00a0\u00a0\u00a0\u00a0\u00a0 16,8 \u00a0\u00a0\u00a0\u00a0\u00a0\u00a0\u00a0\u00a0\u00a0\u00a0\u00a0\u00a0\u00a0\u00a0\u00a0\u00a0\u00a0\u00a0\u00a0 16,4<br \/>\nDA\u00a0\u00a0\u00a0\u00a0\u00a0\u00a0\u00a0\u00a0\u00a0\u00a0\u00a0\u00a0\u00a0\u00a0\u00a0\u00a0\u00a0\u00a0\u00a0\u00a0\u00a0\u00a0 15,1\u00a0\u00a0\u00a0\u00a0\u00a0\u00a0\u00a0\u00a0\u00a0\u00a0\u00a0\u00a0\u00a0\u00a0\u00a0\u00a0\u00a0\u00a0\u00a0\u00a0 14,1<br \/>\nDB\u00a0\u00a0\u00a0\u00a0\u00a0\u00a0\u00a0\u00a0\u00a0\u00a0\u00a0\u00a0\u00a0\u00a0\u00a0\u00a0\u00a0\u00a0\u00a0\u00a0\u00a0\u00a0 12,7 \u00a0\u00a0\u00a0\u00a0\u00a0\u00a0\u00a0\u00a0\u00a0\u00a0\u00a0\u00a0\u00a0\u00a0\u00a0\u00a0\u00a0\u00a0\u00a0 12,7<\/p>\n<p>KUNTO\u00a0\u00a0\u00a0\u00a0\u00a0\u00a0\u00a0\u00a0\u00a0\u00a0\u00a0\u00a0\u00a0\u00a0\u00a0 12,4 \u00a0\u00a0\u00a0\u00a0\u00a0\u00a0\u00a0\u00a0\u00a0\u00a0\u00a0\u00a0\u00a0\u00a0\u00a0\u00a0\u00a0\u00a0\u00a0 10,6<\/p>\n<p><strong>Osanottomaksut<\/strong><\/p>\n<p>Parisarjat: 64 \u20ac\/pari<br \/>\nHenkil\u00f6kohtaiset sarjat: 36 \u20ac\/henkil\u00f6<br \/>\nKuntosarja: 30 \u20ac\/henkil\u00f6<\/p>\n<p>Yhden p\u00e4iv\u00e4n maksu puolet edellisist\u00e4.<\/p>\n<p>J\u00e4lki-ilmoittautumisessa 1,5-kertainen maksu.<\/p>\n<p><strong>Ilmoittautuminen<\/strong><\/p>\n<p>Torstaihin 28.7.2016 klo 24:00 menness\u00e4 ensisijaisesti <a href=\"https:\/\/irma.suunnistusliitto.fi\/irma\/public\/competition\/view?id=22678\">IRMA-j\u00e4rjestelm\u00e4n<\/a> kautta. <strong>My\u00f6s osanottajien, joilla ei ole lisenssi\u00e4, tulee rekister\u00f6ity\u00e4 <\/strong><a href=\"https:\/\/irma.suunnistusliitto.fi:8443\/irma\/main\"><strong>IRMA-j\u00e4rjestelm\u00e4\u00e4n<\/strong><\/a><strong> ja ilmoittautua sen kautta.<\/strong>\u00a0 Rekister\u00f6ityminen IRMA-j\u00e4rjestelm\u00e4\u00e4n ei vaadi lisenssin lunastamista. Osallistuminen maksetaan IRMA-j\u00e4rjestelm\u00e4n kautta samanaikaisesti ilmoittautumisen kanssa.<\/p>\n<p>Ilmoittautumisen yhteydess\u00e4 ilmoitettava kilpailijoiden Emit-numerot. Ilmoittamatta j\u00e4tt\u00e4neille varataan vuokrakortti, jonka saa infosta hintaan 5 \u20ac\/p\u00e4iv\u00e4. Sekaparisarjoissa (HDA, B ja C) ilmoitettava my\u00f6s kilpailijoiden syntym\u00e4vuodet (syntym\u00e4ajan lis\u00e4\u00e4minen kilpailijan henkil\u00f6tietoihin IRMA-j\u00e4rjestelm\u00e4ss\u00e4 riitt\u00e4\u00e4).<\/p>\n<p>IRMA-j\u00e4rjestelm\u00e4ss\u00e4 voi ilmoittautua vain kumpaankin kilpailup\u00e4iv\u00e4\u00e4n yht\u00e4 aikaa. Ilmoittautuminen tehd\u00e4\u00e4n ensimm\u00e4isen kilpailup\u00e4iv\u00e4n 6.8.2016 kautta.<\/p>\n<p>Ilmoittautuminen vain yhdelle p\u00e4iv\u00e4lle tehd\u00e4\u00e4n s\u00e4hk\u00f6postilla osoitteeseen <a href=\"mailto:risto.kivinen@resultfellows.com\">risto.kivinen@resultfellows.com<\/a> (maksu samanaikaisesti Pellon Ponnen suunnistusjaoston tilille FI83 1171 3000 110010).<\/p>\n<p>Kuntosarjaan voi ilmoittautua my\u00f6s kisapaikalla, mutta ennakkoilmoittautuminen on halvin ja suositeltavin tapa.<\/p>\n<p><strong>J\u00e4lki-ilmoittautuminen<\/strong><\/p>\n<p>1,5-kertaisin osanottomaksuin tiistaihin 2.8.2016 klo 24:00 menness\u00e4 samalla tavalla kuin varsinainen ilmoittautuminen.<\/p>\n<p>Kuntosarjaan voi ilmoittautua my\u00f6s kisapaikalla infossa, hinta t\u00e4ll\u00f6in 25 \u20ac\/henkil\u00f6\/p\u00e4iv\u00e4.<\/p>\n<p><strong>Leimaus<\/strong><\/p>\n<p>Emit-leimaus, parisarjoissa molempien kilpailijoiden tulee k\u00e4ytt\u00e4\u00e4 Emit-kortteja.<\/p>\n<p><strong>Opastus<\/strong><\/p>\n<p>Tielt\u00e4 957 Vuontispirtin risteyksest\u00e4 (37 km tiet\u00e4 957 pohjoiseen S\u00e4rkij\u00e4rvelt\u00e4 teiden 79 ja 957 risteyksest\u00e4), josta ajoaika kilpailukeskukseen 10 min. Kilpailukeskuksen osoite Vuontispirtintie 267, 99340 Raattama. Koordinaatit: <a href=\"http:\/\/kansalaisen.karttapaikka.fi\/linkki?scale=8000&amp;text=Kilpailukeskus&amp;srs=EPSG%3A3067&amp;y=7562840&amp;x=380440&amp;lang=fi\">68.15410752, 24.11995691<\/a>.<\/p>\n<p><strong>Paikoitus<\/strong><\/p>\n<p>Tienvarsipys\u00e4k\u00f6inti max. 1 km kilpailukeskuksesta.<\/p>\n<p><strong>L\u00e4hd\u00f6t<\/strong><\/p>\n<p>Lauantaina yhteisl\u00e4ht\u00f6 sarjoittain porrastetusti klo 14:00 alkaen. Matkaa l\u00e4ht\u00f6\u00f6n noin 1,5 km.<br \/>\nSunnuntaina takaa-ajol\u00e4ht\u00f6 klo 10:00 alkaen. Matkaa l\u00e4ht\u00f6\u00f6n noin 1,5 km.<br \/>\nKuntosuunnistus: lauantaina yhteisl\u00e4ht\u00f6 muiden sarjojen kanssa klo 14:00 alkaen, sunnuntaina l\u00e4hd\u00f6t klo 10:50\u201311:30.<\/p>\n<p><strong>Kartta<\/strong><\/p>\n<p>Tunturisuunnistuskartta 7\/2016, k\u00e4yr\u00e4v\u00e4li 5 m, mittakaava 1:25 000 tai 1:30 000 sarjasta riippuen<\/p>\n<p><strong>Maasto<\/strong><\/p>\n<p>Pallas-Ounastunturien p\u00e4\u00e4osin hyv\u00e4kulkuista tunturimaastoa, suuria korkeuseroja. Avointa aluetta kartasta noin 40 %.<\/p>\n<p><strong>Palkinnot<\/strong><\/p>\n<p>Palkinnot jaetaan yhteistulosten perusteella. Kuntosarjassa arvontapalkintoja.<\/p>\n<p><strong>Kilpailukeskus<\/strong><\/p>\n<p><a href=\"http:\/\/www.vuontispirtti.fi\/\">Tunturihotelli Vuontispirtti<\/a><\/p>\n<p><strong>Peseytyminen<\/strong><\/p>\n<p>Kilpailukeskuksessa sis\u00e4tiloissa.<\/p>\n<p><strong>Muksula<\/strong><\/p>\n<p>Kilpailukeskuksessa on muksula, johon tulee ennakkoilmoittautua s\u00e4hk\u00f6postilla (<a href=\"mailto:antti@ekonoja.net\">antti@ekonoja.net<\/a>) 2.8.2016 menness\u00e4. Ilmoittautumisen yhteydess\u00e4 tulee mainita muksulaan tulevan lapsen nimi ja ik\u00e4 sek\u00e4 huoltajan nimi ja puhelinnumero. Muksulan maksu on 5 \u20ac\/p\u00e4iv\u00e4\/lapsi. Maksu suoritetaan k\u00e4teisell\u00e4 tuodessa lapsi muksulaan.<\/p>\n<p><strong>Majoitus<\/strong><\/p>\n<p>Tunturihotelli Vuontispirtti, <a href=\"http:\/\/www.vuontispirtti.fi\/\">http:\/\/www.vuontispirtti.fi\/<\/a><br \/>\nS\u00e4rkij\u00e4rven Majat, <a href=\"http:\/\/www.sarkijarvenmajat.fi\/fi\/\">http:\/\/www.sarkijarvenmajat.fi\/fi\/<\/a><br \/>\nLapland Hotels, <a href=\"https:\/\/www.laplandhotels.com\/\">https:\/\/www.laplandhotels.com\/<\/a> (ketjun hotelleista Pallas, Olos, Hetta ja Sirkant\u00e4hti l\u00e4himm\u00e4t)<br \/>\nKyr\u00f6n Loma Oy, <a href=\"http:\/\/kyrontunturiloma.suntuubi.com\/\" target=\"_blank\">http:\/\/kyrontunturiloma.suntuubi.com\/<\/a><br \/>\nEnonteki\u00f6n muita majoitusvaihtoehtoja: <a href=\"http:\/\/www.tosilappi.fi\/majoitus\/\">http:\/\/www.tosilappi.fi\/majoitus\/<\/a><\/p>\n<p><strong>Toimihenkil\u00f6t<\/strong><\/p>\n<p>Kilpailunjohtaja: Jani Harju (<a href=\"mailto:Jani.Harju@lappia.fi\">Jani.Harju@lappia.fi<\/a>, 040-5862199)<br \/>\nRatamestariryhm\u00e4: Ponnen miessuunnistajien edustusryhm\u00e4 vet\u00e4j\u00e4n\u00e4\u00e4n Juho-Matti Taivainen (<a href=\"mailto:juho-matti.j-m.taivainen@student.jyu.fi\">juho-matti.j-m.taivainen@student.jyu.fi<\/a>, 045-1342443)<br \/>\nValvoja: Mauri Huusko (<a href=\"mailto:mauri.huusko@pp.inet.fi\">mauri.huusko@pp.inet.fi<\/a>, 0400-379064)<br \/>\nTiedottajat: Jani Harju (<a href=\"mailto:Jani.Harju@lappia.fi\">Jani.Harju@lappia.fi<\/a>, 040-5862199) ja Antti Ekonoja (<a href=\"mailto:antti@ekonoja.net\">antti@ekonoja.net<\/a>, 040-7656603)<\/p>\n<p><strong>Kisasivut<\/strong><\/p>\n<p><a href=\"http:\/\/tunturisuunnistus.fi\/2016\/\">http:\/\/tunturisuunnistus.fi\/2016\/<\/a><\/p>\n<p><strong>Tervetuloa!<\/strong><\/p>\n<p><strong>Pellon Ponsi ry<\/strong><\/p>\n","protected":false},"excerpt":{"rendered":"<p>KILPAILUKUTSU Suomen Tunturisuunnistus Vuontispirtill\u00e4 6.-7.8.2016 Kutsuun tarkennettu 2.7.2016 matkoja sarjoittain Sarjat Parisarjat: H21A, B, C, D21A, C, sekasarjat: HDA, B, C, maksimiyhteisik\u00e4sarjat: H32, 38, D32, 38, minimiyhteisik\u00e4sarjat: H80, 95, 110, 125, 140, D80, 95, 110, 125 Henkil\u00f6kohtaiset sarjat: HA, HB, DA, DB Kuntosarja: Voit osallistua yksin tai parin kanssa. Kaikkiin sarjoihin voi osallistua ilman lisenssi\u00e4. [&hellip;]<\/p>\n","protected":false},"author":11,"featured_media":0,"parent":0,"menu_order":0,"comment_status":"closed","ping_status":"closed","template":"","meta":{"footnotes":"","_links_to":"","_links_to_target":""},"_links":{"self":[{"href":"https:\/\/tunturisuunnistus.fi\/2016\/wp-json\/wp\/v2\/pages\/851"}],"collection":[{"href":"https:\/\/tunturisuunnistus.fi\/2016\/wp-json\/wp\/v2\/pages"}],"about":[{"href":"https:\/\/tunturisuunnistus.fi\/2016\/wp-json\/wp\/v2\/types\/page"}],"author":[{"embeddable":true,"href":"https:\/\/tunturisuunnistus.fi\/2016\/wp-json\/wp\/v2\/users\/11"}],"replies":[{"embeddable":true,"href":"https:\/\/tunturisuunnistus.fi\/2016\/wp-json\/wp\/v2\/comments?post=851"}],"version-history":[{"count":11,"href":"https:\/\/tunturisuunnistus.fi\/2016\/wp-json\/wp\/v2\/pages\/851\/revisions"}],"predecessor-version":[{"id":916,"href":"https:\/\/tunturisuunnistus.fi\/2016\/wp-json\/wp\/v2\/pages\/851\/revisions\/916"}],"wp:attachment":[{"href":"https:\/\/tunturisuunnistus.fi\/2016\/wp-json\/wp\/v2\/media?parent=851"}],"curies":[{"name":"wp","href":"https:\/\/api.w.org\/{rel}","templated":true}]}}