{"id":675,"date":"2015-05-18T23:00:30","date_gmt":"2015-05-18T20:00:30","guid":{"rendered":"http:\/\/tunturisuunnistus.fi\/2015\/?page_id=675"},"modified":"2015-05-20T21:02:32","modified_gmt":"2015-05-20T18:02:32","slug":"kilpailukutsu","status":"publish","type":"page","link":"https:\/\/tunturisuunnistus.fi\/2015\/kilpailukutsu\/","title":{"rendered":"Kilpailukutsu"},"content":{"rendered":"<p><strong>Kilpailukutsu<\/strong><\/p>\n<p><strong>Suomen Tunturisuunnistus Saarisel\u00e4ll\u00e4 1.-2.8.2015<\/strong><\/p>\n<p>&nbsp;<\/p>\n<p><strong>Kilpailukutsu (20.5.2015)<\/strong><\/p>\n<p><strong>L\u00e4hd\u00f6t:<\/strong> La 1.8.2015 yhteisl\u00e4ht\u00f6 klo 14.00, su 2.8.2015 takaa-ajol\u00e4ht\u00f6 klo 10.00.<\/p>\n<p><strong>Parisarjat ja matkat:<\/strong> H21A 23-28 km, H21B 16-20 km, H21C 12-15 km, H80 16-20 km, H95 15-19 km, H110 14-18 km, H125 12-15 km, H140 10- 12 km, H38 15-19 km, H32 12-15 km, D21A 15-19 km, D21C 10-13 km, D80 12-14 km, D95 11-13 km D110 9-10 km, D125 9-10 km, D38 11-13 km, D32 9-10 km. Sarjoissa 32\/38 yhteisik\u00e4 enint\u00e4\u00e4n 32\/38 vuotta ja sarjoissa 80\/ 95\/ 110\/ 125\/ 140 yhteisik\u00e4 v\u00e4hint\u00e4\u00e4n 80\/ 95\/ 110\/ 125 \/ 140 vuotta.<\/p>\n<p><strong>Sekaparisarjat:<\/strong> H\/DA 15-19 km, H\/DB 12-15 km, H\/DC 9-11 km. Ik\u00e4hyvitys 1 min\/ vuosi, kun parin yhteisik\u00e4 ylitt\u00e4\u00e4 70 vuotta.\u00a0Sarjoihin ilmoittauduttaessa ilmoitettava syntym\u00e4vuodet.<\/p>\n<p><strong>Henkil\u00f6kohtaiset sarjat:<\/strong> HA 20-24 km, HB 12-15 km, DA 13-16 km, DB 10-13 km.<\/p>\n<p><strong>Kuntosarja:<\/strong> sarjassa voi suunnistaa yksin tai parin kanssa, 10-12 km.<\/p>\n<p>Kaikkiin sarjoihin voi osallistua ilman lisenssi\u00e4.<\/p>\n<p>Kaikkien sarjojen ratapituudet tarkentuvat ratamestarity\u00f6n edistyess\u00e4.<\/p>\n<p><strong>Osallistumismaksut:<\/strong> parisarjat 60,00 \u20ac\/ pari, henkil\u00f6kohtaiset sarjat 36,00 \u20ac\/ henkil\u00f6, kuntosarja 60,00 \u20ac\/ pari ja 30,00 \u20ac\/ henkil\u00f6. Yhden p\u00e4iv\u00e4n maksu on puolet edellisist\u00e4. Emit-vuokra 5,00 \u20ac k\u00e4teisell\u00e4 kisapaikalla.<\/p>\n<p><strong>Ilmoittautumiset:<\/strong>\u00a0ensisijaisesti\u00a0IRMA-j\u00e4rjestelm\u00e4n kautta 22.7.2015 klo 24.00 menness\u00e4. Tunturisuunnistukseen 2015 voi IRMAssa ilmoittautua vain kumpaankin kilpailup\u00e4iv\u00e4\u00e4n yht\u00e4 aikaa. Ilmoittautuminen tehd\u00e4\u00e4n ensimm\u00e4isen kilpailup\u00e4iv\u00e4n 1.8.2015 kautta (toisen kilpailup\u00e4iv\u00e4n 2.8. kautta ei voi ilmoittautua). <strong>My\u00f6s osanottajien, joilla ei ole lisenssi\u00e4, tulee rekister\u00f6ity\u00e4\u00a0<a href=\"https:\/\/irma.suunnistusliitto.fi\/irma\/public\/competitioncalendar\/view\" target=\"_blank\">IRMAan<\/a>\u00a0ja ilmoittautua sen kautta.<\/strong>\u00a0 Rekister\u00f6ityminen IRMAan ei vaadi lisenssin lunastamista. Osallistuminen maksetaan Irman kautta samanaikaisesti ilmoittautumisen kanssa.<\/p>\n<p>Ilmoittautuminen\u00a0<strong>vain yhdelle p\u00e4iv\u00e4lle<\/strong>\u00a022.7.2015 klo 24.00 menness\u00e4 (maksu samanaikaisesti Lapin Susien tilille FI3756414220041616). Ilmoittaudu klikkaamalla <a href=\"https:\/\/docs.google.com\/forms\/d\/1SDxuv9vPD1B__RY0lZa6wJ0vEqNfdG9EUeEbCXLHRvU\/viewform\" target=\"_blank\"><strong>t\u00e4st\u00e4<\/strong><\/a>tai s\u00e4hk\u00f6postilla osoitteeseen tunturi2015@gmail.com.<\/p>\n<p><strong>J\u00e4lki-ilmoittautumiset:<\/strong> 1,5-kertaisin osanottomaksuin tiistaihin 28.7.2015 klo 24:00 menness\u00e4 IRMAn kautta. Mahdolliset Emit- numeromuutokset ja yhden p\u00e4iv\u00e4n j\u00e4lki-ilmoittautumiset s\u00e4hk\u00f6postilla osoitteeseen tunturi2015@gmail.com\u00a0tiistaihin 28.7.2015 klo 24:00. Ilmoittautumisten ep\u00e4selvyyksiss\u00e4 yhteys suoraan Janne Hannolaan.<\/p>\n<p><strong>Kilpailuohjeet:<\/strong> luettavissa Tunturisuunnistuksen kotisivuilta www.tunturisuunnistus.fi\/2015\/ viimeist\u00e4\u00e4n 30.7.2015.<\/p>\n<p><strong>Leimaus:<\/strong> Emit-leimaus. Ilmoittautumisen yhteydess\u00e4 ilmoitettava kilpailijoiden Emit-numerot. Ilmoittamatta j\u00e4tt\u00e4neille varataan vuokrakortti, jonka saa infosta hintaan 5 \u20ac. Parisarjoissa molempien kilpailijoiden tulee k\u00e4ytt\u00e4\u00e4 Emit-korttia.<\/p>\n<p><strong>Kilpailukeskus:<\/strong> Saarisel\u00e4n matkailukeskuksessa Hotelli Riekonlinnassa. Paikoitus kilpailukeskuksen l\u00e4heisyydess\u00e4. Opastus 4-tielt\u00e4 Saarisel\u00e4n kohdalta.<\/p>\n<p><strong>Kartta:<\/strong> Tunturisuunnistuskartta 1:25 000 tai 1:30 000 peruskartan pohjalta, tulostettu 7\/15<\/p>\n<p><strong>Maasto:<\/strong> Saarisel\u00e4n matkailukeskuksen l\u00e4nsi-, pohjois- ja it\u00e4puolen tunturialue. Maasto on hyvin nopeakulkuista ja loivapiirteist\u00e4 tunturimaastoa.<\/p>\n<p><strong>Palkinnot:<\/strong> Kaikille ensimm\u00e4isen p\u00e4iv\u00e4n maaliintulijoille jaetaan muistopalkinto. Palkinnot jaetaan yhteistulosten perusteella. Sarjojen parhaille tavarapalkinnot. Kaikkien osallistujien kesken arvotaan tavarapalkintoja. Palkintoihin 25 % osanottomaksuista. Lista palkinnoista ja palkittavista tulee nettisivuille my\u00f6hemmin.<\/p>\n<p><strong>Muksula:<\/strong> Tarve ilmoitettava s\u00e4hk\u00f6postilla tunturi2015@gmail.commaanantaihin 27.7.2015 menness\u00e4.<\/p>\n<p><strong>Majoitus:<\/strong> Majoituksessa suositellaan k\u00e4ytett\u00e4v\u00e4ksi kilpailukeskuksena toimivan p\u00e4\u00e4yhteisty\u00f6kumppanin Lapland Hotel Riekonlinnan tarjoamia palveluita ja kisatarjousta. Lue lis\u00e4\u00e4 \u201dMajoitus\u201d-linkist\u00e4.<\/p>\n<p><strong>Kilpailun johtaja:<\/strong> Vesa Arffman, 040\u00a0750 6218, vesa.arffman@gmail.com<\/p>\n<p><strong>Ratamestari:<\/strong> Yrj\u00f6 Portti, 040 707 2668, yrjo.portti@pp.inet.fi<\/p>\n<p><strong>Valvoja: <\/strong>Karvinen Antero, 0400 152\u00a0547, antsu.karvinen@gmail.com<\/p>\n<p><strong>Tiedottaja:<\/strong> Janne Hannola, 040 569 0087, janne.hannola@gmail.com<\/p>\n","protected":false},"excerpt":{"rendered":"<p>Kilpailukutsu Suomen Tunturisuunnistus Saarisel\u00e4ll\u00e4 1.-2.8.2015 &nbsp; Kilpailukutsu (20.5.2015) L\u00e4hd\u00f6t: La 1.8.2015 yhteisl\u00e4ht\u00f6 klo 14.00, su 2.8.2015 takaa-ajol\u00e4ht\u00f6 klo 10.00. Parisarjat ja matkat: H21A 23-28 km, H21B 16-20 km, H21C 12-15 km, H80 16-20 km, H95 15-19 km, H110 14-18 km, H125 12-15 km, H140 10- 12 km, H38 15-19 km, H32 12-15 km, D21A 15-19 [&hellip;]<\/p>\n","protected":false},"author":10,"featured_media":0,"parent":0,"menu_order":1,"comment_status":"closed","ping_status":"closed","template":"","meta":{"footnotes":"","_links_to":"","_links_to_target":""},"_links":{"self":[{"href":"https:\/\/tunturisuunnistus.fi\/2015\/wp-json\/wp\/v2\/pages\/675"}],"collection":[{"href":"https:\/\/tunturisuunnistus.fi\/2015\/wp-json\/wp\/v2\/pages"}],"about":[{"href":"https:\/\/tunturisuunnistus.fi\/2015\/wp-json\/wp\/v2\/types\/page"}],"author":[{"embeddable":true,"href":"https:\/\/tunturisuunnistus.fi\/2015\/wp-json\/wp\/v2\/users\/10"}],"replies":[{"embeddable":true,"href":"https:\/\/tunturisuunnistus.fi\/2015\/wp-json\/wp\/v2\/comments?post=675"}],"version-history":[{"count":5,"href":"https:\/\/tunturisuunnistus.fi\/2015\/wp-json\/wp\/v2\/pages\/675\/revisions"}],"predecessor-version":[{"id":684,"href":"https:\/\/tunturisuunnistus.fi\/2015\/wp-json\/wp\/v2\/pages\/675\/revisions\/684"}],"wp:attachment":[{"href":"https:\/\/tunturisuunnistus.fi\/2015\/wp-json\/wp\/v2\/media?parent=675"}],"curies":[{"name":"wp","href":"https:\/\/api.w.org\/{rel}","templated":true}]}}