{"id":670,"date":"2015-05-18T22:37:01","date_gmt":"2015-05-18T19:37:01","guid":{"rendered":"http:\/\/tunturisuunnistus.fi\/2015\/?page_id=670"},"modified":"2015-07-01T18:10:33","modified_gmt":"2015-07-01T15:10:33","slug":"majoitus","status":"publish","type":"page","link":"https:\/\/tunturisuunnistus.fi\/2015\/majoitus\/","title":{"rendered":"Majoitus"},"content":{"rendered":"<p><span style=\"color: #000000\">Kisaj\u00e4rjest\u00e4j\u00e4t ovat tehneet yhteisty\u00f6sopimuksen kisapaikkana toimivan Lapland Hotel Riekonlinnan kanssa. Majoitustarjousta voi kysy\u00e4 suoraan hotellista tunnuksella &#8221;Tunturisuunnistus&#8221;.<\/span><\/p>\n<p>Hotellin yhteystiedot ovat<br \/>\nPuhelin: 016 559 4455<br \/>\nS\u00e4hk\u00f6posti: riekonlinna@laplandhotels.com<br \/>\nWWW-sivut: <a title=\"Lapland Hotel Riekonlinna\" href=\"http:\/\/www.laplandhotels.com\/FI\/hotellit-ja-ravintolat\/saariselka\/lapland-hotel-riekonlinna.html\" target=\"_blank\">T\u00e4st\u00e4 linkist\u00e4<\/a><\/p>\n<p>&nbsp;<\/p>\n<p><a href=\"http:\/\/tunturisuunnistus.fi\/2015\/wp-content\/uploads\/sites\/9\/Majoitustarjous-Tunturisuunnistukseen-2015.pdf\" target=\"_blank\">Hintatietoja<\/a><\/p>\n<p>&nbsp;<\/p>\n","protected":false},"excerpt":{"rendered":"<p>Kisaj\u00e4rjest\u00e4j\u00e4t ovat tehneet yhteisty\u00f6sopimuksen kisapaikkana toimivan Lapland Hotel Riekonlinnan kanssa. Majoitustarjousta voi kysy\u00e4 suoraan hotellista tunnuksella &#8221;Tunturisuunnistus&#8221;. Hotellin yhteystiedot ovat Puhelin: 016 559 4455 S\u00e4hk\u00f6posti: riekonlinna@laplandhotels.com WWW-sivut: T\u00e4st\u00e4 linkist\u00e4 &nbsp; Hintatietoja &nbsp;<\/p>\n","protected":false},"author":10,"featured_media":679,"parent":0,"menu_order":3,"comment_status":"closed","ping_status":"closed","template":"","meta":{"footnotes":"","_links_to":"","_links_to_target":""},"_links":{"self":[{"href":"https:\/\/tunturisuunnistus.fi\/2015\/wp-json\/wp\/v2\/pages\/670"}],"collection":[{"href":"https:\/\/tunturisuunnistus.fi\/2015\/wp-json\/wp\/v2\/pages"}],"about":[{"href":"https:\/\/tunturisuunnistus.fi\/2015\/wp-json\/wp\/v2\/types\/page"}],"author":[{"embeddable":true,"href":"https:\/\/tunturisuunnistus.fi\/2015\/wp-json\/wp\/v2\/users\/10"}],"replies":[{"embeddable":true,"href":"https:\/\/tunturisuunnistus.fi\/2015\/wp-json\/wp\/v2\/comments?post=670"}],"version-history":[{"count":6,"href":"https:\/\/tunturisuunnistus.fi\/2015\/wp-json\/wp\/v2\/pages\/670\/revisions"}],"predecessor-version":[{"id":728,"href":"https:\/\/tunturisuunnistus.fi\/2015\/wp-json\/wp\/v2\/pages\/670\/revisions\/728"}],"wp:featuredmedia":[{"embeddable":true,"href":"https:\/\/tunturisuunnistus.fi\/2015\/wp-json\/wp\/v2\/media\/679"}],"wp:attachment":[{"href":"https:\/\/tunturisuunnistus.fi\/2015\/wp-json\/wp\/v2\/media?parent=670"}],"curies":[{"name":"wp","href":"https:\/\/api.w.org\/{rel}","templated":true}]}}