{"id":599,"date":"2014-07-30T16:27:42","date_gmt":"2014-07-30T13:27:42","guid":{"rendered":"http:\/\/tunturisuunnistus.fi\/2014\/?page_id=599"},"modified":"2014-07-31T17:26:02","modified_gmt":"2014-07-31T14:26:02","slug":"kilpailuohjeet","status":"publish","type":"page","link":"https:\/\/tunturisuunnistus.fi\/2014\/kilpailuohjeet\/","title":{"rendered":"Kilpailuohjeet"},"content":{"rendered":"<h1>Alustavat kilpailuohjeet<\/h1>\n<p>Lopulliset ovat n\u00e4ht\u00e4vill\u00e4 kilpailukeskuksen ilmoitustaululla<\/p>\n<p><strong>Vastuuhenkil\u00f6t<\/strong><\/p>\n<p>Kilpailun johtaja: Esa Rantakeisu, p. 0405782328<br \/>\nRatamestariryhm\u00e4n johtaja: Jorma Pietil\u00e4inen, 0400391419<br \/>\nRatamestari: Risto Jaako<br \/>\nTiedottaja\/Muksula: Riikka Korpi, 0405726720<br \/>\nKilpailusihteeri: Marja Matila, p. 0405719527<br \/>\nEnsiapu: SPR Muonio, p. 0404109085<\/p>\n<p><strong>Tuomarineuvosto<\/strong><\/p>\n<p>Tuomarineuvoston puheenjohtaja Antero Karvinen, OH<br \/>\nJ\u00e4senet Mira Paavola, OuTa ja Hannu-Pekka Pukema, Navi<\/p>\n<p><strong>S\u00e4\u00e4nn\u00f6t<\/strong><\/p>\n<p>Kilpailuissa noudatetaan Suomen Suunnistusliiton s\u00e4\u00e4nt\u00f6j\u00e4 ja j\u00e4rjest\u00e4j\u00e4n antamia ohjeita.<\/p>\n<p><strong>Kilpailukeskus<\/strong><\/p>\n<p>Lapland Hotels Pallas, Pallastunturintie, 99330 Muonio<\/p>\n<p><strong>Paikoitus<\/strong><\/p>\n<p>Hotellin piha-alue, tunturintien varrella oleva paikoitusalue sek\u00e4 tien varsi.<\/p>\n<p><strong>Kilpailutoimisto\u00a0<\/strong><\/p>\n<p>Hotellin pihalla teltassa perjantaina klo 16-21, lauantaina klo 10-19 ja sunnuntaina klo 8-16.<\/p>\n<p><strong>Kartta<\/strong><\/p>\n<p>Tunturisuunnistuskartta 8\/2014, t\u00e4ydennetty maastotietokannan pohjalle. Mittakaava 1:30 000 \/ 5m. Kartan koko A3. Kartta on muovikotelossa ja mallikartta n\u00e4ht\u00e4vill\u00e4 Maasto<\/p>\n<p>Lauantain kilpailu k\u00e4yd\u00e4\u00e4n mets\u00e4isess\u00e4 tunturimaastossa. Sunnuntain maasto on p\u00e4\u00e4osin hyv\u00e4kulkuista Pallaksen tunturimaastoa; avotunturia, tunturikoivikkoa.<\/p>\n<p><strong>Kielletyt alueet<\/strong><\/p>\n<p>L\u00e4ht\u00f6- ja maalialueen l\u00e4heisyydess\u00e4 olevilla kielletyill\u00e4 alueilla saa k\u00e4ytt\u00e4\u00e4 ainoastaan karttaan merkittyj\u00e4 polkuja. Kielletyll\u00e4 alueella muiden kuin merkittyjen polkujen k\u00e4ytt\u00f6 on ehdottomasti kielletty. Karttaan merkityt polut erottuvat selke\u00e4sti. Lis\u00e4ksi maastossa on runsaasti porojen ja vaeltajienkin tallaamia kulku-uria. Muita karttaan merkittyj\u00e4 kiellettyj\u00e4 alueita ei saa k\u00e4ytt\u00e4\u00e4.<\/p>\n<p><strong>Huom!<\/strong>\u00a0Muista liikennes\u00e4\u00e4nn\u00f6t! Ensimm\u00e4isen\u00e4 p\u00e4iv\u00e4n\u00e4 tien ylityksess\u00e4 noudatettava varovaisuutta. Tien laidassa juostessa on juostava per\u00e4kk\u00e4in tien vasenta laitaa. Rinnakkain juokseminen on kielletty.<\/p>\n<p><strong>Rastit ja leimaus<\/strong><\/p>\n<p>Rastirakennelmat ovat enimm\u00e4kseen mallirastin mukaiset. Emit-leimasimet on kiinnitetty kiviin.<br \/>\nParisarjoissa k\u00e4ytet\u00e4\u00e4n kahta Emit-kilpailukorttia. Parin on juostava koko kilpailu ja k\u00e4yt\u00e4v\u00e4 kaikilla rasteilla yhdess\u00e4. Parin molempien j\u00e4senten tulee leimata kaikilla rasteilla. Mallirasti sijaitsee kilpailukeskuksessa. Mallirastilla on 0-leimasin, jolla voi tarkistaa Emit-kortin toiminnan.<\/p>\n<p><strong>Kilpailunumerot ja rastinm\u00e4\u00e4ritteet <\/strong><\/p>\n<p>Kaikki kilpailijat k\u00e4ytt\u00e4v\u00e4t kilpailunumeroita. Sama numero on k\u00e4yt\u00f6ss\u00e4 kumpanakin p\u00e4iv\u00e4n\u00e4. Numerolaput ovat saatavilla kilpailukeskuksessa naruun ripustettuina. Numeroissa ei ole hakaneuloja, ottakaa omat hakaneulat mukaan. Kilpailunumero kiinnitet\u00e4\u00e4n rintaan siten, ett\u00e4 numero on helposti havaittavissa ja sit\u00e4 ei saa taittaa. Jos neulat unohtuivat, kilpailutoimistosta l\u00f6ytyy 1 \u20ac\/4 kpl.<br \/>\nRastinm\u00e4\u00e4ritteet ovat painettu karttaan. Irrallisia rastinm\u00e4\u00e4ritteit\u00e4 ei ole.<\/p>\n<p><strong>EMIT-kilpailukortit ja tarkistuskortit<\/strong><\/p>\n<p>Kilpailija on itse vastuussa elektronisen kilpailukorttinsa toimivuudesta ja siit\u00e4, ett\u00e4 k\u00e4ytt\u00e4\u00e4 l\u00e4ht\u00f6luettelossa mainittua kilpailukorttia. Muutokset on ilmoitettava kilpailutoimistoon ennen kilpailijan l\u00e4ht\u00f6hetke\u00e4.<br \/>\nVuokrakortit saa infosta hintaan 5 euroa. Palauttamatta j\u00e4tetyst\u00e4 EMIT-kortista veloitetaan 80 euroa.<br \/>\nNumeroiden l\u00e4hell\u00e4 ja l\u00e4ht\u00f6paikalla on saatavissa EMIT-tarkistuskortteja. Kilpailija vastaa itse tarkastuskortin k\u00e4ytt\u00e4misest\u00e4 ja merkitsee kilpailunumeronsa korttiin.<\/p>\n<p><strong>L\u00e4hd\u00f6t <\/strong><\/p>\n<p>Lauantaina yhteisl\u00e4ht\u00f6 kaikille sarjoille on klo 14:00, n. 3 km hotellilta etel\u00e4\u00e4n tiet\u00e4 pitkin. L\u00e4ht\u00f6\u00f6n on sininen viitoitus. Varaa riitt\u00e4v\u00e4sti aikaa l\u00e4ht\u00f6\u00f6n siirtymiseen. Lauantain l\u00e4ht\u00f6paikalla on saatavilla vett\u00e4. L\u00e4ht\u00f6paikalla ei ole WC:t\u00e4.<br \/>\nLauantain l\u00e4ht\u00f6alueelle aletaan ottaa kilpailijoita sis\u00e4\u00e4n klo 13:30. Alueelle ment\u00e4ess\u00e4 nollataan Emit-kortit. Klo 13:45 aletaan ryhmitty\u00e4 l\u00e4ht\u00f6riveille oman numeron osoittamaan paikkaan. Klo 13:55 Kartat jaetaan l\u00e4ht\u00f6riveitt\u00e4in kilpailijoille k\u00e4teen. Tarkista, ett\u00e4 saat oikein numeroiden kartan. Kartat saa k\u00e4\u00e4nt\u00e4\u00e4 n\u00e4ht\u00e4v\u00e4ksi kuuluttajan antaman l\u00e4ht\u00f6merkin j\u00e4lkeen.<br \/>\nSunnuntain l\u00e4ht\u00f6 on kilpailukeskuksessa, K-pisteelle punavalkea-viitoitus.<br \/>\nSunnuntaina on takaa-ajol\u00e4ht\u00f6 1. p\u00e4iv\u00e4n tulosten perusteella kaikilla sarjoilla kuntosarjaa lukuun ottamatta. Takaa-ajoon p\u00e4\u00e4sev\u00e4t mukaan kaikki ne, jotka j\u00e4\u00e4v\u00e4t 1. p\u00e4iv\u00e4n\u00e4 sarjansa k\u00e4rkeen korkeintaan 40 minuuttia. Sekaparisarjoissa ik\u00e4hyvitykset (1 min\/ 1 vuosi yli 70 menev\u00e4lt\u00e4 osalta) huomioidaan ensimm\u00e4isen p\u00e4iv\u00e4n tuloksiin. Ik\u00e4hyvityksien mahdollisia korjauksia voi tehd\u00e4 infossa ennen lauantain l\u00e4ht\u00f6\u00e4.<br \/>\nKaikki ensimm\u00e4isen p\u00e4iv\u00e4n voittajat l\u00e4htev\u00e4t toisena p\u00e4iv\u00e4n\u00e4 klo 10:00 ja siit\u00e4 l\u00e4hd\u00f6t jatkuvat takaa-ajona klo 10:40 asti. Kaikki ne, jotka eiv\u00e4t p\u00e4\u00e4se takaa-ajoon ja kaikki kuntosarjalaiset, l\u00e4htev\u00e4t toisena p\u00e4iv\u00e4n\u00e4 yhteisl\u00e4hd\u00f6ll\u00e4 klo 10:45. Sunnuntain tarkat l\u00e4ht\u00f6ajat ilmoitetaan tulostaululla ja kisasivuilla lauantain tulosten selvitty\u00e4.<br \/>\nSunnuntaina sarjojen voittajat l\u00e4htev\u00e4t yhteisl\u00e4ht\u00f6n\u00e4 klo 10.00. Heid\u00e4t kutsutaan alueelle klo 9.55 ja samalla he nollaavat Emit-korttinsa. Muut takaa-ajol\u00e4ht\u00f6\u00f6n p\u00e4\u00e4sseet kutsutaan l\u00e4ht\u00f6ajan mukaan noin 3 min ennen l\u00e4ht\u00f6\u00e4. L\u00e4ht\u00f6merkin saatuaan kilpailija siirtyy kartoille ja ottaa kartan sarjansa tunnuksella merkityst\u00e4 lokerosta. Kilpailija vastaa itse siit\u00e4, ett\u00e4 ottaa oikean kartan. Parisarjan kartat on nidottu yhteen. Mallikartta on n\u00e4ht\u00e4vill\u00e4 l\u00e4hd\u00f6n l\u00e4hell\u00e4.<\/p>\n<p>Sunnuntain yhteisl\u00e4ht\u00f6 tapahtuu siten, ett\u00e4 l\u00e4htij\u00e4t siirtyv\u00e4t l\u00e4ht\u00f6alueen sis\u00e4\u00e4n 10.30. Portilla nollataan emitit jonka j\u00e4lkeen kilpailijat parittain ottavat sarjatunnuksen mukaisesta sangosta kartat\/kartan.<br \/>\nKARTTAA EI SAA KATSOA ENNEN L\u00c4HT\u00d6\u00c4, VAAN SE PIDET\u00c4\u00c4N V\u00c4\u00c4RINP\u00c4IN. Kilpailija toverit varmaankin valvovat, ettei karttoja katsota ennen l\u00e4ht\u00f6\u00e4.<br \/>\nJos toimitsijat huomaavat jonkun katsovan karttaa ennen l\u00e4ht\u00f6\u00e4, niin kilpailija poistetaan l\u00e4hd\u00f6st\u00e4<br \/>\nKartan saatuaan kilpailija siirtyy l\u00e4ht\u00f6alueelle odottamaan yhteisl\u00e4ht\u00f6\u00e4.<\/p>\n<p>My\u00f6h\u00e4styneet ilmoittautuvat l\u00e4ht\u00f6henkil\u00f6kunnalle, joilta he saavat toimintaohjeet.<br \/>\nMolempina p\u00e4ivin\u00e4 l\u00e4ht\u00f6paikoille menev\u00e4 viitoitus on merkitty maastoon sinisill\u00e4. L\u00e4ht\u00f6ihin menness\u00e4 on noudatettava viitoitusta.<\/p>\n<p><strong>Maali<\/strong><\/p>\n<p>Kaikki sarjat saapuvat samaan maaliin, johon on viitoitus viimeiselt\u00e4 rastilta. Kilpailussa k\u00e4ytet\u00e4\u00e4n maalileimausta. Muistakaa leimata. Parisarjoissa molempien kilpailijoiden on saavuttava maaliin yhdess\u00e4. J\u00e4lkimm\u00e4isen saapuminen maaliin m\u00e4\u00e4r\u00e4\u00e4 tuloksen. Maalituomari ratkaisee sijoituksen maaliviivan ylityksest\u00e4 tiukoissa tilanteissa. Maali suljetaan lauantaina klo 20:00 ja sunnuntaina klo 16:30. Karttaa ei ker\u00e4t\u00e4 pois maalissa kumpanakaan p\u00e4iv\u00e4n\u00e4.<\/p>\n<p><strong>V\u00e4liajat ja GPS-seuranta<\/strong><\/p>\n<p>V\u00e4liaikarasteja ei ole. Viimeinen rasti toimii l\u00e4hestymisrastina.<br \/>\nMolempina p\u00e4ivin\u00e4 osalle sarjojen H21A, D21A ja HDA pareista sek\u00e4 mahdollisesti muillekin osallistujille annetaan GPS-seurantalaitteet. Seurantaan valitut parit ilmoitetaan kisasivuilla ja kilpailukeskuksen ilmoitustaululla perjantai-iltaan menness\u00e4. Seurantalaitteet jaetaan l\u00e4ht\u00f6paikoilta, laitteet tulee hakea viimeist\u00e4\u00e4n 10 min ennen omaa l\u00e4ht\u00f6aikaa. Kilpailijoiden etenemist\u00e4 voi seurata Hotelli Pallaksen sis\u00e4tiloissa valkokankaalta.<\/p>\n<p><strong>Juomat <\/strong><\/p>\n<p>Maastossa ei ole j\u00e4rjest\u00e4jien toimesta juomarasteja. Virtaavien purojen vesi on kuitenkin puhdasta ja juomakelpoista. Puroista veden juominen on kuitenkin kilpailijan omalla vastuulla. Kilpailijoiden on kuitenkin syyt\u00e4 varata omat tarvitsemansa urheilujuomat mukaan. Vett\u00e4 on saatavilla lauantaina l\u00e4ht\u00f6paikalla sek\u00e4 maalissa.<\/p>\n<p><strong>Kuntosarja <\/strong><\/p>\n<p>Kuntosarjaan voi ilmoittautua my\u00f6s paikan p\u00e4\u00e4ll\u00e4 kilpailukeskuksen infossa lauantaina klo 13:00 menness\u00e4 ja sunnuntaina klo 9:00 menness\u00e4 tai niin kauan kuin karttoja riiitt\u00e4\u00e4. Kuntosuunnistusmaksu paikan p\u00e4\u00e4ll\u00e4 ilmoittauduttaessa on 25 euroa \/ henkil\u00f6 \/ p\u00e4iv\u00e4 ja se maksetaan infoon k\u00e4teisell\u00e4. L\u00e4ht\u00f6 tapahtuu yhteisl\u00e4ht\u00f6in\u00e4 muiden sarjojen kanssa.<\/p>\n<p><strong>Keskeytt\u00e4neet <\/strong><\/p>\n<p>Keskeytt\u00e4nyt kilpailija tulee normaaliin tapaan maaliin ja ilmoittaa leimantarkastuksessa keskeytt\u00e4neens\u00e4. Kaikkien keskeytt\u00e4neiden on ehdottomasti ilmoittauduttava maalissa.<\/p>\n<p><strong>Pesu\u00a0<\/strong><\/p>\n<p>Kilpailukeskuksen l\u00e4hell\u00e4 olevassa lammessa voi k\u00e4yd\u00e4 uimassa, suosittelemme kuitenkin peseytymist\u00e4 majoitustiloissa.<\/p>\n<p><strong>WC<\/strong><\/p>\n<p>Hotelli Pallaksen WC-tilat, asuntovaunualueen WC-tilat sek\u00e4 Luontokeskuksen WC-tilat. Lis\u00e4ksi 5 ulkovessaa vaunualueen huoltorakennuksen l\u00e4heisyydess\u00e4.<br \/>\nSuunnistuskeng\u00e4t jalassa ei saa menn\u00e4 sis\u00e4tiloihin.<\/p>\n<p><strong>Ensiapu<\/strong><\/p>\n<p>Kilpailukeskuksessa on ensiapupaikka. Lis\u00e4ksi molempina p\u00e4ivin\u00e4 ensiapupaikka on my\u00f6s maastosta. Maastossa oleva ensiapupaikka on merkitty karttoihin. Karttaan on merkitty puhelinnumero 0404109085, josta voi h\u00e4lytt\u00e4\u00e4 tarvittaessa apua paikalle. Turvallisuussyist\u00e4 maastossa saa pit\u00e4\u00e4 matkapuhelinta mukana.<\/p>\n<p>&nbsp;<\/p>\n<p><strong>Omien GPS-laitteiden ja matkapuhelinten k\u00e4ytt\u00f6 kilpailusuorituksen aikana<\/strong><\/p>\n<p>Ilman karttan\u00e4ytt\u00f6\u00e4 olevan tallentavan GPS-laitteen k\u00e4ytt\u00f6 on sallittu. Laitteeseen tallennettua tietoa ei saa k\u00e4ytt\u00e4\u00e4 kilpailusuorituksen edist\u00e4miseksi. Oman k\u00e4nnyk\u00e4n saa turvallisuussyist\u00e4 ottaa mukaan, mutta sen tulee olla suljettuna l\u00e4ht\u00f6alueella ja kilpailusuorituksen aikana, ja sit\u00e4 saa k\u00e4ytt\u00e4\u00e4 ainoastaan h\u00e4t\u00e4tapauksessa.<\/p>\n<p>Muksula<\/p>\n<p>Kilpailukeskuksessa on muksula, johon on ennakkoon ilmoittauduttu. Lapsille tarjotaan pient\u00e4 purtavaa. Omat ev\u00e4\u00e4t mukaan. Muksula on avoinna lauantaina klo 12.30 alkaen ja sunnuntaina alkaen klo 9.00. Muksula sijaitsee ulkona teltassa, sateen sattuessa my\u00f6s sis\u00e4tila k\u00e4yt\u00f6ss\u00e4.<\/p>\n<p><strong>Ravintola<\/strong><\/p>\n<p>Hotelli Pallaksen v\u00e4ki hoitaa tarjoilun kisojen aikana.<br \/>\n\u2022 la-su keitti\u00f6 on auki klo 12-21. Keittolounasta saatavilla klo 12-17, snack-lista klo 12-15 ja a la carte 15-21<br \/>\n\u2022 Perjantaina keitti\u00f6 on auki klo 15-21, a la carte.<br \/>\n\u2022 Buffet p\u00e4iv\u00e4llinen pe-su klo 17.30-20.30. Hinta 25 \u20ac\/hl\u00f6.<br \/>\n\u2022 Baari\/kahvila koko viikonlopun klo 10.30-24<br \/>\n\u2022 Aamiainen klo 7-10, paitsi sunnuntaina jo klo 6.30 alkaen. Aamiainen ulkopuolisille 14 \u20ac\/hl\u00f6.<br \/>\n\u2022 Ulkona on la ja su klo 12-18 tarjolla makkaraa, pyttipannua, kahvia ja pullaa ja baari<\/p>\n<p><strong>Palkintojen jako <\/strong><\/p>\n<p>Lauantaina jaetaan kaikille maaliintulijoille muistopalkinto.<br \/>\nSunnuntaina jaetaan palkinnot yhteistulosten mukaan. Palkittavien m\u00e4\u00e4r\u00e4t ovat n\u00e4ht\u00e4viss\u00e4 kilpailuohjeessa j\u00e4ljemp\u00e4n\u00e4. Palkintojen jaon arvioitu aikataulu ilmoitustaululla. Seuraa kuulutusta. Kaikkien lopputulosten saaneiden kesken arvotaan palkintoja, voittajien nimet ilmoitustaululla sunnuntaina.<br \/>\nKuntosarjojen palkinnot arvotaan. Arvonnan voittajien nimet julkistetaan kilpailukeskuksen ilmoitustaululla sunnuntaiaamuna. Palkinnot saa sunnuntaina kilpailutoimistosta.<br \/>\nPalkintojenjaon yhteydess\u00e4 jaetaan my\u00f6s tunturinvalloittaja-mitaleita 10, 20 ja 25 osallistumiskerrasta.<\/p>\n<p><strong>Tulokset <\/strong><\/p>\n<p>Tulokset ovat n\u00e4ht\u00e4vill\u00e4 tulostaululla sek\u00e4 kisasivuilla www.tunturisuunnistus.fi\/2014 . Kisasivuilla on n\u00e4ht\u00e4viss\u00e4 my\u00f6s v\u00e4liajat.<\/p>\n<p><strong>Pallas-Yll\u00e4stunturin kansallispuiston erityisohjeet<\/strong><\/p>\n<p>Kilpailu k\u00e4yd\u00e4\u00e4n Pallas-Yll\u00e4stunturin kansallispuiston alueella. Kilpailijoiden on otettava t\u00e4m\u00e4 huomioon kilpailun aikana. Maastoon ei miss\u00e4\u00e4n tapauksessa saa j\u00e4tt\u00e4\u00e4 kertak\u00e4ytt\u00f6isi\u00e4 juoma- ja energiavalmistepakkauksia tai muita j\u00e4tteit\u00e4! \u201dKaiken, mink\u00e4 jaksat vied\u00e4 mukanasi maastoon, jaksat tuoda sielt\u00e4 my\u00f6s pois.\u201d<br \/>\nTarkat Pallas-Yll\u00e4stunturin kansallispuiston ohjeet ja s\u00e4\u00e4nn\u00f6t, sek\u00e4 tiedot roskattomasta retkeilyst\u00e4 l\u00f6ytyv\u00e4t kilpailukeskuksen ilmoitustaululta sek\u00e4 Internetist\u00e4 osoitteesta: http:\/\/www.luontoon.fi\/retkikohteet\/kansallispuistot\/pallasyllastunturi\/ohjeetjasaannot\/Sivut\/Default.aspx<\/p>\n<p><strong>Sarjat, matkat ja palkittavien m\u00e4\u00e4r\u00e4t<\/strong><br \/>\nLauantai Sunnuntai<br \/>\nSarja Matka Noususumma Mittakaava Matka Noususumma Mittakaava Palkittavat<br \/>\nD21A 17,1 900 1 : 30 000 16,9 990 1 : 30 000 3<br \/>\nD21C 10,9 470 1 : 30 000 10,1 640 1 : 30 000 4<br \/>\nD80 13,1 515 1 : 30 000 14 900 1 : 30 000 1<br \/>\nD95 13,1 470 1 : 30 000 13 870 1 : 30 000 2<br \/>\nD110 11 570 1 : 30 000 10,8 620 1 : 30 000 2<br \/>\nD125 11 570 1 : 30 000 10,8 620 1 : 30 000 1<br \/>\nD38 13,1 470 1 : 30 000 13 870 1 : 30 000 0<br \/>\nD32 11 570 1 : 30 000 10,8 620 1 : 30 000 2<br \/>\nDA 14,8 800 1 : 30 000 14 870 1 : 30 000 2<br \/>\nDB 13,1 470 1 : 30 000 13 870 1 : 30 000 2<br \/>\nH21A 25,3 1025 1 : 30 000 22,8 1150 1 : 30 000 3<br \/>\nH21B 17,8 665 1 : 30 000 20,4 880 1 : 30 000 5<br \/>\nH21C 13,2 525 1 : 30 000 13,5 900 1 : 30 000 4<br \/>\nH80 19,4 930 1 : 30 000 19,4 950 1 : 30 000 3<br \/>\nH95 17,8 705 1 : 30 000 17 880 1 : 30 000 3<br \/>\nH110 17,1 900 1 : 30 000 16,8 990 1 : 30 000 2<br \/>\nH125 14,8 655 1 : 30 000 11,3 720 1 : 30 000 3<br \/>\nH140 11,1 520 1 : 30 000 11,5 820 1 : 30 000 1<br \/>\nH38 17,8 705 1 : 30 000 16,9 880 1 : 30 000 1<br \/>\nH32 14,7 655 1 : 30 000 11,3 720 1 : 30 000 2<br \/>\nHA 25,3 1030 1 : 30 000 22,6 1160 1 : 30 000 4<br \/>\nHB 14,8 800 1 : 30 000 14 870 1 : 30 000 6<br \/>\nHDA 18,2 800 1 : 30 000 16,7 890 1 : 30 000 4<br \/>\nHDB 13,4 550 1 : 30 000 12,5 590 1 : 30 000 6<br \/>\nHDC 11,2 570 1 : 30 000 12,4 660 1 : 30 000 6<br \/>\nKUNTO P\/H 10,9 650 1 : 30 000 11,2 650 1 : 30 000 5 \/ 7<\/p>\n<p>&nbsp;<\/p>\n","protected":false},"excerpt":{"rendered":"<p>Alustavat kilpailuohjeet Lopulliset ovat n\u00e4ht\u00e4vill\u00e4 kilpailukeskuksen ilmoitustaululla Vastuuhenkil\u00f6t Kilpailun johtaja: Esa Rantakeisu, p. 0405782328 Ratamestariryhm\u00e4n johtaja: Jorma Pietil\u00e4inen, 0400391419 Ratamestari: Risto Jaako Tiedottaja\/Muksula: Riikka Korpi, 0405726720 Kilpailusihteeri: Marja Matila, p. 0405719527 Ensiapu: SPR Muonio, p. 0404109085 Tuomarineuvosto Tuomarineuvoston puheenjohtaja Antero Karvinen, OH J\u00e4senet Mira Paavola, OuTa ja Hannu-Pekka Pukema, Navi S\u00e4\u00e4nn\u00f6t Kilpailuissa noudatetaan Suomen Suunnistusliiton [&hellip;]<\/p>\n","protected":false},"author":2,"featured_media":0,"parent":0,"menu_order":0,"comment_status":"closed","ping_status":"closed","template":"","meta":{"footnotes":"","_links_to":"","_links_to_target":""},"_links":{"self":[{"href":"https:\/\/tunturisuunnistus.fi\/2014\/wp-json\/wp\/v2\/pages\/599"}],"collection":[{"href":"https:\/\/tunturisuunnistus.fi\/2014\/wp-json\/wp\/v2\/pages"}],"about":[{"href":"https:\/\/tunturisuunnistus.fi\/2014\/wp-json\/wp\/v2\/types\/page"}],"author":[{"embeddable":true,"href":"https:\/\/tunturisuunnistus.fi\/2014\/wp-json\/wp\/v2\/users\/2"}],"replies":[{"embeddable":true,"href":"https:\/\/tunturisuunnistus.fi\/2014\/wp-json\/wp\/v2\/comments?post=599"}],"version-history":[{"count":4,"href":"https:\/\/tunturisuunnistus.fi\/2014\/wp-json\/wp\/v2\/pages\/599\/revisions"}],"predecessor-version":[{"id":605,"href":"https:\/\/tunturisuunnistus.fi\/2014\/wp-json\/wp\/v2\/pages\/599\/revisions\/605"}],"wp:attachment":[{"href":"https:\/\/tunturisuunnistus.fi\/2014\/wp-json\/wp\/v2\/media?parent=599"}],"curies":[{"name":"wp","href":"https:\/\/api.w.org\/{rel}","templated":true}]}}