{"id":584,"date":"2014-07-30T10:58:04","date_gmt":"2014-07-30T07:58:04","guid":{"rendered":"http:\/\/tunturisuunnistus.fi\/2014\/?page_id=584"},"modified":"2014-08-03T15:25:10","modified_gmt":"2014-08-03T12:25:10","slug":"tulospalvelu","status":"publish","type":"page","link":"https:\/\/tunturisuunnistus.fi\/2014\/tulospalvelu\/","title":{"rendered":"Tulospalvelu"},"content":{"rendered":"<h1>Tulospalvelu<\/h1>\n<ul>\n<li><strong>3.8.2014 klo 15:24 &#8211; <\/strong>Sunnuntain tulokset julkaistu.<\/li>\n<li><strong>2.8.2014 klo 21:57 &#8211;\u00a0<\/strong>Sunnuntain l\u00e4ht\u00f6listat<\/li>\n<li><strong>2.8.2014 klo 19:28 &#8211;\u00a0<\/strong>Lauantain tulokset ja v\u00e4liajat lis\u00e4tty.<\/li>\n<li><strong>2.8.2014 klo 8:50 &#8211;<\/strong> Lauantain GPS-seurattavat lis\u00e4tty!<\/li>\n<li><strong>30.7.2014 klo 10:52 &#8211; <\/strong>L\u00e4ht\u00f6listat ja ik\u00e4hyvitykset julkaistu! Tarkistakaa emit-numerot ja ik\u00e4hyvitystietojen oikeellisuus. Virheelliset tiedot voi ilmoittaa daniel.lehtonen(a)pp.inet.fi.<\/li>\n<\/ul>\n<p>&nbsp;<\/p>\n<ul>\n<li><a href=\"http:\/\/tunturisuunnistus.fi\/2014\/wp-content\/uploads\/sites\/7\/su_tulokset.html\" target=\"_blank\">Yhteistulokset<\/a><\/li>\n<li><a href=\"http:\/\/tunturisuunnistus.fi\/2014\/wp-content\/uploads\/sites\/7\/su_valiajat.html\" target=\"_blank\">V\u00e4liajat, sunnuntai<\/a><\/li>\n<\/ul>\n<p>&nbsp;<\/p>\n<ul>\n<li><a href=\"http:\/\/tunturisuunnistus.fi\/2014\/wp-content\/uploads\/sites\/7\/la_tulokset.html\" target=\"_blank\">L\u00e4ht\u00f6ajat, sununtai<\/a><\/li>\n<li><a href=\"http:\/\/www.tulospalvelu.fi\/gps\/20140803tunturi2\/\" target=\"_blank\">GPS-seuranta, sunnuntai<\/a><\/li>\n<li><a href=\"http:\/\/tunturisuunnistus.fi\/2014\/wp-content\/uploads\/sites\/7\/gpslistaSunnuntai.pdf\">GPS-seurattavat, sunnuntai<\/a>\u00a0[pdf]<\/li>\n<\/ul>\n<p>&nbsp;<\/p>\n<ul>\n<li><a href=\"http:\/\/tunturisuunnistus.fi\/2014\/wp-content\/uploads\/sites\/7\/la_tulokset.html\" target=\"_blank\">Tulokset, lauantai<\/a><\/li>\n<li><a href=\"http:\/\/tunturisuunnistus.fi\/2014\/wp-content\/uploads\/sites\/7\/la_valiajat.html\" target=\"_blank\">V\u00e4liajat, lauantai<\/a><\/li>\n<li><a href=\"http:\/\/www.tulospalvelu.fi\/gps\/20140802tunturi1\/\" target=\"_blank\">Lauantain GPS-seuranta<\/a><\/li>\n<\/ul>\n<p>&nbsp;<\/p>\n<ul>\n<li><a href=\"http:\/\/tunturisuunnistus.fi\/2014\/wp-content\/uploads\/sites\/7\/Tunturi2014_lahtolista.html\">L\u00e4ht\u00f6lista<\/a><\/li>\n<li><a href=\"http:\/\/tunturisuunnistus.fi\/2014\/wp-content\/uploads\/sites\/7\/syntym\u00e4vuodet.pdf\">Ik\u00e4hyvitykset<\/a><\/li>\n<\/ul>\n<p>&nbsp;<\/p>\n","protected":false},"excerpt":{"rendered":"<p>Tulospalvelu 3.8.2014 klo 15:24 &#8211; Sunnuntain tulokset julkaistu. 2.8.2014 klo 21:57 &#8211;\u00a0Sunnuntain l\u00e4ht\u00f6listat 2.8.2014 klo 19:28 &#8211;\u00a0Lauantain tulokset ja v\u00e4liajat lis\u00e4tty. 2.8.2014 klo 8:50 &#8211; Lauantain GPS-seurattavat lis\u00e4tty! 30.7.2014 klo 10:52 &#8211; L\u00e4ht\u00f6listat ja ik\u00e4hyvitykset julkaistu! Tarkistakaa emit-numerot ja ik\u00e4hyvitystietojen oikeellisuus. Virheelliset tiedot voi ilmoittaa daniel.lehtonen(a)pp.inet.fi. &nbsp; Yhteistulokset V\u00e4liajat, sunnuntai &nbsp; L\u00e4ht\u00f6ajat, sununtai GPS-seuranta, sunnuntai [&hellip;]<\/p>\n","protected":false},"author":2,"featured_media":0,"parent":0,"menu_order":0,"comment_status":"closed","ping_status":"closed","template":"","meta":{"footnotes":"","_links_to":"","_links_to_target":""},"_links":{"self":[{"href":"https:\/\/tunturisuunnistus.fi\/2014\/wp-json\/wp\/v2\/pages\/584"}],"collection":[{"href":"https:\/\/tunturisuunnistus.fi\/2014\/wp-json\/wp\/v2\/pages"}],"about":[{"href":"https:\/\/tunturisuunnistus.fi\/2014\/wp-json\/wp\/v2\/types\/page"}],"author":[{"embeddable":true,"href":"https:\/\/tunturisuunnistus.fi\/2014\/wp-json\/wp\/v2\/users\/2"}],"replies":[{"embeddable":true,"href":"https:\/\/tunturisuunnistus.fi\/2014\/wp-json\/wp\/v2\/comments?post=584"}],"version-history":[{"count":16,"href":"https:\/\/tunturisuunnistus.fi\/2014\/wp-json\/wp\/v2\/pages\/584\/revisions"}],"predecessor-version":[{"id":644,"href":"https:\/\/tunturisuunnistus.fi\/2014\/wp-json\/wp\/v2\/pages\/584\/revisions\/644"}],"wp:attachment":[{"href":"https:\/\/tunturisuunnistus.fi\/2014\/wp-json\/wp\/v2\/media?parent=584"}],"curies":[{"name":"wp","href":"https:\/\/api.w.org\/{rel}","templated":true}]}}