{"id":436,"date":"2014-05-27T21:50:28","date_gmt":"2014-05-27T18:50:28","guid":{"rendered":"http:\/\/tunturisuunnistus.fi\/2014\/?page_id=436"},"modified":"2014-06-27T13:32:15","modified_gmt":"2014-06-27T10:32:15","slug":"majoitus","status":"publish","type":"page","link":"https:\/\/tunturisuunnistus.fi\/2014\/majoitus\/","title":{"rendered":"Majoitus"},"content":{"rendered":"<h1>Majoitus<\/h1>\n<p><strong>Oloksella<\/strong> tarjolla LOMAHUONEISTOMAJOITUSTA kisan ajalle,\u00a0varaukset voi tehd\u00e4 netin kautta\u00a0www.laplandhotels.com\u00a0, josta l\u00f6ytyy my\u00f6s tarkemmat tiedot eri vaihtoehdoista. Varata voi my\u00f6s \u00a0soittamalla puh. (016) 536\u00a0111, Oloshotellintie 25, 99300 Muonio tai s\u00e4hk\u00f6postitse olos@laplandhotels.com<\/p>\n","protected":false},"excerpt":{"rendered":"<p>Majoitus Oloksella tarjolla LOMAHUONEISTOMAJOITUSTA kisan ajalle,\u00a0varaukset voi tehd\u00e4 netin kautta\u00a0www.laplandhotels.com\u00a0, josta l\u00f6ytyy my\u00f6s tarkemmat tiedot eri vaihtoehdoista. Varata voi my\u00f6s \u00a0soittamalla puh. (016) 536\u00a0111, Oloshotellintie 25, 99300 Muonio tai s\u00e4hk\u00f6postitse olos@laplandhotels.com<\/p>\n","protected":false},"author":2,"featured_media":0,"parent":0,"menu_order":0,"comment_status":"closed","ping_status":"closed","template":"","meta":{"footnotes":"","_links_to":"","_links_to_target":""},"_links":{"self":[{"href":"https:\/\/tunturisuunnistus.fi\/2014\/wp-json\/wp\/v2\/pages\/436"}],"collection":[{"href":"https:\/\/tunturisuunnistus.fi\/2014\/wp-json\/wp\/v2\/pages"}],"about":[{"href":"https:\/\/tunturisuunnistus.fi\/2014\/wp-json\/wp\/v2\/types\/page"}],"author":[{"embeddable":true,"href":"https:\/\/tunturisuunnistus.fi\/2014\/wp-json\/wp\/v2\/users\/2"}],"replies":[{"embeddable":true,"href":"https:\/\/tunturisuunnistus.fi\/2014\/wp-json\/wp\/v2\/comments?post=436"}],"version-history":[{"count":8,"href":"https:\/\/tunturisuunnistus.fi\/2014\/wp-json\/wp\/v2\/pages\/436\/revisions"}],"predecessor-version":[{"id":474,"href":"https:\/\/tunturisuunnistus.fi\/2014\/wp-json\/wp\/v2\/pages\/436\/revisions\/474"}],"wp:attachment":[{"href":"https:\/\/tunturisuunnistus.fi\/2014\/wp-json\/wp\/v2\/media?parent=436"}],"curies":[{"name":"wp","href":"https:\/\/api.w.org\/{rel}","templated":true}]}}