{"id":426,"date":"2014-04-30T10:55:37","date_gmt":"2014-04-30T07:55:37","guid":{"rendered":"http:\/\/tunturisuunnistus.fi\/2014\/?page_id=426"},"modified":"2015-07-28T12:18:13","modified_gmt":"2015-07-28T09:18:13","slug":"kilpailukutsu","status":"publish","type":"page","link":"https:\/\/tunturisuunnistus.fi\/2014\/kilpailukutsu\/","title":{"rendered":"Kilpailukutsu"},"content":{"rendered":"<h1>Kilpailukutsu<\/h1>\n<p><b>Suomen Tunturisuunnistus Pallaksella 2.-3.8.2014<\/b><\/p>\n<p><b>L\u00e4hd\u00f6t<\/b>: La 2.8.2014 yhteisl\u00e4ht\u00f6 klo 14.00,\u00a0 su 3.8.2014 takaa-ajol\u00e4ht\u00f6 klo 10.00<\/p>\n<p><b>Parisarjat ja matkat<\/b>: H21A 25-28 km, H21B 18-20 km, H21C 13-15 km, H80 18-20 km, H95 17-19 km, H110 16-18 km, H125 13-15 km, H140 11- 12 km, H38 17-19 km, H32 13-15 km, D21A 17-19 km, D21C 11-13 km, D80 13-14 km, D95 12-13 km D110 9-10 km, D125 9-10 km, D38 12-13 km, D32 9-10 km. Sarjoissa 32\/38 yhteisik\u00e4 enint\u00e4\u00e4n 32\/38 vuotta ja sarjoissa 80\/ 95\/ 110\/ 125\/ 140 yhteisik\u00e4 v\u00e4hint\u00e4\u00e4n 80\/ 95\/ 110\/ 125 \/ 140 vuotta.<\/p>\n<p><b>Sekaparisarjat<\/b>: H\/DA 17-19 km, H\/DB 13-15 km, H\/DC 9-11 km. Ik\u00e4hyvitys 1 min\/ vuosi, kun parin yhteisik\u00e4 ylitt\u00e4\u00e4 70 vuotta. <span style=\"text-decoration: underline;\">Sarjoihin ilmoittauduttaessa ilmoitettava syntym\u00e4vuodet<\/span>.<\/p>\n<p><b>Henkil\u00f6kohtaiset sarjat<\/b>: HA 22-24 km, HB 13-15 km, DA 14-16 km, DB 11-13 km.<\/p>\n<p><b>Kuntosarja<\/b>: sarjassa voi suunnistaa yksin tai parin kanssa, 10-12 km.<\/p>\n<p>Kaikkiin sarjoihin voi osallistua ilman lisenssi\u00e4.<\/p>\n<p>Kaikkien sarjojen ratapituudet tarkentuvat ratamestarity\u00f6n edistyess\u00e4.<\/p>\n<p><b>Osallistumismaksut<\/b>: parisarjat 60,00 \u20ac\/ pari, henkil\u00f6kohtaiset sarjat 36,00 \u20ac\/ henkil\u00f6, kuntosarja 60,00 \u20ac\/ pari ja 30,00 \u20ac\/ henkil\u00f6. Yhden p\u00e4iv\u00e4n maksu on puolet edellisist\u00e4. Emit-vuokra 5,00 \u20ac k\u00e4teisell\u00e4 kisapaikalla.<\/p>\n<p><b>Ilmoittautumiset: <\/b>ensisijaisesti<b> <\/b>IRMA-j\u00e4rjestelm\u00e4n kautta 23.7.2014 klo 24.00 menness\u00e4. Tunturisuunnistukseen 2014 voi IRMAssa ilmoittautua vain kumpaankin kilpailup\u00e4iv\u00e4\u00e4n yht\u00e4 aikaa. Ilmoittautuminen tehd\u00e4\u00e4n ensimm\u00e4isen kilpailup\u00e4iv\u00e4n 2.8.2014 kautta (toisen kilpailup\u00e4iv\u00e4n 3.8. kautta ei voi ilmoittautua). <b>My\u00f6s osanottajien, joilla ei ole lisenssi\u00e4, tulee rekister\u00f6ity\u00e4 <\/b><a title=\"Irma, ilmoittautuminen\" href=\"https:\/\/irma.suunnistusliitto.fi\/irma\/public\/competitioncalendar\/view\" target=\"_blank\"><b>IRMAan<\/b><\/a><b> ja ilmoittautua sen kautta.<\/b>\u00a0 Rekister\u00f6ityminen IRMAan ei vaadi lisenssin lunastamista. Osallistuminen maksetaan Irman kautta samanaikaisesti ilmoittautumisen kanssa.<\/p>\n<p>Ilmoittautuminen <b>vain yhdelle p\u00e4iv\u00e4lle<\/b> s\u00e4hk\u00f6postilla osoitteeseen <a href=\"mailto:daniel.lehtonen@pp.inet.fi\">daniel.lehtonen(a)pp.inet.fi<\/a>\u00a023.7.2014 klo 24.00 menness\u00e4, maksu samanaikaisesti L\u00e4nsi-Rajan Rastin tilille.<\/p>\n<p><b>J\u00e4lki-ilmoittautumiset<\/b>: 1,5-kertaisin osanottomaksuin tiistaihin 29.7.2014 klo 24.00 menness\u00e4 IRMAn kautta. Mahdolliset Emit- numeromuutokset ja yhden p\u00e4iv\u00e4n j\u00e4lki-ilmoittautumiset s\u00e4hk\u00f6postilla osoitteeseen <a href=\"mailto:daniel.lehtonen@pp.inet.fi\">daniel.lehtonen(a)pp.inet.fi<\/a> tiistaihin 29.7.2013 klo 24.00. Ilmoittautumisten ep\u00e4selvyyksiss\u00e4 yhteys suoraan Daniel Lehtoseen.<\/p>\n<p><b>Kilpailuohjeet<\/b>: luettavissa Tunturisuunnistuksen kotisivuilta www.tunturisuunnistus.fi\/2014\/ viimeist\u00e4\u00e4n 31.7.2014.<\/p>\n<p><b>Leimaus<\/b>: Emit-leimaus. Ilmoittautumisen yhteydess\u00e4 ilmoitettava kilpailijoiden Emit-numerot. Ilmoittamatta j\u00e4tt\u00e4neille varataan vuokrakortti, jonka saa infosta hintaan 5 \u20ac. Parisarjoissa molempien kilpailijoiden tulee k\u00e4ytt\u00e4\u00e4 Emit-korttia.<\/p>\n<p><b>Kilpailukeskus<\/b>: Hotelli Pallas,Pallastunturintie, 99330 Pallastunturi. \u00a0Paikoitus kilpailukeskuksessa ja sen l\u00e4heisyydess\u00e4.<\/p>\n<p><b>Kartta<\/b>: Tunturisuunnistuskartta 1:25 000 tai 1:30 000, t\u00e4ydennetty maastotietokannan pohjalta. Tulostekartta.<\/p>\n<p><b>Maasto<\/b>: Pallastunturin alue.<\/p>\n<p><b>GPS-seuranta<\/b>: Mahdollisesti sarjoissa H\/D21A, HDA ja henkil\u00f6kohtaisissa sarjoissa\u00a0 H\/DA.<\/p>\n<p><b>Palkinnot<\/b>: Kaikille ensimm\u00e4isen p\u00e4iv\u00e4n maaliintulijoille jaetaan muistopalkinto. Palkinnot jaetaan yhteistulosten perusteella. Lista palkinnoista ja palkittavista tulee nettisivuille my\u00f6hemmin.<\/p>\n<p><b>Muksula<\/b>: Tarve ilmoitettava s\u00e4hk\u00f6postilla \u00a0riikkakorpi6(a)gmail.com maanantaihin 28.7. menness\u00e4<\/p>\n<p><b>Majoitus<\/b>: Kysy <strong>Lapland Hotel Olos, <\/strong>puh. (016) 536\u00a0111, Oloshotellintie, 99300 Muonio<br \/>\nolos(a)laplandhotels.com<\/p>\n<p><b>Kilpailun johtaja<\/b>: Esa Rantakeisu, 0405782328, esa.rantakeisu(a)lao.fi<\/p>\n<p><b>Ratamestariryhm\u00e4n johtaja<\/b>: Jorma Pietil\u00e4inen, 0400391419, jorma.pietilainen(a)aal.inet.fi<\/p>\n<p><b>Valvoja<\/b>: Tero Taulavuori, 0408481665, taulavuori(a)kotikone.fi<\/p>\n<p><b>Tiedottaja<\/b>: Riikka Korpi, 0405726720, riikkakorpi6(a)gmail.com<\/p>\n<p>&nbsp;<\/p>\n<p><b>Tervetuloa!<\/b><\/p>\n","protected":false},"excerpt":{"rendered":"<p>Kilpailukutsu Suomen Tunturisuunnistus Pallaksella 2.-3.8.2014 L\u00e4hd\u00f6t: La 2.8.2014 yhteisl\u00e4ht\u00f6 klo 14.00,\u00a0 su 3.8.2014 takaa-ajol\u00e4ht\u00f6 klo 10.00 Parisarjat ja matkat: H21A 25-28 km, H21B 18-20 km, H21C 13-15 km, H80 18-20 km, H95 17-19 km, H110 16-18 km, H125 13-15 km, H140 11- 12 km, H38 17-19 km, H32 13-15 km, D21A 17-19 km, D21C 11-13 [&hellip;]<\/p>\n","protected":false},"author":2,"featured_media":0,"parent":0,"menu_order":0,"comment_status":"closed","ping_status":"closed","template":"","meta":{"footnotes":"","_links_to":"","_links_to_target":""},"_links":{"self":[{"href":"https:\/\/tunturisuunnistus.fi\/2014\/wp-json\/wp\/v2\/pages\/426"}],"collection":[{"href":"https:\/\/tunturisuunnistus.fi\/2014\/wp-json\/wp\/v2\/pages"}],"about":[{"href":"https:\/\/tunturisuunnistus.fi\/2014\/wp-json\/wp\/v2\/types\/page"}],"author":[{"embeddable":true,"href":"https:\/\/tunturisuunnistus.fi\/2014\/wp-json\/wp\/v2\/users\/2"}],"replies":[{"embeddable":true,"href":"https:\/\/tunturisuunnistus.fi\/2014\/wp-json\/wp\/v2\/comments?post=426"}],"version-history":[{"count":5,"href":"https:\/\/tunturisuunnistus.fi\/2014\/wp-json\/wp\/v2\/pages\/426\/revisions"}],"predecessor-version":[{"id":658,"href":"https:\/\/tunturisuunnistus.fi\/2014\/wp-json\/wp\/v2\/pages\/426\/revisions\/658"}],"wp:attachment":[{"href":"https:\/\/tunturisuunnistus.fi\/2014\/wp-json\/wp\/v2\/media?parent=426"}],"curies":[{"name":"wp","href":"https:\/\/api.w.org\/{rel}","templated":true}]}}