{"id":58,"date":"2013-02-24T18:45:12","date_gmt":"2013-02-24T16:45:12","guid":{"rendered":"http:\/\/tunturisuunnistus.fi\/2013\/?page_id=58"},"modified":"2013-07-29T07:09:40","modified_gmt":"2013-07-29T04:09:40","slug":"majoitus","status":"publish","type":"page","link":"https:\/\/tunturisuunnistus.fi\/2013\/majoitus\/","title":{"rendered":"Majoitus"},"content":{"rendered":"<h1>Majoitus<\/h1>\n<p>Kisaj\u00e4rjest\u00e4j\u00e4t ovat tehneet yhteisty\u00f6sopimuksen kisapaikkana toimivan Santa&#8217;s Hotel Tunturin kanssa. Santa&#8217;s Hotel Tunturin majoitustarjouksen l\u00f6yd\u00e4t alla olevasta linkist\u00e4.<\/p>\n<ul>\n<li><a href=\"http:\/\/www.tarjoushallinta.fi\/collections\/view\/tunturis\/13798ea6\" target=\"_blank\">Majoitustarjous, Santa&#8217;s Hotel Tunturi<\/a><\/li>\n<\/ul>\n","protected":false},"excerpt":{"rendered":"<p>Majoitus Kisaj\u00e4rjest\u00e4j\u00e4t ovat tehneet yhteisty\u00f6sopimuksen kisapaikkana toimivan Santa&#8217;s Hotel Tunturin kanssa. Santa&#8217;s Hotel Tunturin majoitustarjouksen l\u00f6yd\u00e4t alla olevasta linkist\u00e4. Majoitustarjous, Santa&#8217;s Hotel Tunturi<\/p>\n","protected":false},"author":2,"featured_media":0,"parent":0,"menu_order":50,"comment_status":"closed","ping_status":"closed","template":"","meta":{"footnotes":"","_links_to":"","_links_to_target":""},"_links":{"self":[{"href":"https:\/\/tunturisuunnistus.fi\/2013\/wp-json\/wp\/v2\/pages\/58"}],"collection":[{"href":"https:\/\/tunturisuunnistus.fi\/2013\/wp-json\/wp\/v2\/pages"}],"about":[{"href":"https:\/\/tunturisuunnistus.fi\/2013\/wp-json\/wp\/v2\/types\/page"}],"author":[{"embeddable":true,"href":"https:\/\/tunturisuunnistus.fi\/2013\/wp-json\/wp\/v2\/users\/2"}],"replies":[{"embeddable":true,"href":"https:\/\/tunturisuunnistus.fi\/2013\/wp-json\/wp\/v2\/comments?post=58"}],"version-history":[{"count":3,"href":"https:\/\/tunturisuunnistus.fi\/2013\/wp-json\/wp\/v2\/pages\/58\/revisions"}],"predecessor-version":[{"id":271,"href":"https:\/\/tunturisuunnistus.fi\/2013\/wp-json\/wp\/v2\/pages\/58\/revisions\/271"}],"wp:attachment":[{"href":"https:\/\/tunturisuunnistus.fi\/2013\/wp-json\/wp\/v2\/media?parent=58"}],"curies":[{"name":"wp","href":"https:\/\/api.w.org\/{rel}","templated":true}]}}