{"id":38,"date":"2013-02-19T20:45:44","date_gmt":"2013-02-19T18:45:44","guid":{"rendered":"http:\/\/tunturisuunnistus.fi\/2013\/?page_id=38"},"modified":"2013-07-29T07:09:02","modified_gmt":"2013-07-29T04:09:02","slug":"kilpailukutsu","status":"publish","type":"page","link":"https:\/\/tunturisuunnistus.fi\/2013\/kilpailukutsu\/","title":{"rendered":"Kilpailukutsu"},"content":{"rendered":"<h1>Kilpailukutsu<\/h1>\n<p><b>Suomen Tunturisuunnistus Saarisel\u00e4ll\u00e4 3.-4.8.2013<\/b><\/p>\n<p><b>30. juhlasuunnistus<\/b><\/p>\n<p>Kilpailukutsu (12.6.2013)<\/p>\n<p><b>L\u00e4hd\u00f6t<\/b>: La 3.8.2013 yhteisl\u00e4ht\u00f6 klo 14.00 (Kaunisp\u00e4\u00e4ll\u00e4), su 4.8.2013 takaa-ajol\u00e4ht\u00f6 klo 10.00<\/p>\n<p><b>Parisarjat ja matkat<\/b>: H21A 25-28 km, H21B 18-20 km, H21C 13-15 km, H80 18-20 km, H95 17-19 km, H110 16-18 km, H125 13-15 km, H140 11- 12 km, H38 17-19 km, H32 13-15 km, D21A 17-19 km, D21C 11-13 km, D80 13-14 km, D95 12-13 km D110 9-10 km, D125 9-10 km, D38 12-13 km, D32 9-10 km. Sarjoissa 32\/38 yhteisik\u00e4 enint\u00e4\u00e4n 32\/38 vuotta ja sarjoissa 80\/ 95\/ 110\/ 125\/ 140 yhteisik\u00e4 v\u00e4hint\u00e4\u00e4n 80\/ 95\/ 110\/ 125 \/ 140 vuotta.<\/p>\n<p><b>Sekaparisarjat<\/b>: H\/DA 17-19 km, H\/DB 13-15 km, H\/DC 9-11 km. Ik\u00e4hyvitys 1 min\/ vuosi, kun parin yhteisik\u00e4 ylitt\u00e4\u00e4 70 vuotta. <span style=\"text-decoration: underline\">Sarjoihin ilmoittauduttaessa ilmoitettava syntym\u00e4vuodet<\/span>.<\/p>\n<p><b>Henkil\u00f6kohtaiset sarjat<\/b>: HA 22-24 km, HB 13-15 km, DA 14-16 km, DB 11-13 km.<\/p>\n<p><b>Kuntosarja<\/b>: sarjassa voi suunnistaa yksin tai parin kanssa, 10-12 km.<\/p>\n<p>Kaikkiin sarjoihin voi osallistua ilman lisenssi\u00e4.<\/p>\n<p>Kaikkien sarjojen ratapituudet tarkentuvat ratamestarity\u00f6n edistyess\u00e4.<\/p>\n<p><b>Osallistumismaksut<\/b>: parisarjat 60,00 \u20ac\/ pari, henkil\u00f6kohtaiset sarjat 36,00 \u20ac\/ henkil\u00f6, kuntosarja 60,00 \u20ac\/ pari ja 30,00 \u20ac\/ henkil\u00f6. Yhden p\u00e4iv\u00e4n maksu on puolet edellisist\u00e4. Emit-vuokra 5,00 \u20ac k\u00e4teisell\u00e4 kisapaikalla.<\/p>\n<p><strong>Ilmoittautumiset: <\/strong>ensisijaisesti<strong> <\/strong>IRMA-j\u00e4rjestelm\u00e4n kautta 24.7.2013 klo 24.00 menness\u00e4. Tunturisuunnistukseen 2013 voi IRMAssa ilmoittautua vain kumpaankin kilpailup\u00e4iv\u00e4\u00e4n yht\u00e4 aikaa. Ilmoittautuminen tehd\u00e4\u00e4n ensimm\u00e4isen kilpailup\u00e4iv\u00e4n 3.8.2013 kautta (toisen kilpailup\u00e4iv\u00e4n 4.8. kautta ei voi ilmoittautua). <strong>My\u00f6s osanottajien, joilla ei ole lisenssi\u00e4, tulee rekister\u00f6ity\u00e4 <a title=\"Irma, ilmoittautuminen\" href=\"https:\/\/irma.suunnistusliitto.fi\/irma\/public\/competitioncalendar\/view\" target=\"_blank\">IRMAan<\/a> ja ilmoittautua sen kautta.<\/strong>\u00a0 Rekister\u00f6ityminen IRMAan ei vaadi lisenssin lunastamista. Osallistuminen maksetaan Irman kautta samanaikaisesti ilmoittautumisen kanssa.<\/p>\n<p>Ilmoittautuminen <b>vain yhdelle p\u00e4iv\u00e4lle<\/b> s\u00e4hk\u00f6postilla osoitteeseen <a href=\"mailto:risto.kivinen@resultfellows.com\">risto.kivinen@resultfellows.com<\/a>\u00a0 24.7.2013 klo 24.00 menness\u00e4 (maksu samanaikaisesti Ounasvaaran Hiihtoseuran tilille FI24 2041 1800 0125 72).<\/p>\n<p><strong>J\u00e4lki-ilmoittautumiset<\/strong>: 1,5-kertaisin osanottomaksuin tiistaihin 30.7.2013 klo 24:00 menness\u00e4 IRMAn kautta. Mahdolliset Emit- numeromuutokset ja yhden p\u00e4iv\u00e4n j\u00e4lki-ilmoittautumiset s\u00e4hk\u00f6postilla osoitteeseen <a href=\"mailto:risto.kivinen@resultfellows.com\">risto.kivinen@resultfellows.com<\/a> tiistaihin 30.7.2013 klo 24:00. Ilmoittautumisten ep\u00e4selvyyksiss\u00e4 yhteys suoraan Risto Kiviseen.<\/p>\n<p><b>Kilpailuohjeet<\/b>: luettavissa Tunturisuunnistuksen kotisivuilta www.tunturisuunnistus.fi\/2013\/ viimeist\u00e4\u00e4n 1.8.2013.<\/p>\n<p><b>Leimaus<\/b>: Emit-leimaus. Ilmoittautumisen yhteydess\u00e4 ilmoitettava kilpailijoiden Emit-numerot. Ilmoittamatta j\u00e4tt\u00e4neille varataan vuokrakortti, jonka saa infosta hintaan 5 \u20ac. Parisarjoissa molempien kilpailijoiden tulee k\u00e4ytt\u00e4\u00e4 Emit-korttia.<\/p>\n<p><b>Kilpailukeskus<\/b>: Saarisel\u00e4n matkailukeskuksessa. Paikoitus kilpailukeskuksen l\u00e4heisyydess\u00e4. Opastus 4-tielt\u00e4 Saarisel\u00e4n kohdalta.<\/p>\n<p><b>Kartta<\/b>: Tunturisuunnistuskartta 1:25 000 tai 1:30 000 peruskartan pohjalta, tulostettu 7\/13<\/p>\n<p><b>Maasto<\/b>: Saarisel\u00e4n pohjois- ja it\u00e4puolen tunturialue. Maasto on hyvin nopeakulkuista ja loivapiirteist\u00e4 tunturimaastoa.<\/p>\n<p><b>Palkinnot<\/b>: Kaikille ensimm\u00e4isen p\u00e4iv\u00e4n maaliintulijoille jaetaan muistopalkinto. Palkinnot jaetaan yhteistulosten perusteella. Sarjojen parhaille tavarapalkinnot. Kaikkien osallistujien kesken arvotaan tavarapalkintoja. Palkintoihin 25 % osanottomaksuista. Lista palkinnoista ja palkittavista tulee nettisivuille my\u00f6hemmin.<\/p>\n<p><b>Muksula<\/b>: tarve ilmoitettava s\u00e4hk\u00f6postilla maarit.oikarinen@rovaniemi.fi<\/p>\n<p><b>Majoitus<\/b>: Majoituksessa suositellaan k\u00e4ytett\u00e4v\u00e4ksi kilpailukeskuksena toimivan p\u00e4\u00e4yhteisty\u00f6kumppanin Santa\u2019s Hotel Tunturin tarjoamia palveluita ja kisatarjousta. Lue lis\u00e4\u00e4 \u201dMajoitus\u201d-linkist\u00e4.<\/p>\n<p><b>Kilpailun johtaja<\/b>: Tarmo Oikarinen, 0400-227 024, tarmo.oikarinen@luukku.com<\/p>\n<p><b>Ratamestari<\/b>: Kimmo M\u00e4\u00e4tt\u00e4, 0400-287 723, kimmo.maatta@fimnet.fi<\/p>\n<p><b>Valvoja<\/b>: Velu Sipola, S-2000, 0400 396 345, velu.sipola@pp.inet.fi<\/p>\n<p><b>Tiedottaja<\/b>: Tarmo Oikarinen, 0400-227 024, tarmo.oikarinen@luukku.com<\/p>\n<p><b>Kilpailusihteeri<\/b>: Maarit Oikarinen, 040- 835 1456, maarit.oikarinen@rovaniemi.fi<\/p>\n<p>&nbsp;<\/p>\n","protected":false},"excerpt":{"rendered":"<p>Kilpailukutsu Suomen Tunturisuunnistus Saarisel\u00e4ll\u00e4 3.-4.8.2013 30. juhlasuunnistus Kilpailukutsu (12.6.2013) L\u00e4hd\u00f6t: La 3.8.2013 yhteisl\u00e4ht\u00f6 klo 14.00 (Kaunisp\u00e4\u00e4ll\u00e4), su 4.8.2013 takaa-ajol\u00e4ht\u00f6 klo 10.00 Parisarjat ja matkat: H21A 25-28 km, H21B 18-20 km, H21C 13-15 km, H80 18-20 km, H95 17-19 km, H110 16-18 km, H125 13-15 km, H140 11- 12 km, H38 17-19 km, H32 13-15 km, [&hellip;]<\/p>\n","protected":false},"author":1,"featured_media":0,"parent":0,"menu_order":20,"comment_status":"closed","ping_status":"closed","template":"","meta":{"footnotes":"","_links_to":"","_links_to_target":""},"_links":{"self":[{"href":"https:\/\/tunturisuunnistus.fi\/2013\/wp-json\/wp\/v2\/pages\/38"}],"collection":[{"href":"https:\/\/tunturisuunnistus.fi\/2013\/wp-json\/wp\/v2\/pages"}],"about":[{"href":"https:\/\/tunturisuunnistus.fi\/2013\/wp-json\/wp\/v2\/types\/page"}],"author":[{"embeddable":true,"href":"https:\/\/tunturisuunnistus.fi\/2013\/wp-json\/wp\/v2\/users\/1"}],"replies":[{"embeddable":true,"href":"https:\/\/tunturisuunnistus.fi\/2013\/wp-json\/wp\/v2\/comments?post=38"}],"version-history":[{"count":15,"href":"https:\/\/tunturisuunnistus.fi\/2013\/wp-json\/wp\/v2\/pages\/38\/revisions"}],"predecessor-version":[{"id":391,"href":"https:\/\/tunturisuunnistus.fi\/2013\/wp-json\/wp\/v2\/pages\/38\/revisions\/391"}],"wp:attachment":[{"href":"https:\/\/tunturisuunnistus.fi\/2013\/wp-json\/wp\/v2\/media?parent=38"}],"curies":[{"name":"wp","href":"https:\/\/api.w.org\/{rel}","templated":true}]}}