{"id":1187,"date":"2021-02-06T13:23:27","date_gmt":"2021-02-06T11:23:27","guid":{"rendered":"http:\/\/tunturisuunnistus.fi\/2021\/?page_id=1187"},"modified":"2021-02-06T13:23:27","modified_gmt":"2021-02-06T11:23:27","slug":"yllaksen-rasti-ry","status":"publish","type":"page","link":"http:\/\/tunturisuunnistus.fi\/2021\/yllaksen-rasti-ry\/","title":{"rendered":"Yll\u00e4ksen Rasti ry"},"content":{"rendered":"<h1>Yll\u00e4ksen Rasti j\u00e4rjest\u00e4\u00e4 Tunturisuunnistuksen<\/h1>\n<p>Yll\u00e4ksen Rasti tarjoaa suunnistusel\u00e4myksi\u00e4 Yll\u00e4ksen upeissa tunturimaastoissa. Tervetuloa iltarasteillemme kes\u00e4torstaisin hakemaan haasteita lieveuomista, supista ja rinnekivikoista sek\u00e4 nauttimaan l\u00f6yt\u00e4misen ilon lis\u00e4ksi kauniista tunturiluonnosta. Karttoja ja maastoja l\u00f6ytyy molemmin puolin tunturia sek\u00e4 Luosun kyl\u00e4lt\u00e4, Saivolammelta ja Saarenputaan Siukovaarasta. Kes\u00e4ll\u00e4 2020 valmistuivat uudet kiintorastikartat \u00c4k\u00e4slompolon Kaulavaarasta Luontokeskus Kellokkaan ja Velhon kodan v\u00e4lisest\u00e4 maastosta. Karttoja voit ostaa iltarasteilta sek\u00e4 Kellokkaasta, Sisu Outdoorista ja Velhon kodalta.<\/p>\n<p><a href=\"https:\/\/www.yllaksenrasti.fi\/\">https:\/\/www.yllaksenrasti.fi\/<\/a><\/p>\n","protected":false},"excerpt":{"rendered":"<p>Yll\u00e4ksen Rasti j\u00e4rjest\u00e4\u00e4 Tunturisuunnistuksen Yll\u00e4ksen Rasti tarjoaa suunnistusel\u00e4myksi\u00e4 Yll\u00e4ksen upeissa tunturimaastoissa. Tervetuloa iltarasteillemme kes\u00e4torstaisin hakemaan haasteita lieveuomista, supista ja rinnekivikoista sek\u00e4 nauttimaan l\u00f6yt\u00e4misen ilon lis\u00e4ksi kauniista tunturiluonnosta. Karttoja ja maastoja l\u00f6ytyy molemmin puolin tunturia sek\u00e4 Luosun kyl\u00e4lt\u00e4, Saivolammelta ja Saarenputaan Siukovaarasta. Kes\u00e4ll\u00e4 2020 valmistuivat uudet kiintorastikartat \u00c4k\u00e4slompolon Kaulavaarasta Luontokeskus Kellokkaan ja Velhon kodan v\u00e4lisest\u00e4 maastosta. [&hellip;]<\/p>\n","protected":false},"author":18,"featured_media":0,"parent":0,"menu_order":0,"comment_status":"closed","ping_status":"closed","template":"","meta":{"footnotes":"","_links_to":"","_links_to_target":""},"_links":{"self":[{"href":"http:\/\/tunturisuunnistus.fi\/2021\/wp-json\/wp\/v2\/pages\/1187"}],"collection":[{"href":"http:\/\/tunturisuunnistus.fi\/2021\/wp-json\/wp\/v2\/pages"}],"about":[{"href":"http:\/\/tunturisuunnistus.fi\/2021\/wp-json\/wp\/v2\/types\/page"}],"author":[{"embeddable":true,"href":"http:\/\/tunturisuunnistus.fi\/2021\/wp-json\/wp\/v2\/users\/18"}],"replies":[{"embeddable":true,"href":"http:\/\/tunturisuunnistus.fi\/2021\/wp-json\/wp\/v2\/comments?post=1187"}],"version-history":[{"count":1,"href":"http:\/\/tunturisuunnistus.fi\/2021\/wp-json\/wp\/v2\/pages\/1187\/revisions"}],"predecessor-version":[{"id":1189,"href":"http:\/\/tunturisuunnistus.fi\/2021\/wp-json\/wp\/v2\/pages\/1187\/revisions\/1189"}],"wp:attachment":[{"href":"http:\/\/tunturisuunnistus.fi\/2021\/wp-json\/wp\/v2\/media?parent=1187"}],"curies":[{"name":"wp","href":"https:\/\/api.w.org\/{rel}","templated":true}]}}