{"id":1179,"date":"2021-02-06T13:11:15","date_gmt":"2021-02-06T11:11:15","guid":{"rendered":"http:\/\/tunturisuunnistus.fi\/2021\/?page_id=1179"},"modified":"2021-02-10T10:48:08","modified_gmt":"2021-02-10T08:48:08","slug":"ratamestarin-mietteita","status":"publish","type":"page","link":"http:\/\/tunturisuunnistus.fi\/2021\/ratamestarin-mietteita\/","title":{"rendered":"Ratamestarin mietteit\u00e4"},"content":{"rendered":"<h1>Ratamestarin mietteit\u00e4<\/h1>\n<p>Tunturisuunnistuksen kartta on t\u00e4n\u00e4 vuonna tehty hy\u00f6dynt\u00e4en tuoretta laserkeilausaineistoa. T\u00e4m\u00e4 mahdollistaa tarkan korkeusk\u00e4yr\u00e4kuvauksen ja siten tarkan suunnistuksen ja rastien sijoittelun. Maastokartoituksessa on l\u00e4hinn\u00e4 keskitytty polkujen kuvaamiseen, sek\u00e4 k\u00e4yrien hienoviritykseen tapauksissa, miss\u00e4 5m k\u00e4yr\u00e4t eiv\u00e4t t\u00e4ysin vastaa suunnistajan n\u00e4kem\u00e4\u00e4 rastien l\u00e4hell\u00e4.<\/p>\n<p>Rastiv\u00e4lien suunnittelussa on pyritty monipuolisiin reitinvalintateht\u00e4viin, sek\u00e4 reitin nopeuden ja vaativuuden, ett\u00e4 rastinoton kannalta. Rastipisteiden valinnassa on kriteereit\u00e4 olleet esteettisyys ja suunnistettavuus siten, ett\u00e4 kun on rastipisteell\u00e4, n\u00e4kee rastilipun ja voi ihailla maaston muotoja. Tarkka kartta mahdollistaa tarkat rastipiteet.<\/p>\n<p>Varsinkin ensimm\u00e4isen p\u00e4iv\u00e4n l\u00e4ht\u00f6 on viety kauemmas kilpailukeskuksesta, jotta kaikkien sarjojen suunnistajat p\u00e4\u00e4sev\u00e4t ihailemaan maaston parhaita osia.<\/p>\n<p>Kaikki suunnistajat p\u00e4\u00e4sev\u00e4t avotuntureiden niityille, joissa erinomainen kulkukelpoisuus ja p\u00e4\u00e4t\u00e4 huimaavat n\u00e4k\u00f6alat.<\/p>\n<p>&nbsp;<\/p>\n<p><a href=\"http:\/\/tunturisuunnistus.fi\/2021\/wp-content\/uploads\/sites\/20\/Kuva1.jpg\" data-lightbox=\"image\"><img loading=\"lazy\" decoding=\"async\" src=\"http:\/\/tunturisuunnistus.fi\/2021\/wp-content\/uploads\/sites\/20\/Kuva1-300x249.jpg\" alt=\"\" width=\"300\" height=\"249\" class=\"alignnone size-medium wp-image-1159 img-responsive\" \/><\/a><\/p>\n<p>Tarkasti kuvatut ja jyrk\u00e4t rinteet tarjoavat oivalliset mahdollisuudet vaativille rastiv\u00e4leille ja rastipisteille.<\/p>\n<p>&nbsp;<\/p>\n<p><a href=\"http:\/\/tunturisuunnistus.fi\/2021\/wp-content\/uploads\/sites\/20\/Kuva3.jpg\" data-lightbox=\"image\"><img loading=\"lazy\" decoding=\"async\" src=\"http:\/\/tunturisuunnistus.fi\/2021\/wp-content\/uploads\/sites\/20\/Kuva3-300x202.jpg\" alt=\"\" width=\"300\" height=\"202\" class=\"alignnone size-medium wp-image-1161 img-responsive\" \/><\/a><\/p>\n<p>Loivat rinteet ja m\u00e4ntykankaat tarjoavat mahdollisuuden kovalle vauhdille, mutta muista suunnistustekniikka.<\/p>\n<p>&nbsp;<\/p>\n<p><a href=\"http:\/\/tunturisuunnistus.fi\/2021\/wp-content\/uploads\/sites\/20\/Kuva5.jpg\" data-lightbox=\"image\"><img loading=\"lazy\" decoding=\"async\" src=\"http:\/\/tunturisuunnistus.fi\/2021\/wp-content\/uploads\/sites\/20\/Kuva5-198x300.jpg\" alt=\"\" width=\"198\" height=\"300\" class=\"alignnone size-medium wp-image-1163 img-responsive\" \/><img decoding=\"async\" src=\"http:\/\/tunturisuunnistus.fi\/2021\/wp-content\/uploads\/sites\/20\/Kuva7.jpg\" \/><\/a><a href=\"http:\/\/tunturisuunnistus.fi\/2021\/wp-content\/uploads\/sites\/20\/Kuva5.jpg\" data-lightbox=\"image\"><\/a><\/p>\n<p>L\u00f6ytyy my\u00f6s muutama ojan ja lyhyempi suon ylitys.<\/p>\n<p>&nbsp;<\/p>\n<p><a href=\"http:\/\/tunturisuunnistus.fi\/2021\/wp-content\/uploads\/sites\/20\/Kuva8.jpg\" data-lightbox=\"image\"><img loading=\"lazy\" decoding=\"async\" src=\"http:\/\/tunturisuunnistus.fi\/2021\/wp-content\/uploads\/sites\/20\/Kuva8-300x153.jpg\" alt=\"\" width=\"300\" height=\"153\" class=\"alignnone size-medium wp-image-1166 img-responsive\" \/><\/a><\/p>\n<p>Tarjoamme ikimuistettavan suunnistuskokemuksen, fyysisesti ja suunnistusteknisesti vaativan, mutta palkitsevan.<\/p>\n<p>&nbsp;<\/p>\n<p><em>Ratamestari <\/em><em>Ulf Merihein\u00e4<\/em><\/p>\n<p>&nbsp;<\/p>\n","protected":false},"excerpt":{"rendered":"<p>Ratamestarin mietteit\u00e4 Tunturisuunnistuksen kartta on t\u00e4n\u00e4 vuonna tehty hy\u00f6dynt\u00e4en tuoretta laserkeilausaineistoa. T\u00e4m\u00e4 mahdollistaa tarkan korkeusk\u00e4yr\u00e4kuvauksen ja siten tarkan suunnistuksen ja rastien sijoittelun. Maastokartoituksessa on l\u00e4hinn\u00e4 keskitytty polkujen kuvaamiseen, sek\u00e4 k\u00e4yrien hienoviritykseen tapauksissa, miss\u00e4 5m k\u00e4yr\u00e4t eiv\u00e4t t\u00e4ysin vastaa suunnistajan n\u00e4kem\u00e4\u00e4 rastien l\u00e4hell\u00e4. Rastiv\u00e4lien suunnittelussa on pyritty monipuolisiin reitinvalintateht\u00e4viin, sek\u00e4 reitin nopeuden ja vaativuuden, ett\u00e4 rastinoton [&hellip;]<\/p>\n","protected":false},"author":18,"featured_media":0,"parent":0,"menu_order":4,"comment_status":"closed","ping_status":"closed","template":"","meta":{"footnotes":"","_links_to":"","_links_to_target":""},"_links":{"self":[{"href":"http:\/\/tunturisuunnistus.fi\/2021\/wp-json\/wp\/v2\/pages\/1179"}],"collection":[{"href":"http:\/\/tunturisuunnistus.fi\/2021\/wp-json\/wp\/v2\/pages"}],"about":[{"href":"http:\/\/tunturisuunnistus.fi\/2021\/wp-json\/wp\/v2\/types\/page"}],"author":[{"embeddable":true,"href":"http:\/\/tunturisuunnistus.fi\/2021\/wp-json\/wp\/v2\/users\/18"}],"replies":[{"embeddable":true,"href":"http:\/\/tunturisuunnistus.fi\/2021\/wp-json\/wp\/v2\/comments?post=1179"}],"version-history":[{"count":7,"href":"http:\/\/tunturisuunnistus.fi\/2021\/wp-json\/wp\/v2\/pages\/1179\/revisions"}],"predecessor-version":[{"id":1240,"href":"http:\/\/tunturisuunnistus.fi\/2021\/wp-json\/wp\/v2\/pages\/1179\/revisions\/1240"}],"wp:attachment":[{"href":"http:\/\/tunturisuunnistus.fi\/2021\/wp-json\/wp\/v2\/media?parent=1179"}],"curies":[{"name":"wp","href":"https:\/\/api.w.org\/{rel}","templated":true}]}}