{"id":1052,"date":"2020-11-30T19:22:41","date_gmt":"2020-11-30T17:22:41","guid":{"rendered":"http:\/\/tunturisuunnistus.fi\/2021\/?page_id=1052"},"modified":"2021-07-28T23:10:22","modified_gmt":"2021-07-28T20:10:22","slug":"kilpailukutsu","status":"publish","type":"page","link":"http:\/\/tunturisuunnistus.fi\/2021\/ajankohtaista\/kilpailukutsu\/","title":{"rendered":"Kilpailukutsu"},"content":{"rendered":"<blockquote>\n<h3><a href=\"http:\/\/tunturisuunnistus.fi\/2021\/wp-content\/uploads\/sites\/20\/tunturimetsa.jpg\" data-lightbox=\"image\"><img loading=\"lazy\" decoding=\"async\" src=\"http:\/\/tunturisuunnistus.fi\/2021\/wp-content\/uploads\/sites\/20\/tunturimetsa-1024x768.jpg\" alt=\"\" width=\"1024\" height=\"768\" class=\"alignnone size-large wp-image-1039 img-responsive\" \/><\/a><\/h3>\n<\/blockquote>\n<h3><\/h3>\n<h2>Tervetuloa Yll\u00e4ksen tuntureille suunnistamaan!<\/h2>\n<p>Suomen Tunturisuunnistus j\u00e4rjestet\u00e4\u00e4n Yll\u00e4ksell\u00e4 7.\u20138.8.2021.<\/p>\n<p><strong>Kilpailukeskus:<\/strong><br \/>\n<a href=\"https:\/\/www.google.com\/maps\/place\/Aakenuksentie+388,+95970+Muonio\/@67.7078897,24.1531371,3a,75y,329.09h,90t\/data=!3m6!1e1!3m4!1sf86T6uV6uI_02CUB-t-a9w!2e0!7i13312!8i6656!4m5!3m4!1s0x45d3c872aa6d8317:0x4e190865849ead03!8m2!3d67.7079733!4d24.1529918\">Peurakaltio, 67\u00b042&#8217;36.2&#8243;N 24\u00b009&#8217;37.0&#8243;E, Aakenuksentie 388, \u00c4k\u00e4slompolo, Yll\u00e4s<\/a>. Kilpailukeskus sijaitsee noin 15 kilometri\u00e4 \u00c4k\u00e4slompolosta pohjoiseen. Opastus \u00c4k\u00e4slompolosta Tiuraj\u00e4rventien ja Tunturintien risteyksest\u00e4.<br \/>\nKartta: 1:25 000 \/ 5 m, A3-kokoinen tunturisuunnistuskartta<\/p>\n<p><strong>Maasto:<\/strong><br \/>\nSuurelta osin hyv\u00e4kulkuista, avointa ja harvamets\u00e4ist\u00e4 tunturimaastoa sek\u00e4 m\u00e4ntykangasta. Radoilla on muutama puron ja lyhyehk\u00f6 suon ylitys. Suurimmat korkeuserot ovat noin 250 metri\u00e4. Maasto sijaitsee kokonaisuudessaan Pallas-Yll\u00e4stunturin kansallispuiston alueella.<\/p>\n<p><strong>Junat ja lennot:<\/strong><br \/>\nHelsingist\u00e4 l\u00e4htev\u00e4t y\u00f6junat saapuvat Kolarin asemalle, josta on bussiyhteys \u00c4k\u00e4slompoloon. VR julkaisee aikataulun kev\u00e4\u00e4n aikana. Helsingist\u00e4 p\u00e4\u00e4see my\u00f6s lent\u00e4en Kittil\u00e4\u00e4n, josta on kutsutaksiyhteys \u00c4k\u00e4slompoloon.<\/p>\n<p><strong>Siirtyminen kisapaikalle:<\/strong><br \/>\nPaikoitus henkil\u00f6autoille kisapaikalla, mutta pys\u00e4k\u00f6inti asuntovaunuilla tai asunto-autoilla ei onnistu. Suosikaa kimppakyytej\u00e4. Peurakaltion kilpailukeskukseen on mahdollista p\u00e4\u00e4st\u00e4 my\u00f6s j\u00e4rjest\u00e4j\u00e4n maksullisella bussikuljetuksella. J\u00e4rjest\u00e4j\u00e4 toivoo, ett\u00e4 bussikuljetuksen tarpeesta ilmoitetaan ilmoittautumisen yhteydess\u00e4 s\u00e4hk\u00f6postitse osoitteeseen yllaksen.rasti@gmail.com. Tarkemmat tiedot bussikuljetuksesta ja kuljetuksen varaamisesta julkaistaan my\u00f6hemmin.<\/p>\n<p><strong>L\u00e4hd\u00f6t:<\/strong><br \/>\nLauantaina 7.8.2021 yhteisl\u00e4ht\u00f6 kaikilla sarjoilla kello 14. Sunnuntaina 8.8.2021 takaa-ajol\u00e4ht\u00f6 kello 10, yhteisl\u00e4ht\u00f6 kello 10.45 ja kuntosarjojen yhteisl\u00e4ht\u00f6 kello 11.00. L\u00e4ht\u00f6paikat sijaitsevat 2\u20133 kilometrin p\u00e4\u00e4ss\u00e4 kilpailukeskuksesta. Suosittelemme kilpailijoita varaamaan kumpanakin p\u00e4iv\u00e4n\u00e4 noin tunnin aikaa l\u00e4ht\u00f6paikalle siirtymiseen.<\/p>\n<ul>\n<li><a href=\"http:\/\/tunturisuunnistus.fi\/2021\/wp-content\/uploads\/sites\/20\/Tunturisuunnistus-radat.pdf\">Tunturisuunnistuksen radat<\/a><\/li>\n<\/ul>\n<p>Kaikkiin sarjoihin voi osallistua ilman lisenssi\u00e4.<\/p>\n<p><strong>Yhteisi\u00e4t:<\/strong><br \/>\nSarjoissa 32\/38 kilpailijoiden yhteisik\u00e4 voi olla enint\u00e4\u00e4n 32\/38 vuotta. Sarjoissa 80\/95\/110\/125\/140 kilpailijoiden yhteisi\u00e4n on oltava v\u00e4hint\u00e4\u00e4n 80\/95\/110\/125\/140 vuotta.<\/p>\n<p><strong>Sekaparisarjat:<\/strong><br \/>\nSarjoissa H\/DA, H\/DB ja H\/DC lasketaan ik\u00e4hyvitys 1 min\/vuosi, kun parin yhteisik\u00e4 ylitt\u00e4\u00e4 80 vuotta. Syntym\u00e4vuodet ilmoitetaan ilmoittautumisen yhteydess\u00e4.<\/p>\n<p><strong>Osallistumismaksut:<\/strong><br \/>\n\u25cf Parisarjat 68 \u20ac\/pari<br \/>\n\u25cf Nuorten sarjat 60 \u20ac\/pari<br \/>\n\u25cf Henkil\u00f6kohtaiset sarjat 34 \u20ac\/henkil\u00f6<br \/>\n\u25cf Kuntosarjat 60 \u20ac\/pari ja 30 \u20ac\/henkil\u00f6<br \/>\n\u25cf Yhden p\u00e4iv\u00e4n maksu on puolet edellisist\u00e4.<br \/>\n\u25cf J\u00e4lki-ilmoittautuminen: 1,5-kertainen osanottomaksu.<\/p>\n<p><strong>Ilmoittautuminen:<\/strong><br \/>\nLisensilliset suunnistajat ilmoittautuvat ensisijaisesti IRMA-j\u00e4rjestelm\u00e4n kautta maanantaihin 2.8.2021 kello 24:een menness\u00e4. Tunturisuunnistukseen voi IRMAssa ilmoittautua vain molemmille p\u00e4iville. Ilmoittautuminen tehd\u00e4\u00e4n ensimm\u00e4isen kilpailup\u00e4iv\u00e4n 7.8.2021 kautta.<br \/>\n\u25cf Yhdelle p\u00e4iv\u00e4lle ilmoittaudutaan s\u00e4hk\u00f6postilla osoitteeseen <a href=\"mailto:risto.kivinen@resultfellows.com\">risto.kivinen@resultfellows.com<\/a> 2.8.2021 kello 24:een menness\u00e4. Osallistumismaksu maksetaan samanaikaisesti tilille Yll\u00e4ksen Rasti, FI97 5643 5720 0047 88.<br \/>\n\u25cf Ilman lisenssi\u00e4 suunnistavat ilmoittautuvat s\u00e4hk\u00f6postilla osoitteeseen <a href=\"mailto:risto.kivinen@resultfellows.com\">risto.kivinen@resultfellows.com<\/a> 2.8.2021 kello 24:een menness\u00e4 ja maksavat osallistumismaksun samanaikaisesti tilille Yll\u00e4ksen Rasti, FI97 5643 5720 0047 88. Muistathan ilmoittaa kilpailijoiden syntym\u00e4vuodet, jos osallistut sekaparisarjoihin.<\/p>\n<p><strong>J\u00e4lki-ilmoittautuminen:<\/strong><br \/>\n\u25cf Kuntosarjoihin voi ilmoittautua kisapaikalla, jolloin maksu on 30 \u20ac\/henkil\u00f6\/p\u00e4iv\u00e4.<br \/>\n\u25cf Ilmoittautumisiin liittyv\u00e4t tiedustelut: Risto Kivinen, risto.kivinen@resultfellows.com, 044 058 3583.<\/p>\n<p><strong>Leimaus:<\/strong><br \/>\nEmit-leimaus. Ilmoita kilpailijoiden Emit-numerot ilmoittautumisen yhteydess\u00e4. Ilmoittamatta j\u00e4tt\u00e4neille varataan vuokrakortti, jonka saa infosta k\u00e4teisell\u00e4 hintaan 5 \u20ac\/p\u00e4iv\u00e4. Parisarjoissa molempien kilpailijoiden tulee k\u00e4ytt\u00e4\u00e4 Emit-korttia.<\/p>\n<p><strong>GPS-seuranta:<\/strong><br \/>\nGps-seurantaa ei j\u00e4rjestet\u00e4 heikkojen tietoliikenneyhteyksien vuoksi.<\/p>\n<p><strong>Palkintojen jako:<\/strong><br \/>\nPalkinnot jaetaan yhteistulosten perusteella yleisen ja kuntosarjojen parhaille suunnistajille, lis\u00e4ksi palkintoja arvotaan my\u00f6s kaikkien sarjojen osallistujien kesken.<\/p>\n<p><strong>Muksula:<\/strong><br \/>\nTietoa muksulasta l\u00f6yd\u00e4t<a href=\"http:\/\/tunturisuunnistus.fi\/2021\/muksula-toteutuu-varaa-hoitopaikka-lapselle\/\">\u00a0etusivun artikkelista.\u00a0<\/a><\/p>\n<p><strong>Majoitus:<\/strong><br \/>\n<a href=\"https:\/\/tunturisuunnistus.fi\/2021\/majoitustarjouksia-suunnistajille\/\">Tutustu Tunturisuunnistuksen yhteisty\u00f6yritysten majoitustarjouksiin<\/a> Tunturisuunnistuksen verkkosivustoilla: tunturisuunnistus.fi\/2021\/majoitus<\/p>\n<ol>\n<li><strong>Lis\u00e4\u00e4 tietoa tapahtumasta:<\/strong><br \/>\n\u25cf Ajankohtaiset <a href=\"https:\/\/tunturisuunnistus.fi\/2021\/\">uutiset<\/a> l\u00f6yd\u00e4t Tunturisuunnistuksen etusivulta.<br \/>\n\u25cf <a href=\"http:\/\/www.facebook.com\/tunturisuunnistus\">Tietoa ja tunnelmia tapahtumasta<\/a> l\u00f6yd\u00e4t Facebookin tapahtumasivulta<br \/>\n\u25cf<a href=\"http:\/\/www.instagram.com\/tunturisuunnistus\"> Upeita kuvia kisamaastosta, kisakeskuksesta ja tapahtumasta<\/a> l\u00f6yd\u00e4t Tunturisuunnistuksen Instagram-tililt\u00e4.<br \/>\n\u25cf Tietoa j\u00e4rjest\u00e4v\u00e4st\u00e4 seurasta Yll\u00e4ksen Rastista l\u00f6yd\u00e4t <a href=\"http:\/\/www.yllaksenrasti.fi\">seuran verkkosivulta<\/a>.<\/li>\n<\/ol>\n<p><strong>Yhteystiedot:<\/strong><br \/>\n\u25cf Kilpailunjohtaja Leena Vanhatalo, 040 657 6955,<a href=\"mailto:leena.vanhatalo21@gmail.com\"> leena.vanhatalo21@gmail.com<\/a><br \/>\n\u25cf Tiedottaja Jonna Nikumaa, 040 539 7828, <a href=\"mailto:jonna.niinikangas@gmail.com\">jonna.niinikangas@gmail.com<\/a><br \/>\n\u25cf Ratamestari Ulf Merihein\u00e4, 040 7733995, <a href=\"mailto:ulf.meriheina@kolumbus.fi\">ulf.meriheina@kolumbus.fi<\/a><br \/>\n\u25cf Valvoja Velu Sipola, S-2000<\/p>\n<p>Yll\u00e4ksen Rasti<\/p>\n","protected":false},"excerpt":{"rendered":"<p>Tervetuloa Yll\u00e4ksen tuntureille suunnistamaan! Suomen Tunturisuunnistus j\u00e4rjestet\u00e4\u00e4n Yll\u00e4ksell\u00e4 7.\u20138.8.2021. Kilpailukeskus: Peurakaltio, 67\u00b042&#8217;36.2&#8243;N 24\u00b009&#8217;37.0&#8243;E, Aakenuksentie 388, \u00c4k\u00e4slompolo, Yll\u00e4s. Kilpailukeskus sijaitsee noin 15 kilometri\u00e4 \u00c4k\u00e4slompolosta pohjoiseen. Opastus \u00c4k\u00e4slompolosta Tiuraj\u00e4rventien ja Tunturintien risteyksest\u00e4. Kartta: 1:25 000 \/ 5 m, A3-kokoinen tunturisuunnistuskartta Maasto: Suurelta osin hyv\u00e4kulkuista, avointa ja harvamets\u00e4ist\u00e4 tunturimaastoa sek\u00e4 m\u00e4ntykangasta. Radoilla on muutama puron ja lyhyehk\u00f6 suon [&hellip;]<\/p>\n","protected":false},"author":18,"featured_media":0,"parent":21,"menu_order":0,"comment_status":"closed","ping_status":"closed","template":"","meta":{"footnotes":"","_links_to":"","_links_to_target":""},"_links":{"self":[{"href":"http:\/\/tunturisuunnistus.fi\/2021\/wp-json\/wp\/v2\/pages\/1052"}],"collection":[{"href":"http:\/\/tunturisuunnistus.fi\/2021\/wp-json\/wp\/v2\/pages"}],"about":[{"href":"http:\/\/tunturisuunnistus.fi\/2021\/wp-json\/wp\/v2\/types\/page"}],"author":[{"embeddable":true,"href":"http:\/\/tunturisuunnistus.fi\/2021\/wp-json\/wp\/v2\/users\/18"}],"replies":[{"embeddable":true,"href":"http:\/\/tunturisuunnistus.fi\/2021\/wp-json\/wp\/v2\/comments?post=1052"}],"version-history":[{"count":21,"href":"http:\/\/tunturisuunnistus.fi\/2021\/wp-json\/wp\/v2\/pages\/1052\/revisions"}],"predecessor-version":[{"id":1387,"href":"http:\/\/tunturisuunnistus.fi\/2021\/wp-json\/wp\/v2\/pages\/1052\/revisions\/1387"}],"up":[{"embeddable":true,"href":"http:\/\/tunturisuunnistus.fi\/2021\/wp-json\/wp\/v2\/pages\/21"}],"wp:attachment":[{"href":"http:\/\/tunturisuunnistus.fi\/2021\/wp-json\/wp\/v2\/media?parent=1052"}],"curies":[{"name":"wp","href":"https:\/\/api.w.org\/{rel}","templated":true}]}}