{"id":826,"date":"2019-07-30T17:12:28","date_gmt":"2019-07-30T14:12:28","guid":{"rendered":"http:\/\/tunturisuunnistus.fi\/2019\/?page_id=826"},"modified":"2019-08-03T21:19:04","modified_gmt":"2019-08-03T18:19:04","slug":"lahtolistat-ja-tulokset","status":"publish","type":"page","link":"http:\/\/tunturisuunnistus.fi\/2019\/lahtolistat-ja-tulokset\/","title":{"rendered":"L\u00e4ht\u00f6listat ja tulokset"},"content":{"rendered":"<h2>L\u00e4ht\u00f6listat ja tulokset<\/h2>\n<p>&nbsp;<\/p>\n<p><a href=\"https:\/\/online4.tulospalvelu.fi\/tulokset-new\/fi\/2019_tunturi\/\">Online-tulokset<\/a><\/p>\n<p><a href=\"http:\/\/www.gpsseuranta.net\/index.php?sivu=t\">GPS-seuranta\u00a0<\/a><\/p>\n<p>&nbsp;<\/p>\n<p><a href=\"http:\/\/tunturisuunnistus.fi\/2019\/wp-content\/uploads\/sites\/19\/su_lahto-1.html\">sunnuntain l\u00e4ht\u00f6ajat<\/a>(P\u00e4ivitetty 3.8.2019 klo 21:18)<\/p>\n<p><a href=\"http:\/\/tunturisuunnistus.fi\/2019\/wp-content\/uploads\/sites\/19\/ilmoittautuneet-1.html\">ilmoittautuneet <\/a>\u00a0(p\u00e4ivitetty 2.8.2019 klo 22:02) Vuokraemitit laitettu henkil\u00f6ille, jotka eiv\u00e4t ole ilmoittaneet omaa emitnumeroa.<\/p>\n<p><a href=\"http:\/\/tunturisuunnistus.fi\/2019\/wp-content\/uploads\/sites\/19\/ikahyvitykset-1.html\">ik\u00e4hyvitykset<\/a>(p\u00e4ivitetty 2.8.2019 klo 22:00)<\/p>\n","protected":false},"excerpt":{"rendered":"<p>L\u00e4ht\u00f6listat ja tulokset &nbsp; Online-tulokset GPS-seuranta\u00a0 &nbsp; sunnuntain l\u00e4ht\u00f6ajat(P\u00e4ivitetty 3.8.2019 klo 21:18) ilmoittautuneet \u00a0(p\u00e4ivitetty 2.8.2019 klo 22:02) Vuokraemitit laitettu henkil\u00f6ille, jotka eiv\u00e4t ole ilmoittaneet omaa emitnumeroa. ik\u00e4hyvitykset(p\u00e4ivitetty 2.8.2019 klo 22:00)<\/p>\n","protected":false},"author":15,"featured_media":0,"parent":0,"menu_order":0,"comment_status":"closed","ping_status":"closed","template":"","meta":{"footnotes":"","_links_to":"","_links_to_target":""},"_links":{"self":[{"href":"http:\/\/tunturisuunnistus.fi\/2019\/wp-json\/wp\/v2\/pages\/826"}],"collection":[{"href":"http:\/\/tunturisuunnistus.fi\/2019\/wp-json\/wp\/v2\/pages"}],"about":[{"href":"http:\/\/tunturisuunnistus.fi\/2019\/wp-json\/wp\/v2\/types\/page"}],"author":[{"embeddable":true,"href":"http:\/\/tunturisuunnistus.fi\/2019\/wp-json\/wp\/v2\/users\/15"}],"replies":[{"embeddable":true,"href":"http:\/\/tunturisuunnistus.fi\/2019\/wp-json\/wp\/v2\/comments?post=826"}],"version-history":[{"count":19,"href":"http:\/\/tunturisuunnistus.fi\/2019\/wp-json\/wp\/v2\/pages\/826\/revisions"}],"predecessor-version":[{"id":901,"href":"http:\/\/tunturisuunnistus.fi\/2019\/wp-json\/wp\/v2\/pages\/826\/revisions\/901"}],"wp:attachment":[{"href":"http:\/\/tunturisuunnistus.fi\/2019\/wp-json\/wp\/v2\/media?parent=826"}],"curies":[{"name":"wp","href":"https:\/\/api.w.org\/{rel}","templated":true}]}}