{"id":778,"date":"2019-07-27T20:29:51","date_gmt":"2019-07-27T17:29:51","guid":{"rendered":"http:\/\/tunturisuunnistus.fi\/2019\/?page_id=778"},"modified":"2019-07-27T20:40:22","modified_gmt":"2019-07-27T17:40:22","slug":"valvojan-lausunto","status":"publish","type":"page","link":"http:\/\/tunturisuunnistus.fi\/2019\/valvojan-lausunto\/","title":{"rendered":"Valvojan lausunto"},"content":{"rendered":"<h2>Valvojan lausunto<\/h2>\n<p>J\u00e4rjestyksess\u00e4\u00e4n 36. Suomen Tunturisuunnistus k\u00e4yd\u00e4\u00e4n Saanan ymp\u00e4rist\u00f6n Jehkaksen &#8211; Ailakkavaaran upeissa maastoissa L\u00e4nsi-Rajan Rastin toimiessa j\u00e4rjestelyvastaavana. Paikka antaa mit\u00e4 parhaimmat suunnistuskokemukset ja -el\u00e4mykset mit\u00e4 tunturisuunnistukselta vaaditaan. Molempien p\u00e4iv\u00e4n l\u00e4ht\u00f6paikka on sama, josta avautuu Suomen 10 suurinta tunturia silmienne edess\u00e4nne, kun starttaatte kilpailuun.<\/p>\n<p>L\u00e4ht\u00f6paikalle siirtymiseen on syyt\u00e4 varata 45min aikaa, koska l\u00e4ht\u00f6paikalle johtaa pieni kapea polku ja koko 2km matka on pelk\u00e4\u00e4 nousua.<\/p>\n<p>Suunnistusradat kulkevat l\u00e4hes t\u00e4ysin avonaisissa tuntureissa, joissa on n\u00e4kyv\u00e4isyys hyv\u00e4 ja kulkukelpoisuus ovat huippu luokkaa. Ratamestarit ovat onnistunut laatimaan kaikille sarjoille radat niin, ett\u00e4 lyhyempienkin ratojen suunnistajat p\u00e4\u00e4sev\u00e4t molempina p\u00e4ivin\u00e4 kokemaan avotunturissa juoksemisen nautintoa. Tunturit ja vaarojen alaosien metsien peitt\u00e4m\u00e4t maaston kohdat ratojen loppuosissa ovat haastavaa ja tarkkuutta vaativaa normaalia suunnistusta, joissa matkamittaus ja kartanluku auttavat selvi\u00e4m\u00e4\u00e4n.<\/p>\n<p>Kartan teossa on hy\u00f6dynnetty uusinta tekniikkaa, lopputuloksena on hyv\u00e4 tunturisuunnistuskartta. Kartan mittakaava on 1: 30 000. Varsinkin ensikertalaisten on hyv\u00e4 tiedostaa kartan mittakaava ja suurpiirteisyys normaaliin suunnistuskarttaan verrattuna. Kaikkia maastonmuotoja ei kartalla ole kuvattu, mutta tunturissa etenemisen ja suunnistamisen kannalta kaikki oleellinen l\u00f6ytyy. Tunturien v\u00e4lisell\u00e4 alueella, joka on l\u00e4hes tasaista, on kuvattu tarkemmin maaston muotoja. Kartta on koko alueeltaan tasalaatuinen. Karttaan merkittyjen polkujen lis\u00e4ksi alueella on runsaasti porojen ja vaeltajien tallaamia kulku-uria.<\/p>\n<p>Vaarojen rinteet ovat helppokulkuisia ja hyvi\u00e4 juosta, l\u00f6ytyy radoilta my\u00f6s jyrkemp\u00e4\u00e4 rinnett\u00e4 ja rikkonaisempaa pohjaa. Avonaisten tunturilakien lis\u00e4ksi tarjolla on my\u00f6s hieman tunturikoivikkoa, jossa n\u00e4kyvyys vaihtelee ja antaa oman haasteensa rastinotolle.<\/p>\n<p>Reitinvalinnoissaan pikkupuroihin, lammikoihin ja vesikuoppiin tukeutuvien on syyt\u00e4 ottaa huomioon viimeaikaiset v\u00e4h\u00e4iset sateet ja niiden puuttuminen. Sinisell\u00e4 V-kuopan merkill\u00e4 on merkitty alle 1000 m2 lampia, joten mist\u00e4\u00e4n pienist\u00e4 vesikuopista ei niiden kohdalla ole kyse. Lampien vesitilanne vaihtelee alueilla suuresti. Tunturin rinteill\u00e4 olevat purot on merkitty p\u00e4\u00e4osin paikkoihin, joissa on joko vett\u00e4 tai uoman muodostelmaa. Kaikista puroista ja lammissa on juomakelpoista raikasta ja kirkasta tunturipurojen vett\u00e4.<\/p>\n<p>Kivikot ovat selke\u00e4sti kuvattuja kartassa. Tunturisuunnistukseen kuuluvat reitinvalinnat, joissa tulee kivikot rastinv\u00e4leill\u00e4 huomioida. Kivikoissa liikkuminen niin kuivalla ilmalla kuin sateisella s\u00e4\u00e4ll\u00e4 kannattaa vauhti sovittaa oikein, ollaan siis riitt\u00e4v\u00e4n varovaisia ja jarrutellaan v\u00e4h\u00e4n tuntureilta alas tullessa, koska my\u00f6s tunturivaivaiskoivujen varvut tarttuvat suunnistusjalkineisiin erityisen hyvin, kun askel alkaa madaltumaan.<\/p>\n<p>Ratojen suunnittelussa on pyritty huomioimaan sumun tai lumituiskun mahdollisuus. Ole kuitenkin erityisen varovainen ja huomioi jyrk\u00e4nteet liikkuessasi alasp\u00e4in, jos n\u00e4kyvyys on huono.<\/p>\n<p>Alueella on muutamia poroaitoja. Aidoissa on karttaan merkityt portit, mutta aidan eri kohdista p\u00e4\u00e4see alitse. Portista kuljettaessa portti on suljettava. Poroaidan saa alittaa my\u00f6s muualta. Poroaitaa ei saa ylitt\u00e4\u00e4. Ole varovainen poroaidan alituksissa.<\/p>\n<p>Muistutuksena, ett\u00e4 Me Suunnistajat olemme tunnetusti ymp\u00e4rist\u00f6st\u00e4\u00e4n huolta pit\u00e4vi\u00e4. Pidet\u00e4\u00e4n t\u00e4m\u00e4 asia edelleen mieless\u00e4. Jos jaksamme kantaa eri energiatuotteita mukana, niin jaksetaan ne paperit ja esim tyhj\u00e4t energiageelipakkaukset tuoda mukanamme pois maastosta.<\/p>\n<p>&nbsp;<\/p>\n<p><strong><em>Nautinnollista Tunturisuunnistusta<\/em><\/strong><\/p>\n<p><strong><em>Arto Vilppola, Alatornion Pirkat<\/em><\/strong><\/p>\n<p><strong><em>Kilpailun valvoja<\/em><\/strong><\/p>\n","protected":false},"excerpt":{"rendered":"<p>Valvojan lausunto J\u00e4rjestyksess\u00e4\u00e4n 36. Suomen Tunturisuunnistus k\u00e4yd\u00e4\u00e4n Saanan ymp\u00e4rist\u00f6n Jehkaksen &#8211; Ailakkavaaran upeissa maastoissa L\u00e4nsi-Rajan Rastin toimiessa j\u00e4rjestelyvastaavana. Paikka antaa mit\u00e4 parhaimmat suunnistuskokemukset ja -el\u00e4mykset mit\u00e4 tunturisuunnistukselta vaaditaan. Molempien p\u00e4iv\u00e4n l\u00e4ht\u00f6paikka on sama, josta avautuu Suomen 10 suurinta tunturia silmienne edess\u00e4nne, kun starttaatte kilpailuun. L\u00e4ht\u00f6paikalle siirtymiseen on syyt\u00e4 varata 45min aikaa, koska l\u00e4ht\u00f6paikalle johtaa pieni [&hellip;]<\/p>\n","protected":false},"author":15,"featured_media":0,"parent":0,"menu_order":0,"comment_status":"closed","ping_status":"closed","template":"","meta":{"footnotes":"","_links_to":"","_links_to_target":""},"_links":{"self":[{"href":"http:\/\/tunturisuunnistus.fi\/2019\/wp-json\/wp\/v2\/pages\/778"}],"collection":[{"href":"http:\/\/tunturisuunnistus.fi\/2019\/wp-json\/wp\/v2\/pages"}],"about":[{"href":"http:\/\/tunturisuunnistus.fi\/2019\/wp-json\/wp\/v2\/types\/page"}],"author":[{"embeddable":true,"href":"http:\/\/tunturisuunnistus.fi\/2019\/wp-json\/wp\/v2\/users\/15"}],"replies":[{"embeddable":true,"href":"http:\/\/tunturisuunnistus.fi\/2019\/wp-json\/wp\/v2\/comments?post=778"}],"version-history":[{"count":3,"href":"http:\/\/tunturisuunnistus.fi\/2019\/wp-json\/wp\/v2\/pages\/778\/revisions"}],"predecessor-version":[{"id":786,"href":"http:\/\/tunturisuunnistus.fi\/2019\/wp-json\/wp\/v2\/pages\/778\/revisions\/786"}],"wp:attachment":[{"href":"http:\/\/tunturisuunnistus.fi\/2019\/wp-json\/wp\/v2\/media?parent=778"}],"curies":[{"name":"wp","href":"https:\/\/api.w.org\/{rel}","templated":true}]}}