{"id":753,"date":"2019-07-06T23:04:14","date_gmt":"2019-07-06T20:04:14","guid":{"rendered":"http:\/\/tunturisuunnistus.fi\/2019\/?page_id=753"},"modified":"2019-07-30T17:11:03","modified_gmt":"2019-07-30T14:11:03","slug":"sarjat-ja-matkat","status":"publish","type":"page","link":"http:\/\/tunturisuunnistus.fi\/2019\/sarjat-ja-matkat\/","title":{"rendered":"Sarjat ja matkat"},"content":{"rendered":"\r\n<h1 class=\"wp-block-heading\"><strong>Alustavat sarjat ja matkat<\/strong><\/h1>\r\n\r\n\r\n\r\n<p><em><strong>Tunturisuunnistuksen alustavat matkat sarjoittain. Matkat t\u00e4smentyv\u00e4t hein\u00e4kuun loppupuolella.<\/strong><\/em><\/p>\r\n\r\n\r\n\r\n<table class=\"wp-block-table\">\r\n<tbody>\r\n<tr>\r\n<td><strong>Sarja<\/strong><\/td>\r\n<td><strong>Lauantai<\/strong><\/td>\r\n<td><strong>Sunnuntai<\/strong><\/td>\r\n<\/tr>\r\n<tr>\r\n<td>D21A<\/td>\r\n<td>18,5 km<\/td>\r\n<td>19,0 km<\/td>\r\n<\/tr>\r\n<tr>\r\n<td>D21C<\/td>\r\n<td>13,6 km<\/td>\r\n<td>12,9 km<\/td>\r\n<\/tr>\r\n<tr>\r\n<td>D32<\/td>\r\n<td>12,0 km<\/td>\r\n<td>12,1 km<\/td>\r\n<\/tr>\r\n<tr>\r\n<td>D38<\/td>\r\n<td>13,6 km<\/td>\r\n<td>12,9 km<\/td>\r\n<\/tr>\r\n<tr>\r\n<td>D80<\/td>\r\n<td>14,3 km<\/td>\r\n<td>14,0 km<\/td>\r\n<\/tr>\r\n<tr>\r\n<td>D95<\/td>\r\n<td>14,3 km<\/td>\r\n<td>14,0 km<\/td>\r\n<\/tr>\r\n<tr>\r\n<td>D110<\/td>\r\n<td>13,6 km<\/td>\r\n<td>12,9 km<\/td>\r\n<\/tr>\r\n<tr>\r\n<td>D125<\/td>\r\n<td>12,0 km<\/td>\r\n<td>12,1 km<\/td>\r\n<\/tr>\r\n<tr>\r\n<td>DA<\/td>\r\n<td>17,2 km<\/td>\r\n<td>17,7 km<\/td>\r\n<\/tr>\r\n<tr>\r\n<td>DB<\/td>\r\n<td>13,6 km<\/td>\r\n<td>12,9 km<\/td>\r\n<\/tr>\r\n<tr><\/tr>\r\n<tr>\r\n<td>H21A<\/td>\r\n<td>24,3 km<\/td>\r\n<td>24,4 km<\/td>\r\n<\/tr>\r\n<tr>\r\n<td>H21B<\/td>\r\n<td>21,9 km<\/td>\r\n<td>21,7 km<\/td>\r\n<\/tr>\r\n<tr>\r\n<td>H21C<\/td>\r\n<td>17,2 km<\/td>\r\n<td>17,7 km<\/td>\r\n<\/tr>\r\n<tr>\r\n<td>H32<\/td>\r\n<td>14,3 km<\/td>\r\n<td>14,0 km<\/td>\r\n<\/tr>\r\n<tr>\r\n<td>H38<\/td>\r\n<td>18,7 km<\/td>\r\n<td>18,9 km<\/td>\r\n<\/tr>\r\n<tr>\r\n<td>H80<\/td>\r\n<td>21,9 km<\/td>\r\n<td>21,7 km<\/td>\r\n<\/tr>\r\n<tr>\r\n<td>H95<\/td>\r\n<td>18,7 km<\/td>\r\n<td>18,9 km<\/td>\r\n<\/tr>\r\n<tr>\r\n<td>H110<\/td>\r\n<td>17,6 km<\/td>\r\n<td>18,5 km<\/td>\r\n<\/tr>\r\n<tr>\r\n<td>H125<\/td>\r\n<td>13,6 km<\/td>\r\n<td>12,9 km<\/td>\r\n<\/tr>\r\n<tr>\r\n<td>H140<\/td>\r\n<td>12,0 km<\/td>\r\n<td>12,1 km<\/td>\r\n<\/tr>\r\n<tr>\r\n<td>HA<\/td>\r\n<td>23,1 km<\/td>\r\n<td>24,5 km<\/td>\r\n<\/tr>\r\n<tr>\r\n<td>HB<\/td>\r\n<td>17,6 km<\/td>\r\n<td>18,5 km<\/td>\r\n<\/tr>\r\n<tr>\r\n<td>HDA<\/td>\r\n<td>18,5 km<\/td>\r\n<td>19,0 km<\/td>\r\n<\/tr>\r\n<tr>\r\n<td>HDB<\/td>\r\n<td>14,3 km<\/td>\r\n<td>14,0 km<\/td>\r\n<\/tr>\r\n<tr>\r\n<td>HDC<\/td>\r\n<td>12,0 km<\/td>\r\n<td>12,1 km<\/td>\r\n<\/tr>\r\n<tr>\r\n<td>KUNTO<\/td>\r\n<td>10,3 km<\/td>\r\n<td>9,4 km<\/td>\r\n<\/tr>\r\n<\/tbody>\r\n<\/table>\r\n\r\n\r\n\r\n<p><a href=\"http:\/\/tunturisuunnistus.fi\/2019\/wp-content\/uploads\/sites\/19\/yhteenveto-3.html\">Yhteenveto osallistujista<\/a><\/p>\r\n","protected":false},"excerpt":{"rendered":"<p>Alustavat sarjat ja matkat Tunturisuunnistuksen alustavat matkat sarjoittain. Matkat t\u00e4smentyv\u00e4t hein\u00e4kuun loppupuolella. Sarja Lauantai Sunnuntai D21A 18,5 km 19,0 km D21C 13,6 km 12,9 km D32 12,0 km 12,1 km D38 13,6 km 12,9 km D80 14,3 km 14,0 km D95 14,3 km 14,0 km D110 13,6 km 12,9 km D125 12,0 km 12,1 km [&hellip;]<\/p>\n","protected":false},"author":2,"featured_media":0,"parent":0,"menu_order":0,"comment_status":"closed","ping_status":"closed","template":"","meta":{"footnotes":"","_links_to":"","_links_to_target":""},"_links":{"self":[{"href":"http:\/\/tunturisuunnistus.fi\/2019\/wp-json\/wp\/v2\/pages\/753"}],"collection":[{"href":"http:\/\/tunturisuunnistus.fi\/2019\/wp-json\/wp\/v2\/pages"}],"about":[{"href":"http:\/\/tunturisuunnistus.fi\/2019\/wp-json\/wp\/v2\/types\/page"}],"author":[{"embeddable":true,"href":"http:\/\/tunturisuunnistus.fi\/2019\/wp-json\/wp\/v2\/users\/2"}],"replies":[{"embeddable":true,"href":"http:\/\/tunturisuunnistus.fi\/2019\/wp-json\/wp\/v2\/comments?post=753"}],"version-history":[{"count":7,"href":"http:\/\/tunturisuunnistus.fi\/2019\/wp-json\/wp\/v2\/pages\/753\/revisions"}],"predecessor-version":[{"id":857,"href":"http:\/\/tunturisuunnistus.fi\/2019\/wp-json\/wp\/v2\/pages\/753\/revisions\/857"}],"wp:attachment":[{"href":"http:\/\/tunturisuunnistus.fi\/2019\/wp-json\/wp\/v2\/media?parent=753"}],"curies":[{"name":"wp","href":"https:\/\/api.w.org\/{rel}","templated":true}]}}