{"id":741,"date":"2019-06-27T17:57:54","date_gmt":"2019-06-27T14:57:54","guid":{"rendered":"http:\/\/tunturisuunnistus.fi\/2019\/?page_id=741"},"modified":"2019-07-27T20:32:46","modified_gmt":"2019-07-27T17:32:46","slug":"muksula","status":"publish","type":"page","link":"http:\/\/tunturisuunnistus.fi\/2019\/muksula\/","title":{"rendered":"Muksula"},"content":{"rendered":"\r\n<h1 class=\"wp-block-heading\">Muksula<\/h1>\r\n\r\n\r\n\r\n<p>Muksula on t\u00e4ynn\u00e4. Muksulaan tuleville on l\u00e4hetetty infoa. Muksula sijaitsee kilpailukeskuksessa.<\/p>\r\n\r\n\r\n\r\n<p>\u2014-<\/p>\r\n\r\n\r\n\r\n<p>Muksula j\u00e4rjestyy rajallisin resurssein. Sitovat ilmoittautumiset 29.7.2019 menness\u00e4, mutta paikat t\u00e4ytet\u00e4\u00e4n ilmoittautumisj\u00e4rjestyksess\u00e4. Paikkojen lopullinen m\u00e4\u00e4r\u00e4 riippuu hieman lasten i\u00e4st\u00e4. Muksulan hinta on 5 euroa p\u00e4iv\u00e4lt\u00e4 per lapsi. Maksu k\u00e4teisell\u00e4 paikanp\u00e4\u00e4ll\u00e4. Lapselle voi laittaa mukaan omat ev\u00e4\u00e4t. Lis\u00e4tietoa sijainnista tulee my\u00f6hemmin.<\/p>\r\n\r\n\r\n\r\n<p>Ilmoittautumiset: hiltunen.johanna75@gmail.com<\/p>\r\n","protected":false},"excerpt":{"rendered":"<p>Muksula Muksula on t\u00e4ynn\u00e4. Muksulaan tuleville on l\u00e4hetetty infoa. Muksula sijaitsee kilpailukeskuksessa. \u2014- Muksula j\u00e4rjestyy rajallisin resurssein. Sitovat ilmoittautumiset 29.7.2019 menness\u00e4, mutta paikat t\u00e4ytet\u00e4\u00e4n ilmoittautumisj\u00e4rjestyksess\u00e4. Paikkojen lopullinen m\u00e4\u00e4r\u00e4 riippuu hieman lasten i\u00e4st\u00e4. Muksulan hinta on 5 euroa p\u00e4iv\u00e4lt\u00e4 per lapsi. Maksu k\u00e4teisell\u00e4 paikanp\u00e4\u00e4ll\u00e4. Lapselle voi laittaa mukaan omat ev\u00e4\u00e4t. Lis\u00e4tietoa sijainnista tulee my\u00f6hemmin. Ilmoittautumiset: hiltunen.johanna75@gmail.com<\/p>\n","protected":false},"author":15,"featured_media":0,"parent":0,"menu_order":0,"comment_status":"closed","ping_status":"closed","template":"","meta":{"footnotes":"","_links_to":"","_links_to_target":""},"_links":{"self":[{"href":"http:\/\/tunturisuunnistus.fi\/2019\/wp-json\/wp\/v2\/pages\/741"}],"collection":[{"href":"http:\/\/tunturisuunnistus.fi\/2019\/wp-json\/wp\/v2\/pages"}],"about":[{"href":"http:\/\/tunturisuunnistus.fi\/2019\/wp-json\/wp\/v2\/types\/page"}],"author":[{"embeddable":true,"href":"http:\/\/tunturisuunnistus.fi\/2019\/wp-json\/wp\/v2\/users\/15"}],"replies":[{"embeddable":true,"href":"http:\/\/tunturisuunnistus.fi\/2019\/wp-json\/wp\/v2\/comments?post=741"}],"version-history":[{"count":5,"href":"http:\/\/tunturisuunnistus.fi\/2019\/wp-json\/wp\/v2\/pages\/741\/revisions"}],"predecessor-version":[{"id":782,"href":"http:\/\/tunturisuunnistus.fi\/2019\/wp-json\/wp\/v2\/pages\/741\/revisions\/782"}],"wp:attachment":[{"href":"http:\/\/tunturisuunnistus.fi\/2019\/wp-json\/wp\/v2\/media?parent=741"}],"curies":[{"name":"wp","href":"https:\/\/api.w.org\/{rel}","templated":true}]}}