{"id":665,"date":"2019-03-30T16:31:37","date_gmt":"2019-03-30T14:31:37","guid":{"rendered":"http:\/\/tunturisuunnistus.fi\/2019\/?page_id=665"},"modified":"2019-07-06T23:06:32","modified_gmt":"2019-07-06T20:06:32","slug":"kilpailukutsu","status":"publish","type":"page","link":"http:\/\/tunturisuunnistus.fi\/2019\/kilpailukutsu\/","title":{"rendered":"Kilpailukutsu"},"content":{"rendered":"\n<h1 class=\"wp-block-heading\"><strong>Kilpailukutsu<\/strong><\/h1>\n\n\n\n<p><strong>Suomen Tunturisuunnistus Kilpisj\u00e4rvell\u00e4 3.-4.8.2019<\/strong><\/p>\n\n\n\n<p><strong>Sarjat<\/strong><\/p>\n\n\n\n<p><strong>Parisarjat<\/strong>: H\/D21A, H21B, H\/D21C, H\/D80, H\/D95, H\/D110, H\/D125, H140, H\/D38, H\/D32. Sarjoissa 32 ja 38 yhteisik\u00e4 enint\u00e4\u00e4n 32 tai 38 vuotta ja sarjoissa 80, 95, 110, 125, 140 yhteisik\u00e4 v\u00e4hint\u00e4\u00e4n 80, 95, 110, 125, 140 vuotta.<\/p>\n\n\n\n<p><strong>Sekaparisarjat<\/strong>: H\/DA, H\/DB, H\/DC. Ik\u00e4hyvitys 1 min\/ vuosi, kun parin yhteisik\u00e4 ylitt\u00e4\u00e4 80 vuotta. Sarjoihin ilmoittauduttaessa on ilmoitettava syntym\u00e4vuodet.<\/p>\n\n\n\n<p><strong>Henkil\u00f6kohtaiset sarjat<\/strong>: H\/DA, H\/DB.<\/p>\n\n\n\n<p><strong>Kuntosarja<\/strong>: KUNTOPARI ja KUNTOHENK sarjassa voi suunnistaa yksin tai parin kanssa. Matka n. 10 km. Kaikkiin sarjoihin voi osallistua ilman lisenssi\u00e4. Kuntosarjaan voi osallistua my\u00f6s kisapaikalla.<\/p>\n\n\n\n<p><strong>Matkat<\/strong><\/p>\n\n\n\n<p>Erikoispitk\u00e4t matkat, joissa tavoiteajat sarjoissa H21 2,5 h ja D21 2 h. Muiden sarjojen matkat suhteutettuna n\u00e4ihin.&nbsp;Kaikkien sarjojen ratapituudet tarkentuvat ratamestarity\u00f6n edistyess\u00e4.<\/p>\n\n\n\n<p><strong>Osallistumismaksut<\/strong><\/p>\n\n\n\n<p>Parisarjat 68 \u20ac\/ pari, nuorten sarjat 60 \u20ac\/pari, henkil\u00f6kohtaiset sarjat 34,00 \u20ac\/ henkil\u00f6, kuntosarja 60,00 \u20ac\/ pari ja 30,00 \u20ac\/ henkil\u00f6. Yhden p\u00e4iv\u00e4n maksu on puolet edellisist\u00e4.J\u00e4lki-ilmoittautuminen1,5-kertaisin osanottomaksuin. Kuntosarja kisapaikalla 25 \u20ac\/henkil\u00f6\/p\u00e4iv\u00e4.<\/p>\n\n\n\n<p><strong>Ilmoittautuminen<\/strong><\/p>\n\n\n\n<p>EnsisijaisestiIRMA-j\u00e4rjestelm\u00e4n kautta to 25.7.klo 24.00 menness\u00e4. Tunturisuunnistukseen 2019 voi IRMAssa ilmoittautua vain molemmille p\u00e4iville. Ilmoittautuminen tehd\u00e4\u00e4n ensimm\u00e4isen kilpailup\u00e4iv\u00e4n 3.8.2019 kautta (toisen kilpailup\u00e4iv\u00e4n 4.8. kautta ei voi ilmoittautua).&nbsp;<strong>My\u00f6s osanottajien, joilla ei ole lisenssi\u00e4, tulee rekister\u00f6ity\u00e4&nbsp;<a href=\"https:\/\/irma.suunnistusliitto.fi\/irma\/public\/competitioncalendar\/view\">IRMAan<\/a> ja ilmoittautua sen kautta.<\/strong>&nbsp; Rekister\u00f6ityminen IRMAan ei vaadi lisenssin lunastamista. Osallistuminen maksetaan Irman kautta samanaikaisesti ilmoittautumisen kanssa.<\/p>\n\n\n\n<p>Ilmoittautuminen <strong>vain yhdelle p\u00e4iv\u00e4lle<\/strong> s\u00e4hk\u00f6postilla osoitteeseen&nbsp;<a>daniel.lehtonen(a)pp.inet.fi <\/a>25.7. klo 24.00 menness\u00e4, maksu samanaikaisesti L\u00e4nsi-Rajan Rastin tilille FI9055330040029998.<\/p>\n\n\n\n<p><strong>J\u00e4lki-ilmoittautuminen<\/strong><\/p>\n\n\n\n<p>Maanantaihin29.7. 24.00 menness\u00e4 Irman kautta. Mahdolliset Emit- numeromuutokset ja yhden p\u00e4iv\u00e4n j\u00e4lki-ilmoittautumiset s\u00e4hk\u00f6postilla osoitteeseen&nbsp;<a>daniel.lehtonen(a)pp.inet.fi <\/a>maanantaihin&nbsp;29.7.2019 klo 24.00 menness\u00e4. Ilmoittautumisten ep\u00e4selvyyksiss\u00e4 yhteys suoraan Daniel Lehtoseen.<\/p>\n\n\n\n<p><strong>L\u00e4hd\u00f6t<\/strong><br>La 3.8. yhteisl\u00e4ht\u00f6 klo 13.00.&nbsp;<br>Su 4.8.&nbsp;takaa-ajol\u00e4ht\u00f6klo 10.00. Kuntosuunnistuksen yhteisl\u00e4ht\u00f6 klo 11.00.<\/p>\n\n\n\n<p><strong>Leimaus<\/strong><\/p>\n\n\n\n<p>Emit-leimaus. Ilmoittautumisen yhteydess\u00e4 ilmoitettava kilpailijoiden Emit-numerot. Ilmoittamatta j\u00e4tt\u00e4neille varataan vuokrakortti, jonka saa infosta k\u00e4teisell\u00e4 hintaan 5 \u20ac\/p\u00e4iv\u00e4. Parisarjoissa molempien kilpailijoiden tulee k\u00e4ytt\u00e4\u00e4 Emit-korttia.&nbsp;<\/p>\n\n\n\n<p><strong>Kilpailukeskus<\/strong><\/p>\n\n\n\n<p>Kilpisj\u00e4rven luontokeskus, K\u00e4sivarrentie 14145, 99490 Enonteki\u00f6. Pys\u00e4k\u00f6inti kauempaa tuleville kilpailukeskuksen l\u00e4heisyydess\u00e4.&nbsp;<\/p>\n\n\n\n<p><strong>Kartta<\/strong><\/p>\n\n\n\n<p>Tunturisuunnistuskartta 1:25 000 tai 1:30 000, k\u00e4yr\u00e4v\u00e4li 5 m. Tulostekartta.<\/p>\n\n\n\n<p><strong>Maasto<\/strong><\/p>\n\n\n\n<p>Kilpisj\u00e4rven tunturialue.&nbsp;<\/p>\n\n\n\n<p><strong>GPS-seuranta<\/strong><\/p>\n\n\n\n<p>Mahdollisesti sarjoissa H\/D21A, HDA ja henkil\u00f6kohtaisissa sarjoissa H\/DA.<\/p>\n\n\n\n<p><strong>Palkinnot<\/strong><\/p>\n\n\n\n<p>Palkinnot jaetaan yhteistulosten perusteella.&nbsp;Kuntosarjoissa on arvontapalkintoja.<\/p>\n\n\n\n<p><strong>Muksula<\/strong><\/p>\n\n\n\n<p>Selvitell\u00e4\u00e4n mahdollisuutta.&nbsp;<\/p>\n\n\n\n<p><strong>Kilpailun johtaja\/tiedottaja<\/strong> Niina Jaako, <a>njaako(a)gmail.com<\/a>, 0504144119<\/p>\n\n\n\n<p><strong>Ratamestariryhm\u00e4n johtaja<\/strong> Jorma Pietil\u00e4inen, <a>jormapietilainen20(a)gmail.com<\/a>, 0400391419&nbsp;<\/p>\n\n\n\n<p>&nbsp;<strong>Valvoja<\/strong> Arto Vilppola, AlatPi<\/p>\n\n\n\n<p>Tervetuloa!<\/p>\n","protected":false},"excerpt":{"rendered":"<p>Kilpailukutsu Suomen Tunturisuunnistus Kilpisj\u00e4rvell\u00e4 3.-4.8.2019 Sarjat Parisarjat: H\/D21A, H21B, H\/D21C, H\/D80, H\/D95, H\/D110, H\/D125, H140, H\/D38, H\/D32. Sarjoissa 32 ja 38 yhteisik\u00e4 enint\u00e4\u00e4n 32 tai 38 vuotta ja sarjoissa 80, 95, 110, 125, 140 yhteisik\u00e4 v\u00e4hint\u00e4\u00e4n 80, 95, 110, 125, 140 vuotta. Sekaparisarjat: H\/DA, H\/DB, H\/DC. Ik\u00e4hyvitys 1 min\/ vuosi, kun parin yhteisik\u00e4 ylitt\u00e4\u00e4 80 [&hellip;]<\/p>\n","protected":false},"author":15,"featured_media":0,"parent":0,"menu_order":0,"comment_status":"closed","ping_status":"closed","template":"","meta":{"footnotes":"","_links_to":"","_links_to_target":""},"_links":{"self":[{"href":"http:\/\/tunturisuunnistus.fi\/2019\/wp-json\/wp\/v2\/pages\/665"}],"collection":[{"href":"http:\/\/tunturisuunnistus.fi\/2019\/wp-json\/wp\/v2\/pages"}],"about":[{"href":"http:\/\/tunturisuunnistus.fi\/2019\/wp-json\/wp\/v2\/types\/page"}],"author":[{"embeddable":true,"href":"http:\/\/tunturisuunnistus.fi\/2019\/wp-json\/wp\/v2\/users\/15"}],"replies":[{"embeddable":true,"href":"http:\/\/tunturisuunnistus.fi\/2019\/wp-json\/wp\/v2\/comments?post=665"}],"version-history":[{"count":15,"href":"http:\/\/tunturisuunnistus.fi\/2019\/wp-json\/wp\/v2\/pages\/665\/revisions"}],"predecessor-version":[{"id":760,"href":"http:\/\/tunturisuunnistus.fi\/2019\/wp-json\/wp\/v2\/pages\/665\/revisions\/760"}],"wp:attachment":[{"href":"http:\/\/tunturisuunnistus.fi\/2019\/wp-json\/wp\/v2\/media?parent=665"}],"curies":[{"name":"wp","href":"https:\/\/api.w.org\/{rel}","templated":true}]}}