{"id":501,"date":"2018-06-11T19:14:54","date_gmt":"2018-06-11T16:14:54","guid":{"rendered":"http:\/\/tunturisuunnistus.fi\/2018\/?page_id=501"},"modified":"2018-08-04T20:49:04","modified_gmt":"2018-08-04T17:49:04","slug":"kilpailuohjeet","status":"publish","type":"page","link":"http:\/\/tunturisuunnistus.fi\/2018\/kilpailuohjeet\/","title":{"rendered":"Kilpailuohjeet"},"content":{"rendered":"<p><a href=\"http:\/\/tunturisuunnistus.fi\/2018\/wp-content\/uploads\/sites\/18\/Kilpailuohjeet_Tunturisuunnistus-2018_v08-01.pdf\">Kilpailuohjeet_Tunturisuunnistus 2018_v08-01<\/a><\/p>\n<p>Molempina p\u00e4ivin\u00e4 k\u00e4ytet\u00e4\u00e4n oheisen kaavion mukaista l\u00e4ht\u00f6ryhmityst\u00e4. Kilpailunumeron mukainen l\u00e4ht\u00f6rivi on hyv\u00e4 katsoa ja painaa muistiin etuk\u00e4teen.<\/p>\n<p><a href=\"http:\/\/tunturisuunnistus.fi\/2018\/wp-content\/uploads\/sites\/18\/L\u00e4ht\u00f6ryhmitys-Tunturisuunnistus-2018.pdf\">L\u00e4ht\u00f6ryhmitys Tunturisuunnistus 2018<\/a><\/p>\n<p><a href=\"http:\/\/tunturisuunnistus.fi\/2018\/wp-content\/uploads\/sites\/18\/Tunturisuunnistus-2018-ratataulukko-2.pdf\">Tunturisuunnistus 2018 ratataulukko<\/a><\/p>\n<p><a href=\"http:\/\/tunturisuunnistus.fi\/2018\/wp-content\/uploads\/sites\/18\/gpslista_1pv.pdf\">gpslista_1pv<\/a><\/p>\n<p><a href=\"http:\/\/tunturisuunnistus.fi\/2018\/wp-content\/uploads\/sites\/18\/gpslista_2pv.pdf\">gpslista_2pv<\/a><\/p>\n<p><a href=\"http:\/\/tunturisuunnistus.fi\/2018\/wp-content\/uploads\/sites\/18\/Palkittavat.pdf\">Palkittavat<\/a><\/p>\n<p>&nbsp;<\/p>\n<p>&nbsp;<\/p>\n","protected":false},"excerpt":{"rendered":"<p>Kilpailuohjeet_Tunturisuunnistus 2018_v08-01 Molempina p\u00e4ivin\u00e4 k\u00e4ytet\u00e4\u00e4n oheisen kaavion mukaista l\u00e4ht\u00f6ryhmityst\u00e4. Kilpailunumeron mukainen l\u00e4ht\u00f6rivi on hyv\u00e4 katsoa ja painaa muistiin etuk\u00e4teen. L\u00e4ht\u00f6ryhmitys Tunturisuunnistus 2018 Tunturisuunnistus 2018 ratataulukko gpslista_1pv gpslista_2pv Palkittavat &nbsp; &nbsp;<\/p>\n","protected":false},"author":14,"featured_media":0,"parent":0,"menu_order":0,"comment_status":"closed","ping_status":"closed","template":"","meta":{"footnotes":"","_links_to":"","_links_to_target":""},"_links":{"self":[{"href":"http:\/\/tunturisuunnistus.fi\/2018\/wp-json\/wp\/v2\/pages\/501"}],"collection":[{"href":"http:\/\/tunturisuunnistus.fi\/2018\/wp-json\/wp\/v2\/pages"}],"about":[{"href":"http:\/\/tunturisuunnistus.fi\/2018\/wp-json\/wp\/v2\/types\/page"}],"author":[{"embeddable":true,"href":"http:\/\/tunturisuunnistus.fi\/2018\/wp-json\/wp\/v2\/users\/14"}],"replies":[{"embeddable":true,"href":"http:\/\/tunturisuunnistus.fi\/2018\/wp-json\/wp\/v2\/comments?post=501"}],"version-history":[{"count":10,"href":"http:\/\/tunturisuunnistus.fi\/2018\/wp-json\/wp\/v2\/pages\/501\/revisions"}],"predecessor-version":[{"id":615,"href":"http:\/\/tunturisuunnistus.fi\/2018\/wp-json\/wp\/v2\/pages\/501\/revisions\/615"}],"wp:attachment":[{"href":"http:\/\/tunturisuunnistus.fi\/2018\/wp-json\/wp\/v2\/media?parent=501"}],"curies":[{"name":"wp","href":"https:\/\/api.w.org\/{rel}","templated":true}]}}